{"id":7638,"date":"2023-01-26T12:16:17","date_gmt":"2023-01-26T12:16:17","guid":{"rendered":"https:\/\/www.sgtmartinho.com\/?post_type=product&#038;p=7638"},"modified":"2024-02-12T16:51:52","modified_gmt":"2024-02-12T16:51:52","slug":"cold-brew-water-dripper-drop-hario","status":"publish","type":"product","link":"https:\/\/staging.sgtmartinho.com\/es\/loja\/cold-brew-water-dripper-drop-hario\/","title":{"rendered":"Cold-Brew Water Dripper Drop Hario"},"content":{"rendered":"","protected":false},"excerpt":{"rendered":"<p>Fa\u00e7a um delicioso caf\u00e9 gelado (cold-brew) com o Water Dripper Drop da Hario.<\/p>\n<p>Basta colocar o caf\u00e9 mo\u00eddo no dripper e a \u00e1gua no recipiente superior para obter caf\u00e9 fresco dentro de 45 a 60 minutos.<\/p>\n<p>O design e tamanho do Water Dripper Drop s\u00e3o ideais para colocar no frigor\u00edfico.<\/p>\n<p>&nbsp;<\/p>\n<p>Caracter\u00edsticas especiais:<\/p>\n<ol>\n<li>A silhueta estreita cabe perfeitamente num frigor\u00edfico.<\/li>\n<li>Para al\u00e9m do caf\u00e9, pode fazer ch\u00e1 verde ou outro tipo de ch\u00e1 frio.<\/li>\n<\/ol>\n<p>&nbsp;<\/p>\n<p><strong>Detalhes do Produto:<br \/>\n<\/strong>WDD-5-PGR<br \/>\nTamanho: W107 \u00d7 D102 \u00d7 H304mm<br \/>\nCapacidade: 600ml (5cups)<\/p>\n<p>Material:<br \/>\nTampa, ta\u00e7a superior: Resina AA<br \/>\nEmbalagem, suporte interior, suporte do coador: Borracha de silicone<br \/>\nPe\u00e7a de extra\u00e7\u00e3o (Coador): Polipropileno<br \/>\nTa\u00e7a inferior: Vidro \u00e0 prova de calor<\/p>\n<p>&nbsp;<\/p>\n<p>Fabricado no Jap\u00e3o.<\/p>\n","protected":false},"featured_media":8595,"template":"","meta":[],"product_brand":[],"product_cat":[58,180],"product_tag":[186,187,181,182,183],"class_list":{"0":"post-7638","1":"product","2":"type-product","3":"status-publish","4":"has-post-thumbnail","6":"brands-hario","7":"product_cat-equipamento","8":"product_cat-cold-brew","9":"product_tag-water-dripper-drop","10":"product_tag-coffee","11":"product_tag-hario","12":"product_tag-cold-brew","13":"product_tag-dripper","15":"first","16":"instock","17":"taxable","18":"shipping-taxable","19":"purchasable","20":"product-type-simple"},"_links":{"self":[{"href":"https:\/\/staging.sgtmartinho.com\/es\/wp-json\/wp\/v2\/product\/7638","targetHints":{"allow":["GET"]}}],"collection":[{"href":"https:\/\/staging.sgtmartinho.com\/es\/wp-json\/wp\/v2\/product"}],"about":[{"href":"https:\/\/staging.sgtmartinho.com\/es\/wp-json\/wp\/v2\/types\/product"}],"wp:featuredmedia":[{"embeddable":true,"href":"https:\/\/staging.sgtmartinho.com\/es\/wp-json\/wp\/v2\/media\/8595"}],"wp:attachment":[{"href":"https:\/\/staging.sgtmartinho.com\/es\/wp-json\/wp\/v2\/media?parent=7638"}],"wp:term":[{"taxonomy":"product_brand","embeddable":true,"href":"https:\/\/staging.sgtmartinho.com\/es\/wp-json\/wp\/v2\/product_brand?post=7638"},{"taxonomy":"product_cat","embeddable":true,"href":"https:\/\/staging.sgtmartinho.com\/es\/wp-json\/wp\/v2\/product_cat?post=7638"},{"taxonomy":"product_tag","embeddable":true,"href":"https:\/\/staging.sgtmartinho.com\/es\/wp-json\/wp\/v2\/product_tag?post=7638"}],"curies":[{"name":"wp","href":"https:\/\/api.w.org\/{rel}","templated":true}]}}