{"id":6785,"date":"2022-11-15T15:59:38","date_gmt":"2022-11-15T15:59:38","guid":{"rendered":"https:\/\/www.sgtmartinho.com\/shop\/bestmax-premium-xl-bwt\/"},"modified":"2024-02-12T16:51:44","modified_gmt":"2024-02-12T16:51:44","slug":"bestmax-premium-xl-bwt","status":"publish","type":"product","link":"https:\/\/staging.sgtmartinho.com\/es\/loja\/bestmax-premium-xl-bwt\/","title":{"rendered":"Bestmax Premium XL BWT"},"content":{"rendered":"","protected":false},"excerpt":{"rendered":"<p>Filtro c\/ adi\u00e7\u00e3o de Magn\u00e9sio. Requer troca a cada 9-12 meses<\/p>\n","protected":false},"featured_media":6546,"template":"","meta":[],"product_brand":[],"product_cat":[88],"product_tag":[],"class_list":{"0":"post-6785","1":"product","2":"type-product","3":"status-publish","4":"has-post-thumbnail","6":"brands-bwt","7":"product_cat-acessorios","9":"first","10":"instock","11":"taxable","12":"shipping-taxable","13":"purchasable","14":"product-type-simple"},"_links":{"self":[{"href":"https:\/\/staging.sgtmartinho.com\/es\/wp-json\/wp\/v2\/product\/6785","targetHints":{"allow":["GET"]}}],"collection":[{"href":"https:\/\/staging.sgtmartinho.com\/es\/wp-json\/wp\/v2\/product"}],"about":[{"href":"https:\/\/staging.sgtmartinho.com\/es\/wp-json\/wp\/v2\/types\/product"}],"wp:featuredmedia":[{"embeddable":true,"href":"https:\/\/staging.sgtmartinho.com\/es\/wp-json\/wp\/v2\/media\/6546"}],"wp:attachment":[{"href":"https:\/\/staging.sgtmartinho.com\/es\/wp-json\/wp\/v2\/media?parent=6785"}],"wp:term":[{"taxonomy":"product_brand","embeddable":true,"href":"https:\/\/staging.sgtmartinho.com\/es\/wp-json\/wp\/v2\/product_brand?post=6785"},{"taxonomy":"product_cat","embeddable":true,"href":"https:\/\/staging.sgtmartinho.com\/es\/wp-json\/wp\/v2\/product_cat?post=6785"},{"taxonomy":"product_tag","embeddable":true,"href":"https:\/\/staging.sgtmartinho.com\/es\/wp-json\/wp\/v2\/product_tag?post=6785"}],"curies":[{"name":"wp","href":"https:\/\/api.w.org\/{rel}","templated":true}]}}