{"id":6780,"date":"2022-11-15T15:59:37","date_gmt":"2022-11-15T15:59:37","guid":{"rendered":"https:\/\/www.sgtmartinho.com\/shop\/portafiltro-aeropress\/"},"modified":"2024-02-12T16:51:43","modified_gmt":"2024-02-12T16:51:43","slug":"portafiltro-aeropress","status":"publish","type":"product","link":"https:\/\/staging.sgtmartinho.com\/es\/loja\/portafiltro-aeropress\/","title":{"rendered":"Portafiltro Aeropress"},"content":{"rendered":"","protected":false},"excerpt":{"rendered":"<p>Pe\u00e7as de substitui\u00e7\u00e3o<\/p>\n","protected":false},"featured_media":7983,"template":"","meta":[],"product_brand":[],"product_cat":[88],"product_tag":[197],"class_list":{"0":"post-6780","1":"product","2":"type-product","3":"status-publish","4":"has-post-thumbnail","6":"brands-aeropress","7":"product_cat-acessorios","8":"product_tag-aeropress","10":"first","11":"instock","12":"taxable","13":"shipping-taxable","14":"purchasable","15":"product-type-simple"},"_links":{"self":[{"href":"https:\/\/staging.sgtmartinho.com\/es\/wp-json\/wp\/v2\/product\/6780","targetHints":{"allow":["GET"]}}],"collection":[{"href":"https:\/\/staging.sgtmartinho.com\/es\/wp-json\/wp\/v2\/product"}],"about":[{"href":"https:\/\/staging.sgtmartinho.com\/es\/wp-json\/wp\/v2\/types\/product"}],"wp:featuredmedia":[{"embeddable":true,"href":"https:\/\/staging.sgtmartinho.com\/es\/wp-json\/wp\/v2\/media\/7983"}],"wp:attachment":[{"href":"https:\/\/staging.sgtmartinho.com\/es\/wp-json\/wp\/v2\/media?parent=6780"}],"wp:term":[{"taxonomy":"product_brand","embeddable":true,"href":"https:\/\/staging.sgtmartinho.com\/es\/wp-json\/wp\/v2\/product_brand?post=6780"},{"taxonomy":"product_cat","embeddable":true,"href":"https:\/\/staging.sgtmartinho.com\/es\/wp-json\/wp\/v2\/product_cat?post=6780"},{"taxonomy":"product_tag","embeddable":true,"href":"https:\/\/staging.sgtmartinho.com\/es\/wp-json\/wp\/v2\/product_tag?post=6780"}],"curies":[{"name":"wp","href":"https:\/\/api.w.org\/{rel}","templated":true}]}}