{"id":6778,"date":"2022-11-15T15:59:36","date_gmt":"2022-11-15T15:59:36","guid":{"rendered":"https:\/\/www.sgtmartinho.com\/shop\/pearl-black-acaia\/"},"modified":"2024-02-12T16:51:40","modified_gmt":"2024-02-12T16:51:40","slug":"acaia-pearl-black","status":"publish","type":"product","link":"https:\/\/staging.sgtmartinho.com\/es\/loja\/acaia-pearl-black\/","title":{"rendered":"Balan\u00e7a Pearl Black Acaia"},"content":{"rendered":"<p><iframe title=\"Introducing the Pearl, Reimagined\" width=\"500\" height=\"281\" src=\"https:\/\/www.youtube.com\/embed\/v7Rb-4onMgg?feature=oembed\" frameborder=\"0\" allow=\"accelerometer; autoplay; clipboard-write; encrypted-media; gyroscope; picture-in-picture; web-share\" referrerpolicy=\"strict-origin-when-cross-origin\" allowfullscreen><\/iframe><\/p>\n","protected":false},"excerpt":{"rendered":"<p>Conhe\u00e7a a premiada e c\u00e9lebre balan\u00e7a Acaia Pearl.<\/p>\n<p>&nbsp;<\/p>\n<p>A Acaia Pearl tem todas as caracter\u00edsticas cl\u00e1ssicas que os utilizadores, especialmente baristas, adoram. Agora com um design ainda mais atencioso para tornar a elabora\u00e7\u00e3o de caf\u00e9 uma experi\u00eancia de precis\u00e3o, prazer e facilidade. Eleve as suas capacidades de medi\u00e7\u00e3o ao n\u00edvel mais alto com o indicador de fluxo em tempo real e outros modos adicionais. Ou, mantenha-se simples e fiel ao controlo do peso e do tempo \u00e0 medida que faz o seu caf\u00e9 &#8211; a escolha \u00e9 sua e as possibilidades s\u00e3o infinitas.<\/p>\n<p>&nbsp;<\/p>\n<p>Caracter\u00edsticas Not\u00e1veis:<\/p>\n<ul>\n<li>O visor da Acaia Pearl ensina-lhe a controlar o seu verter em tempo real, melhorando a sua precis\u00e3o ao fazer caf\u00e9, e alcan\u00e7ando sempre os melhores pontos de extra\u00e7\u00e3o.<\/li>\n<li>Com a nova tecnologia de medi\u00e7\u00e3o, a Acaia Pearl estabiliza mais rapidamente e com maior precis\u00e3o durante a prepara\u00e7\u00e3o de caf\u00e9, poupando tempo precioso para baristas atarefados.<\/li>\n<li>Com brilho ajust\u00e1vel, o visor \u00e9 f\u00e1cil de ler em todas as condi\u00e7\u00f5es de luz interior. A luminosidade melhorada permite tamb\u00e9m uma melhor visibilidade no exterior.<\/li>\n<\/ul>\n<p>&nbsp;<\/p>\n<p>Esta \u00e9 a vers\u00e3o Pearl Black. Se procura a vers\u00e3o Pearl White, pode encontr\u00e1-la <a href=\"https:\/\/staging.sgtmartinho.com\/loja\/acaia-pearl-white\/\" target=\"_blank\" rel=\"noopener\">aqui<\/a>. E se procura o modelo Lunar, pode encontr\u00e1-lo <a href=\"https:\/\/staging.sgtmartinho.com\/loja\/acaia-lunar\/\" target=\"_blank\" rel=\"noopener\">aqui<\/a>.<\/p>\n<p>&nbsp;<\/p>\n<p><strong>Detalhes do Produto:<\/strong><br \/>\nAP004AT<br \/>\nCor: Preto<br \/>\nPeso: 500g<br \/>\nDimens\u00f5es: 160mm x 160mm x 32mm<br \/>\nCapacidade M\u00e1xima: 2000g<br \/>\nPeso M\u00ednimo: 0.1g<br \/>\nDura\u00e7\u00e3o de Bateria: 30-40 horas<br \/>\nConectividade: Bluetooth 5.0<\/p>\n<p>&nbsp;<\/p>\n<p>Este produto inclui: Balan\u00e7a Pearl Black da Acaia; borracha resistente ao calor; carregador USB Tipo C.<\/p>\n","protected":false},"featured_media":7924,"template":"","meta":[],"product_brand":[],"product_cat":[88],"product_tag":[207,205],"class_list":{"0":"post-6778","1":"product","2":"type-product","3":"status-publish","4":"has-post-thumbnail","6":"brands-acaia","7":"product_cat-acessorios","8":"product_tag-balanca","9":"product_tag-acaia-scale-balanca-coffee-specialtycoffee-pearlblack","11":"first","12":"instock","13":"taxable","14":"shipping-taxable","15":"purchasable","16":"product-type-simple"},"_links":{"self":[{"href":"https:\/\/staging.sgtmartinho.com\/es\/wp-json\/wp\/v2\/product\/6778","targetHints":{"allow":["GET"]}}],"collection":[{"href":"https:\/\/staging.sgtmartinho.com\/es\/wp-json\/wp\/v2\/product"}],"about":[{"href":"https:\/\/staging.sgtmartinho.com\/es\/wp-json\/wp\/v2\/types\/product"}],"wp:featuredmedia":[{"embeddable":true,"href":"https:\/\/staging.sgtmartinho.com\/es\/wp-json\/wp\/v2\/media\/7924"}],"wp:attachment":[{"href":"https:\/\/staging.sgtmartinho.com\/es\/wp-json\/wp\/v2\/media?parent=6778"}],"wp:term":[{"taxonomy":"product_brand","embeddable":true,"href":"https:\/\/staging.sgtmartinho.com\/es\/wp-json\/wp\/v2\/product_brand?post=6778"},{"taxonomy":"product_cat","embeddable":true,"href":"https:\/\/staging.sgtmartinho.com\/es\/wp-json\/wp\/v2\/product_cat?post=6778"},{"taxonomy":"product_tag","embeddable":true,"href":"https:\/\/staging.sgtmartinho.com\/es\/wp-json\/wp\/v2\/product_tag?post=6778"}],"curies":[{"name":"wp","href":"https:\/\/api.w.org\/{rel}","templated":true}]}}