{"id":6774,"date":"2022-11-15T15:59:35","date_gmt":"2022-11-15T15:59:35","guid":{"rendered":"https:\/\/www.sgtmartinho.com\/shop\/filtros-de-papel-para-sifao-balao-hario\/"},"modified":"2024-02-12T16:51:40","modified_gmt":"2024-02-12T16:51:40","slug":"filtros-de-papel-para-sifao-balao-hario","status":"publish","type":"product","link":"https:\/\/staging.sgtmartinho.com\/es\/loja\/filtros-de-papel-para-sifao-balao-hario\/","title":{"rendered":"Filtros De Papel Para Sif\u00e3o (Bal\u00e3o) Hario"},"content":{"rendered":"","protected":false},"excerpt":{"rendered":"<p>Cont\u00e9m 100 filtros. *Requer adaptador F-103MN.<\/p>\n","protected":false},"featured_media":8458,"template":"","meta":[],"product_brand":[],"product_cat":[65],"product_tag":[],"class_list":{"0":"post-6774","1":"product","2":"type-product","3":"status-publish","4":"has-post-thumbnail","6":"brands-hario","7":"product_cat-filtros","9":"first","10":"instock","11":"taxable","12":"shipping-taxable","13":"purchasable","14":"product-type-simple"},"_links":{"self":[{"href":"https:\/\/staging.sgtmartinho.com\/es\/wp-json\/wp\/v2\/product\/6774","targetHints":{"allow":["GET"]}}],"collection":[{"href":"https:\/\/staging.sgtmartinho.com\/es\/wp-json\/wp\/v2\/product"}],"about":[{"href":"https:\/\/staging.sgtmartinho.com\/es\/wp-json\/wp\/v2\/types\/product"}],"wp:featuredmedia":[{"embeddable":true,"href":"https:\/\/staging.sgtmartinho.com\/es\/wp-json\/wp\/v2\/media\/8458"}],"wp:attachment":[{"href":"https:\/\/staging.sgtmartinho.com\/es\/wp-json\/wp\/v2\/media?parent=6774"}],"wp:term":[{"taxonomy":"product_brand","embeddable":true,"href":"https:\/\/staging.sgtmartinho.com\/es\/wp-json\/wp\/v2\/product_brand?post=6774"},{"taxonomy":"product_cat","embeddable":true,"href":"https:\/\/staging.sgtmartinho.com\/es\/wp-json\/wp\/v2\/product_cat?post=6774"},{"taxonomy":"product_tag","embeddable":true,"href":"https:\/\/staging.sgtmartinho.com\/es\/wp-json\/wp\/v2\/product_tag?post=6774"}],"curies":[{"name":"wp","href":"https:\/\/api.w.org\/{rel}","templated":true}]}}