{"id":6773,"date":"2022-11-15T15:59:34","date_gmt":"2022-11-15T15:59:34","guid":{"rendered":"https:\/\/www.sgtmartinho.com\/shop\/moinho-prism-hario\/"},"modified":"2024-02-12T16:51:40","modified_gmt":"2024-02-12T16:51:40","slug":"moinho-prism-hario","status":"publish","type":"product","link":"https:\/\/staging.sgtmartinho.com\/es\/loja\/moinho-prism-hario\/","title":{"rendered":"Moinho Prism"},"content":{"rendered":"<p><iframe title=\"[HARIO] Aluminum Alloy Coffee Mill PRISM [MSA-2]\" width=\"500\" height=\"281\" src=\"https:\/\/www.youtube.com\/embed\/N7JzYDq065c?feature=oembed\" frameborder=\"0\" allow=\"accelerometer; autoplay; clipboard-write; encrypted-media; gyroscope; picture-in-picture; web-share\" referrerpolicy=\"strict-origin-when-cross-origin\" allowfullscreen><\/iframe><\/p>\n","protected":false},"excerpt":{"rendered":"<p>O moinho Prism da Hario \u00e9 pequeno e robusto! O seu tamanho compacto e corpo met\u00e1lico tornam-no ideal para ser transportado, como em viagens. A base do moinho \u00e9 antiderrapante, o que ajuda a estabilizar o moinho durante a moagem.<\/p>\n<p>&nbsp;<\/p>\n<p>Tal como a maioria dos moinhos de caf\u00e9 manuais da Hario cont\u00eam rebarbas feitas de cer\u00e2mica \u2013 o moinho manual Prism tem rebarbas c\u00f3nicas de cer\u00e2mica que transferem menos calor e \u201craspam\u201d os gr\u00e3os de caf\u00e9 em vez de os rachar como moedores de l\u00e2mina. Este processo de moagem com o moinho Prism tamb\u00e9m proporciona uma moagem mais consistente que pode ser facilmente ajustada e definida para utiliza\u00e7\u00e3o repetida.<\/p>\n<p>&nbsp;<\/p>\n<p>Experimente j\u00e1 este moinho e prepare a sua pr\u00f3xima ch\u00e1vena com o <a href=\"https:\/\/staging.sgtmartinho.com\/loja-categoria\/cafe\/\" target=\"_blank\" rel=\"noopener\">caf\u00e9 de especialidade d\u2019A Sargento Martinho<\/a>.<\/p>\n<p>&nbsp;<\/p>\n<p><strong>Detalhes do Produto:<br \/>\n<\/strong>MSA-2-B<br \/>\nCor: Preto<br \/>\nDimens\u00f5es: 145 x 52 x 200mm<br \/>\nCapacidade: 1-2 copos<br \/>\nMateriais:<br \/>\nPega: Alum\u00ednio <em>Diecast<\/em>, Polipropileno<br \/>\nTampa: Resina de metacrilato<br \/>\nTampa do Eixo, Suporte Interno da Moeda, Bot\u00e3o de Ajuste da Moagem: Nylon<br \/>\nHopper interior, Garrafa interior: Resina ABS<br \/>\nHopper Exterior, Garrafa Exterior: Liga de Alum\u00ednio<br \/>\nEixo, Mola, Porca de ajuste do moinho: A\u00e7o Inoxid\u00e1vel<br \/>\nRebarbas: Cer\u00e2mica<br \/>\nBase Antiderrapante: Borracha de silicone<\/p>\n","protected":false},"featured_media":7780,"template":"","meta":[],"product_brand":[],"product_cat":[143],"product_tag":[224,221,217,201,199,187,181],"class_list":{"0":"post-6773","1":"product","2":"type-product","3":"status-publish","4":"has-post-thumbnail","6":"brands-hario","7":"product_cat-moinhos","8":"product_tag-prism","9":"product_tag-moinho","10":"product_tag-grinder","11":"product_tag-specialty","12":"product_tag-cafe","13":"product_tag-coffee","14":"product_tag-hario","16":"first","17":"instock","18":"taxable","19":"shipping-taxable","20":"purchasable","21":"product-type-simple"},"_links":{"self":[{"href":"https:\/\/staging.sgtmartinho.com\/es\/wp-json\/wp\/v2\/product\/6773","targetHints":{"allow":["GET"]}}],"collection":[{"href":"https:\/\/staging.sgtmartinho.com\/es\/wp-json\/wp\/v2\/product"}],"about":[{"href":"https:\/\/staging.sgtmartinho.com\/es\/wp-json\/wp\/v2\/types\/product"}],"wp:featuredmedia":[{"embeddable":true,"href":"https:\/\/staging.sgtmartinho.com\/es\/wp-json\/wp\/v2\/media\/7780"}],"wp:attachment":[{"href":"https:\/\/staging.sgtmartinho.com\/es\/wp-json\/wp\/v2\/media?parent=6773"}],"wp:term":[{"taxonomy":"product_brand","embeddable":true,"href":"https:\/\/staging.sgtmartinho.com\/es\/wp-json\/wp\/v2\/product_brand?post=6773"},{"taxonomy":"product_cat","embeddable":true,"href":"https:\/\/staging.sgtmartinho.com\/es\/wp-json\/wp\/v2\/product_cat?post=6773"},{"taxonomy":"product_tag","embeddable":true,"href":"https:\/\/staging.sgtmartinho.com\/es\/wp-json\/wp\/v2\/product_tag?post=6773"}],"curies":[{"name":"wp","href":"https:\/\/api.w.org\/{rel}","templated":true}]}}