{"id":6767,"date":"2022-11-15T15:59:32","date_gmt":"2022-11-15T15:59:32","guid":{"rendered":"https:\/\/www.sgtmartinho.com\/shop\/kit-v60-100th-anniversary-hario\/"},"modified":"2024-02-12T16:51:39","modified_gmt":"2024-02-12T16:51:39","slug":"kit-v60-100th-anniversary-hario","status":"publish","type":"product","link":"https:\/\/staging.sgtmartinho.com\/es\/loja\/kit-v60-100th-anniversary-hario\/","title":{"rendered":"Kit V60 100th Anniversary Hario"},"content":{"rendered":"","protected":false},"excerpt":{"rendered":"<p>Fundada em 1921 no Jap\u00e3o, a Hario \u00e9 fabricante de produtos de vidro h\u00e1 100 anos.<\/p>\n<p>Esta edi\u00e7\u00e3o limitada do Kit do 100\u00ba Anivers\u00e1rio da Hario foi criada para celebrar um s\u00e9culo de Hario. O equipamento de caf\u00e9 de especialidade deste conjunto \u00e9 ideal tanto para pessoas que est\u00e3o a come\u00e7ar com caf\u00e9 de especialidade, como para pessoas que j\u00e1 fazem o seu pr\u00f3prio caf\u00e9 em casa ao n\u00edvel de barista.<\/p>\n<p>&nbsp;<\/p>\n<p>O conjunto (kit) inclui os seguintes produtos:<\/p>\n<ul>\n<li>Coador V60 de vidro, representando a dedica\u00e7\u00e3o da Hario ao fornecimento de artigos de vidro de alta qualidade e excelente desenvolvimento de produtos para produzir o reconhecido e amado coador V60.<\/li>\n<li>V60 Kettle Air, representando a versatilidade da Hario na produ\u00e7\u00e3o de novos artigos que s\u00e3o atualizados, elegantes e eficazes.<\/li>\n<li>40 filtros de papel.<\/li>\n<\/ul>\n<p>&nbsp;<\/p>\n<p>Experimente j\u00e1 este conjunto com o <a href=\"https:\/\/staging.sgtmartinho.com\/loja-categoria\/cafe\/\" target=\"_blank\" rel=\"noopener\">caf\u00e9 de especialidade d&#8217;a Sargento Martinho<\/a>!<\/p>\n<p>&nbsp;<\/p>\n<p><strong>Detalhes do Produto:<\/strong><br \/>\nVDAP-02-BLM<br \/>\nCor: Transparente\/branco<br \/>\nDimens\u00f5es: 177 \u00d7 78 \u00d7 128mm<br \/>\nCapacidade: Capacidade pr\u00e1tica 130ml<br \/>\nPeso (Incl. caixa): Aprox. 200g<\/p>\n<p>Materiais:<br \/>\nCorpo do coador: vidro \u00e0 prova de calor<br \/>\nDetentor de coador: borracha de silicone<br \/>\nChaleira: resina<\/p>\n<p>&nbsp;<\/p>\n<p>Fabricado no Jap\u00e3o.<\/p>\n<p>Este conjunto kit faz parte da s\u00e9rie Bloom da Hario, que apresenta novas embalagens ambientalmente respons\u00e1veis.<\/p>\n","protected":false},"featured_media":8074,"template":"","meta":[],"product_brand":[],"product_cat":[89],"product_tag":[256,255,254,249,203,201,199,187,184,185,181,183],"class_list":{"0":"post-6767","1":"product","2":"type-product","3":"status-publish","4":"has-post-thumbnail","6":"brands-hario","7":"product_cat-kits","8":"product_tag-kettle","9":"product_tag-bloom","10":"product_tag-anniversary","11":"product_tag-coador","12":"product_tag-filters","13":"product_tag-specialty","14":"product_tag-cafe","15":"product_tag-coffee","16":"product_tag-kit","17":"product_tag-v60","18":"product_tag-hario","19":"product_tag-dripper","21":"first","22":"instock","23":"taxable","24":"shipping-taxable","25":"purchasable","26":"product-type-simple"},"_links":{"self":[{"href":"https:\/\/staging.sgtmartinho.com\/es\/wp-json\/wp\/v2\/product\/6767","targetHints":{"allow":["GET"]}}],"collection":[{"href":"https:\/\/staging.sgtmartinho.com\/es\/wp-json\/wp\/v2\/product"}],"about":[{"href":"https:\/\/staging.sgtmartinho.com\/es\/wp-json\/wp\/v2\/types\/product"}],"wp:featuredmedia":[{"embeddable":true,"href":"https:\/\/staging.sgtmartinho.com\/es\/wp-json\/wp\/v2\/media\/8074"}],"wp:attachment":[{"href":"https:\/\/staging.sgtmartinho.com\/es\/wp-json\/wp\/v2\/media?parent=6767"}],"wp:term":[{"taxonomy":"product_brand","embeddable":true,"href":"https:\/\/staging.sgtmartinho.com\/es\/wp-json\/wp\/v2\/product_brand?post=6767"},{"taxonomy":"product_cat","embeddable":true,"href":"https:\/\/staging.sgtmartinho.com\/es\/wp-json\/wp\/v2\/product_cat?post=6767"},{"taxonomy":"product_tag","embeddable":true,"href":"https:\/\/staging.sgtmartinho.com\/es\/wp-json\/wp\/v2\/product_tag?post=6767"}],"curies":[{"name":"wp","href":"https:\/\/api.w.org\/{rel}","templated":true}]}}