{"id":6764,"date":"2022-11-15T15:59:30","date_gmt":"2022-11-15T15:59:30","guid":{"rendered":"https:\/\/www.sgtmartinho.com\/shop\/v60-02-transparente-drip-assist-set-hario\/"},"modified":"2024-02-12T16:51:39","modified_gmt":"2024-02-12T16:51:39","slug":"v60-02-transparente-drip-assist-set-hario","status":"publish","type":"product","link":"https:\/\/staging.sgtmartinho.com\/es\/loja\/v60-02-transparente-drip-assist-set-hario\/","title":{"rendered":"V60 02 Transparente Drip-Assist Set Hario"},"content":{"rendered":"","protected":false},"excerpt":{"rendered":"<p>Fa\u00e7a caf\u00e9 de forma consistente com o V60 Drip-Assist Set, desenvolvido em colabora\u00e7\u00e3o com o Campe\u00e3o Mundial de Baristas de 2013, Pete Licata!<\/p>\n<p>O Drip-Assist apresenta dois tipos de buracos de di\u00e2metros diferentes, o que permite verter a duas velocidades separadas. Mesmo quando se utiliza um m\u00e9todo de verter menos exato, como o bico largo de uma chaleira, os l\u00edquidos ir\u00e3o fluir a um ritmo consistente, assegurando uma deliciosa po\u00e7\u00e3o. O Drip-Assist encaixa com os filtros de papel utilizados com qualquer dripper de tamanho 02.<\/p>\n<p>Este conjunto inclui a pe\u00e7a Drip-Assist V60, e 40 filtros.<\/p>\n<p>&nbsp;<\/p>\n<p><strong>Detalhes do Produto:<br \/>\n<\/strong>PDA-1524-T<br \/>\nCapacidade: 1-4 ch\u00e1venas<br \/>\nPeso (Incl. caixa individual): Aprox. 300g<\/p>\n<p>Materiais:<br \/>\nCorpo: Resina PCT<br \/>\nDripper: Resina de acrilonitrilo-estireno<\/p>\n<p>&nbsp;<\/p>\n<p>Fabricado no Jap\u00e3o.<\/p>\n","protected":false},"featured_media":7934,"template":"","meta":[],"product_brand":[],"product_cat":[84],"product_tag":[],"class_list":{"0":"post-6764","1":"product","2":"type-product","3":"status-publish","4":"has-post-thumbnail","6":"brands-hario","7":"product_cat-v60","9":"first","10":"instock","11":"taxable","12":"shipping-taxable","13":"purchasable","14":"product-type-simple"},"_links":{"self":[{"href":"https:\/\/staging.sgtmartinho.com\/es\/wp-json\/wp\/v2\/product\/6764","targetHints":{"allow":["GET"]}}],"collection":[{"href":"https:\/\/staging.sgtmartinho.com\/es\/wp-json\/wp\/v2\/product"}],"about":[{"href":"https:\/\/staging.sgtmartinho.com\/es\/wp-json\/wp\/v2\/types\/product"}],"wp:featuredmedia":[{"embeddable":true,"href":"https:\/\/staging.sgtmartinho.com\/es\/wp-json\/wp\/v2\/media\/7934"}],"wp:attachment":[{"href":"https:\/\/staging.sgtmartinho.com\/es\/wp-json\/wp\/v2\/media?parent=6764"}],"wp:term":[{"taxonomy":"product_brand","embeddable":true,"href":"https:\/\/staging.sgtmartinho.com\/es\/wp-json\/wp\/v2\/product_brand?post=6764"},{"taxonomy":"product_cat","embeddable":true,"href":"https:\/\/staging.sgtmartinho.com\/es\/wp-json\/wp\/v2\/product_cat?post=6764"},{"taxonomy":"product_tag","embeddable":true,"href":"https:\/\/staging.sgtmartinho.com\/es\/wp-json\/wp\/v2\/product_tag?post=6764"}],"curies":[{"name":"wp","href":"https:\/\/api.w.org\/{rel}","templated":true}]}}