{"id":5697,"date":"2022-09-20T16:16:27","date_gmt":"2022-09-20T15:16:27","guid":{"rendered":"https:\/\/www.sgtmartinho.com\/?post_type=product&#038;p=5697"},"modified":"2024-02-12T16:51:38","modified_gmt":"2024-02-12T16:51:38","slug":"filtros-v60-02-100-hario","status":"publish","type":"product","link":"https:\/\/staging.sgtmartinho.com\/es\/loja\/filtros-v60-02-100-hario\/","title":{"rendered":"Filtros V60 02 x 100 Hario"},"content":{"rendered":"","protected":false},"excerpt":{"rendered":"<p>Os filtros s\u00e3o essenciais na prepara\u00e7\u00e3o de uma ch\u00e1vena de caf\u00e9.<\/p>\n<p>Estes filtros de papel t\u00eam o tamanho de 02, o que significa que s\u00e3o compat\u00edveis com drippers de tamanho 02, como <a href=\"https:\/\/staging.sgtmartinho.com\/loja\/cafe-mugen-ceramica-hario\/\">este<\/a>.<\/p>\n<p>&nbsp;<\/p>\n<p>Os filtros V60-02 est\u00e3o dispon\u00edveis na vers\u00e3o branqueado a oxig\u00e9nio (e, portanto, sem qu\u00edmicos). Este produto cont\u00e9m 100 filtros (unidades); pode comprar 40 filtros (unidades) <a href=\"https:\/\/staging.sgtmartinho.com\/loja\/filtros-v60-02-40-hario\/\">aqui<\/a>.<\/p>\n<p>&nbsp;<\/p>\n<p>Se procura filtros de tamanho 01, pode encontr\u00e1-los <a href=\"https:\/\/staging.sgtmartinho.com\/loja\/filtros-v60-01-100-hario\/\">aqui<\/a>.<\/p>\n<p>&nbsp;<\/p>\n<p>O papel permite-lhe extrair todos os sabores e aromas dos seus gr\u00e3os de caf\u00e9 rec\u00e9m mo\u00eddos. Estes filtros de papel s\u00e3o tamb\u00e9m biodegrad\u00e1veis, o que significa que t\u00eam uma pegada ambiental reduzida.<\/p>\n<p>Antes de preparar o seu caf\u00e9, certifique-se de passar \u00e1gua a ferver pelo filtro para se livrar de quaisquer sabores indesejados que possam estar no filtro.<\/p>\n<p>&nbsp;<\/p>\n<p><strong>Detalhes do Produto:<\/strong><\/p>\n<p>VCF-02-100W<\/p>\n<p>Cor: Branqueado<\/p>\n<p>Unidades: 100<\/p>\n<p>Capacidade: 1-4 ch\u00e1venas<\/p>\n<p>Peso (Incl. caixa): Aprox. 100gr<\/p>\n<p>&nbsp;<\/p>\n<p>Fabricado no Jap\u00e3o.<\/p>\n","protected":false},"featured_media":2106,"template":"","meta":[],"product_brand":[],"product_cat":[58,65],"product_tag":[196,188,189,187,181],"class_list":{"0":"post-5697","1":"product","2":"type-product","3":"status-publish","4":"has-post-thumbnail","6":"brands-hario","7":"product_cat-equipamento","8":"product_cat-filtros","9":"product_tag-filtros","10":"product_tag-filter","11":"product_tag-drip-coffee","12":"product_tag-coffee","13":"product_tag-hario","15":"first","16":"instock","17":"taxable","18":"shipping-taxable","19":"purchasable","20":"product-type-simple"},"_links":{"self":[{"href":"https:\/\/staging.sgtmartinho.com\/es\/wp-json\/wp\/v2\/product\/5697","targetHints":{"allow":["GET"]}}],"collection":[{"href":"https:\/\/staging.sgtmartinho.com\/es\/wp-json\/wp\/v2\/product"}],"about":[{"href":"https:\/\/staging.sgtmartinho.com\/es\/wp-json\/wp\/v2\/types\/product"}],"wp:featuredmedia":[{"embeddable":true,"href":"https:\/\/staging.sgtmartinho.com\/es\/wp-json\/wp\/v2\/media\/2106"}],"wp:attachment":[{"href":"https:\/\/staging.sgtmartinho.com\/es\/wp-json\/wp\/v2\/media?parent=5697"}],"wp:term":[{"taxonomy":"product_brand","embeddable":true,"href":"https:\/\/staging.sgtmartinho.com\/es\/wp-json\/wp\/v2\/product_brand?post=5697"},{"taxonomy":"product_cat","embeddable":true,"href":"https:\/\/staging.sgtmartinho.com\/es\/wp-json\/wp\/v2\/product_cat?post=5697"},{"taxonomy":"product_tag","embeddable":true,"href":"https:\/\/staging.sgtmartinho.com\/es\/wp-json\/wp\/v2\/product_tag?post=5697"}],"curies":[{"name":"wp","href":"https:\/\/api.w.org\/{rel}","templated":true}]}}