{"id":5678,"date":"2022-09-20T15:46:52","date_gmt":"2022-09-20T14:46:52","guid":{"rendered":"https:\/\/www.sgtmartinho.com\/?post_type=product&#038;p=5678"},"modified":"2024-02-12T16:51:37","modified_gmt":"2024-02-12T16:51:37","slug":"garrafa-filter-in-coffee-hario-castanho","status":"publish","type":"product","link":"https:\/\/staging.sgtmartinho.com\/es\/loja\/garrafa-filter-in-coffee-hario-castanho\/","title":{"rendered":"Filter-In Coffee Bottle Castanho Hario"},"content":{"rendered":"<p>Apenas adicionando caf\u00e9 mo\u00eddo e \u00e1gua, poder\u00e1 fazer caf\u00e9 gelado. Coloque o caf\u00e9 no filtro e coloque a tampa. Deite pequenas quantidades de \u00e1gua no interior de cada vez. Depois de despejar a \u00e1gua toda, coloque a rolha e agite suavemente a garrafa para iniciar a extra\u00e7\u00e3o. Coloque no frigor\u00edfico por aproximadamente 12 horas para que o caf\u00e9 termine de extrair. Remova o filtro e volte a preservar o caf\u00e9 no frigor\u00edfico. Sirva com gelo e at\u00e9 uma casca de laranja, se preferir.<\/p>\n","protected":false},"excerpt":{"rendered":"<p>Fazer caf\u00e9 ou ch\u00e1 gelado extra\u00eddo a frio \u00e9 super f\u00e1cil com a Garrafa Cold Brew Coffee Filter-In da Hario!<\/p>\n<p>Basta adicionar caf\u00e9\/ch\u00e1 e \u00e1gua!<\/p>\n<p>Coloque a sua bebida no frio durante aproximadamente 8 horas, e aprecie a sua bebida gelada!<\/p>\n<p>&nbsp;<\/p>\n<p>Pode encontrar a Garrafa Cold Brew Coffee Filter-In em azul <a href=\"https:\/\/staging.sgtmartinho.com\/loja\/hario-filter-in-coffee-bottle-fic-70-cbr\/\" target=\"_blank\" rel=\"noopener\">aqui<\/a>.<\/p>\n<p><strong>Detalhes do Produto:<br \/>\n<\/strong>FIC-70-CBR<br \/>\nCapacidade:\u00a0 650ml<br \/>\nCor: Castanho<br \/>\nPeso (Incl. caixa): Aprox. 500g<\/p>\n<p>Materiais:<br \/>\nGarrafa de vidro: vidro \u00e0 prova de calor<br \/>\nFiltrar: Resina de poli\u00e9ster<br \/>\nCoador: Polipropileno<br \/>\nBico de Garrafa amov\u00edvel, Tamp\u00e3o: Borracha de silicone<\/p>\n<p>&nbsp;<\/p>\n<p>Fabricado no Jap\u00e3o.<\/p>\n<p>&nbsp;<\/p>\n<p>&nbsp;<\/p>\n","protected":false},"featured_media":3299,"template":"","meta":[],"product_brand":[],"product_cat":[58,180],"product_tag":[],"class_list":{"0":"post-5678","1":"product","2":"type-product","3":"status-publish","4":"has-post-thumbnail","6":"brands-hario","7":"product_cat-equipamento","8":"product_cat-cold-brew","10":"first","11":"instock","12":"taxable","13":"shipping-taxable","14":"purchasable","15":"product-type-simple"},"_links":{"self":[{"href":"https:\/\/staging.sgtmartinho.com\/es\/wp-json\/wp\/v2\/product\/5678","targetHints":{"allow":["GET"]}}],"collection":[{"href":"https:\/\/staging.sgtmartinho.com\/es\/wp-json\/wp\/v2\/product"}],"about":[{"href":"https:\/\/staging.sgtmartinho.com\/es\/wp-json\/wp\/v2\/types\/product"}],"wp:featuredmedia":[{"embeddable":true,"href":"https:\/\/staging.sgtmartinho.com\/es\/wp-json\/wp\/v2\/media\/3299"}],"wp:attachment":[{"href":"https:\/\/staging.sgtmartinho.com\/es\/wp-json\/wp\/v2\/media?parent=5678"}],"wp:term":[{"taxonomy":"product_brand","embeddable":true,"href":"https:\/\/staging.sgtmartinho.com\/es\/wp-json\/wp\/v2\/product_brand?post=5678"},{"taxonomy":"product_cat","embeddable":true,"href":"https:\/\/staging.sgtmartinho.com\/es\/wp-json\/wp\/v2\/product_cat?post=5678"},{"taxonomy":"product_tag","embeddable":true,"href":"https:\/\/staging.sgtmartinho.com\/es\/wp-json\/wp\/v2\/product_tag?post=5678"}],"curies":[{"name":"wp","href":"https:\/\/api.w.org\/{rel}","templated":true}]}}