{"id":5665,"date":"2022-09-20T15:22:04","date_gmt":"2022-09-20T14:22:04","guid":{"rendered":"https:\/\/www.sgtmartinho.com\/?post_type=product&#038;p=5665"},"modified":"2024-02-12T16:51:37","modified_gmt":"2024-02-12T16:51:37","slug":"bule-v60-de-vidro-700ml-hario","status":"publish","type":"product","link":"https:\/\/staging.sgtmartinho.com\/es\/loja\/bule-v60-de-vidro-700ml-hario\/","title":{"rendered":"Bule V60 em Vidro 700ml"},"content":{"rendered":"","protected":false},"excerpt":{"rendered":"<p>Este servidor de caf\u00e9 vem com linhas de medida que mostram a quantidade necess\u00e1ria para cada n\u00famero de x\u00edcaras, facilitando a prepara\u00e7\u00e3o da quantidade certa.<br \/>\nEste servidor foi projetado para minimizar o contato entre a cafeteira e a mesa para manter o caf\u00e9 quente.<br \/>\nA tampa pode ser colocada de cabe\u00e7a para baixo para evitar pingos.<\/p>\n<p>VCS-02B<\/p>\n<p>700ML<\/p>\n","protected":false},"featured_media":8328,"template":"","meta":[],"product_brand":[],"product_cat":[58,86],"product_tag":[],"class_list":{"0":"post-5665","1":"product","2":"type-product","3":"status-publish","4":"has-post-thumbnail","6":"brands-hario","7":"product_cat-equipamento","8":"product_cat-bules","10":"first","11":"instock","12":"taxable","13":"shipping-taxable","14":"purchasable","15":"product-type-simple"},"_links":{"self":[{"href":"https:\/\/staging.sgtmartinho.com\/es\/wp-json\/wp\/v2\/product\/5665","targetHints":{"allow":["GET"]}}],"collection":[{"href":"https:\/\/staging.sgtmartinho.com\/es\/wp-json\/wp\/v2\/product"}],"about":[{"href":"https:\/\/staging.sgtmartinho.com\/es\/wp-json\/wp\/v2\/types\/product"}],"wp:featuredmedia":[{"embeddable":true,"href":"https:\/\/staging.sgtmartinho.com\/es\/wp-json\/wp\/v2\/media\/8328"}],"wp:attachment":[{"href":"https:\/\/staging.sgtmartinho.com\/es\/wp-json\/wp\/v2\/media?parent=5665"}],"wp:term":[{"taxonomy":"product_brand","embeddable":true,"href":"https:\/\/staging.sgtmartinho.com\/es\/wp-json\/wp\/v2\/product_brand?post=5665"},{"taxonomy":"product_cat","embeddable":true,"href":"https:\/\/staging.sgtmartinho.com\/es\/wp-json\/wp\/v2\/product_cat?post=5665"},{"taxonomy":"product_tag","embeddable":true,"href":"https:\/\/staging.sgtmartinho.com\/es\/wp-json\/wp\/v2\/product_tag?post=5665"}],"curies":[{"name":"wp","href":"https:\/\/api.w.org\/{rel}","templated":true}]}}