{"id":5649,"date":"2022-09-20T14:40:23","date_gmt":"2022-09-20T13:40:23","guid":{"rendered":"https:\/\/www.sgtmartinho.com\/?post_type=product&#038;p=5649"},"modified":"2024-02-12T16:51:36","modified_gmt":"2024-02-12T16:51:36","slug":"v60-02-dripper-vidro-transparente-hario","status":"publish","type":"product","link":"https:\/\/staging.sgtmartinho.com\/es\/loja\/v60-02-dripper-vidro-transparente-hario\/","title":{"rendered":"V60 02 Coador &#8211; Vidro Transparente Hario"},"content":{"rendered":"","protected":false},"excerpt":{"rendered":"<p>O dripper V60 mundialmente conhecido<\/p>\n<p>O filtro de papel c\u00f4nico em forma de V permite uma camada mais profunda dos gr\u00e3os de caf\u00e9. Quando a \u00e1gua \u00e9 adicionada, ela flui para o \u00e1pice do cone, produzindo um rico sabor umami. O vidro transparente resistente ao calor permite que voc\u00ea observe o caf\u00e9 sendo preparado, proporcionando uma experi\u00eancia visual.<\/p>\n<p>VDG-01B<br \/>\nCAPACIDADE 1-2 ch\u00e1venas<\/p>\n<p>VDG-01B | VDGF-02-TB-UEX<br \/>\nCAPACIDADE 1-4 ch\u00e1venas<\/p>\n","protected":false},"featured_media":7946,"template":"","meta":[],"product_brand":[],"product_cat":[58,84],"product_tag":[],"class_list":{"0":"post-5649","1":"product","2":"type-product","3":"status-publish","4":"has-post-thumbnail","6":"brands-hario","7":"product_cat-equipamento","8":"product_cat-v60","10":"first","11":"instock","12":"taxable","13":"shipping-taxable","14":"purchasable","15":"product-type-simple"},"_links":{"self":[{"href":"https:\/\/staging.sgtmartinho.com\/es\/wp-json\/wp\/v2\/product\/5649","targetHints":{"allow":["GET"]}}],"collection":[{"href":"https:\/\/staging.sgtmartinho.com\/es\/wp-json\/wp\/v2\/product"}],"about":[{"href":"https:\/\/staging.sgtmartinho.com\/es\/wp-json\/wp\/v2\/types\/product"}],"wp:featuredmedia":[{"embeddable":true,"href":"https:\/\/staging.sgtmartinho.com\/es\/wp-json\/wp\/v2\/media\/7946"}],"wp:attachment":[{"href":"https:\/\/staging.sgtmartinho.com\/es\/wp-json\/wp\/v2\/media?parent=5649"}],"wp:term":[{"taxonomy":"product_brand","embeddable":true,"href":"https:\/\/staging.sgtmartinho.com\/es\/wp-json\/wp\/v2\/product_brand?post=5649"},{"taxonomy":"product_cat","embeddable":true,"href":"https:\/\/staging.sgtmartinho.com\/es\/wp-json\/wp\/v2\/product_cat?post=5649"},{"taxonomy":"product_tag","embeddable":true,"href":"https:\/\/staging.sgtmartinho.com\/es\/wp-json\/wp\/v2\/product_tag?post=5649"}],"curies":[{"name":"wp","href":"https:\/\/api.w.org\/{rel}","templated":true}]}}