{"id":356,"date":"2020-10-12T17:58:10","date_gmt":"2020-10-12T16:58:10","guid":{"rendered":"https:\/\/www.sgtmartinho.com\/shop\/import-placeholder-for-filtros-chemex\/"},"modified":"2024-02-12T16:51:22","modified_gmt":"2024-02-12T16:51:22","slug":"filtros-chemex-3cup","status":"publish","type":"product","link":"https:\/\/staging.sgtmartinho.com\/es\/loja\/filtros-chemex-3cup\/","title":{"rendered":"Filtros Chemex 3 Cup x 100"},"content":{"rendered":"<p><iframe title=\"CHEMEX Bonded\u2122 Filters - How to use\" src=\"https:\/\/player.vimeo.com\/video\/715736912?dnt=1&amp;app_id=122963\" width=\"500\" height=\"281\" frameborder=\"0\" allow=\"autoplay; fullscreen; picture-in-picture; clipboard-write; encrypted-media\"><\/iframe><\/p>\n","protected":false},"excerpt":{"rendered":"<p>Os filtros adesivos patenteados Chemex FP-2 s\u00e3o o ajuste perfeito para a cafeteira Chemex de 3 ch\u00e1venas, que pode encontrar <a href=\"https:\/\/staging.sgtmartinho.com\/loja\/chemex-classico\/\">aqui<\/a>.<\/p>\n<p>A forma c\u00f3nica assegura uma extra\u00e7\u00e3o uniforme para um melhor sabor e o material de fibra especial \u00e9 mais espesso que o normal, o que mant\u00e9m elementos amargos, \u00f3leos e solos fora da sua ch\u00e1vena.<\/p>\n<p>&nbsp;<\/p>\n<p>Uma embalagem cont\u00e9m 100 filtros que ir\u00e3o remover todas as part\u00edculas indesejadas e garantir um sabor mais rico no seu caf\u00e9.<\/p>\n<p>&nbsp;<\/p>\n<p>Pode tamb\u00e9m encontrar filtros para a Chemex de 6 ch\u00e1venas <a href=\"https:\/\/staging.sgtmartinho.com\/loja\/filtros-chemex-6-cup\/\">aqui<\/a>.<\/p>\n<p>&nbsp;<\/p>\n<p><strong>Detalhes do Produto:<\/strong><br \/>\nFP-2<br \/>\nUnidades: 100 filtros<br \/>\nPara Chemex de 3 ch\u00e1venas (<em>3 Cups<\/em>)<br \/>\nComposto e biodegrad\u00e1vel<\/p>\n<p>&nbsp;<\/p>\n<p>Fabricado nos Estados Unidos da Am\u00e9rica.<\/p>\n","protected":false},"featured_media":8027,"template":"","meta":[],"product_brand":[],"product_cat":[58,65],"product_tag":[196,193,192,187],"class_list":{"0":"post-356","1":"product","2":"type-product","3":"status-publish","4":"has-post-thumbnail","6":"brands-chemex","7":"product_cat-equipamento","8":"product_cat-filtros","9":"product_tag-filtros","10":"product_tag-3-cup-chemex","11":"product_tag-chemex","12":"product_tag-coffee","14":"first","15":"instock","16":"taxable","17":"shipping-taxable","18":"purchasable","19":"product-type-simple"},"_links":{"self":[{"href":"https:\/\/staging.sgtmartinho.com\/es\/wp-json\/wp\/v2\/product\/356","targetHints":{"allow":["GET"]}}],"collection":[{"href":"https:\/\/staging.sgtmartinho.com\/es\/wp-json\/wp\/v2\/product"}],"about":[{"href":"https:\/\/staging.sgtmartinho.com\/es\/wp-json\/wp\/v2\/types\/product"}],"wp:featuredmedia":[{"embeddable":true,"href":"https:\/\/staging.sgtmartinho.com\/es\/wp-json\/wp\/v2\/media\/8027"}],"wp:attachment":[{"href":"https:\/\/staging.sgtmartinho.com\/es\/wp-json\/wp\/v2\/media?parent=356"}],"wp:term":[{"taxonomy":"product_brand","embeddable":true,"href":"https:\/\/staging.sgtmartinho.com\/es\/wp-json\/wp\/v2\/product_brand?post=356"},{"taxonomy":"product_cat","embeddable":true,"href":"https:\/\/staging.sgtmartinho.com\/es\/wp-json\/wp\/v2\/product_cat?post=356"},{"taxonomy":"product_tag","embeddable":true,"href":"https:\/\/staging.sgtmartinho.com\/es\/wp-json\/wp\/v2\/product_tag?post=356"}],"curies":[{"name":"wp","href":"https:\/\/api.w.org\/{rel}","templated":true}]}}