{"id":337,"date":"2020-10-12T17:41:36","date_gmt":"2020-10-12T16:41:36","guid":{"rendered":"https:\/\/www.sgtmartinho.com\/shop\/moinho-skerton-plus\/"},"modified":"2024-02-12T16:51:22","modified_gmt":"2024-02-12T16:51:22","slug":"moinho-skerton-plus","status":"publish","type":"product","link":"https:\/\/staging.sgtmartinho.com\/es\/loja\/moinho-skerton-plus\/","title":{"rendered":"Moinho Skerton Plus"},"content":{"rendered":"<p><iframe title=\"[HARIO]Ceramic Coffee Mill Plus \/ PRO Series [MSS-1DTB \/ MSCS-2DTB \/ MMSP 1 \/ MMCS-2B]\" width=\"500\" height=\"281\" src=\"https:\/\/www.youtube.com\/embed\/NCp9FlNQsBY?list=PLAoXr17HoykRHRpe5GX_0SuJUCcLVOP70\" frameborder=\"0\" allow=\"accelerometer; autoplay; clipboard-write; encrypted-media; gyroscope; picture-in-picture; web-share\" referrerpolicy=\"strict-origin-when-cross-origin\" allowfullscreen><\/iframe><\/p>\n","protected":false},"excerpt":{"rendered":"<p>O moinho Skerton Plus da Hario \u00e9 um dos moinhos favoritos entre os rec\u00e9m-chegados e os profissionais do caf\u00e9.<\/p>\n<p>O seu tamanho compacto torna-o perfeito para viagens ou uso dom\u00e9stico.\u00a0 Este moinho tem a capacidade de fazer uma variedade completa de tamanhos de moagem, e pode aguentar at\u00e9 100g de caf\u00e9.<\/p>\n<p>O Skerton Plus \u00e9 uma atualiza\u00e7\u00e3o do Skerton original da Hario e est\u00e1 equipado com um recipiente de vidro e uma placa estabilizadora de rebarbas que ajuda a estabilizar o eixo central para uma moagem mais uniforme.<\/p>\n<p>&nbsp;<\/p>\n<p>Tal como a maioria dos moinhos de caf\u00e9 manuais da Hario cont\u00eam rebarbas feitas de cer\u00e2mica \u2013 o moinho manual Skerton Plus tem rebarbas c\u00f3nicas de cer\u00e2mica que transferem menos calor e \u201craspam\u201d os gr\u00e3os de caf\u00e9 em vez de os rachar como moedores de l\u00e2mina. Este processo de moagem com o moinho Skerton Plus tamb\u00e9m proporciona uma moagem mais consistente que pode ser facilmente ajustada e definida para utiliza\u00e7\u00e3o repetida.<\/p>\n<p>&nbsp;<\/p>\n<p>Experimente j\u00e1 este moinho e prepare a sua pr\u00f3xima ch\u00e1vena com o\u00a0<a href=\"https:\/\/staging.sgtmartinho.com\/loja-categoria\/cafe\/\" target=\"_blank\" rel=\"noopener\">caf\u00e9 de especialidade d\u2019A Sargento Martinho<\/a>.<\/p>\n<p>&nbsp;<\/p>\n<p><strong>Detalhes do Produto:<\/strong><br \/>\nMSCS-2DTB<br \/>\nCor: Preto<br \/>\nTamanho: 172\u00d793\u00d7231mm<br \/>\nCapacidade: at\u00e9 100g de caf\u00e9 mo\u00eddo<\/p>\n<p>Material<br \/>\nPega, parafuso de fixa\u00e7\u00e3o, batente, porca de ajuste do moinho: A\u00e7o inoxid\u00e1vel<br \/>\nTampa do funil, Tampa antiderrapante: Borracha de silicone<br \/>\nTampa, Corpo Principal (Hopper): Polipropileno<br \/>\nRecipiente de vidro: Vidro \u00e0 prova de calor<\/p>\n<p>&nbsp;<\/p>\n<p>Recipiente de vidro feito no Jap\u00e3o.<\/p>\n","protected":false},"featured_media":7815,"template":"","meta":[],"product_brand":[],"product_cat":[58,143],"product_tag":[225,221,218,217,201,199,187,181],"class_list":{"0":"post-337","1":"product","2":"type-product","3":"status-publish","4":"has-post-thumbnail","6":"brands-hario","7":"product_cat-equipamento","8":"product_cat-moinhos","9":"product_tag-skertonplus","10":"product_tag-moinho","11":"product_tag-skerton","12":"product_tag-grinder","13":"product_tag-specialty","14":"product_tag-cafe","15":"product_tag-coffee","16":"product_tag-hario","18":"first","19":"instock","20":"taxable","21":"shipping-taxable","22":"purchasable","23":"product-type-simple"},"_links":{"self":[{"href":"https:\/\/staging.sgtmartinho.com\/es\/wp-json\/wp\/v2\/product\/337","targetHints":{"allow":["GET"]}}],"collection":[{"href":"https:\/\/staging.sgtmartinho.com\/es\/wp-json\/wp\/v2\/product"}],"about":[{"href":"https:\/\/staging.sgtmartinho.com\/es\/wp-json\/wp\/v2\/types\/product"}],"wp:featuredmedia":[{"embeddable":true,"href":"https:\/\/staging.sgtmartinho.com\/es\/wp-json\/wp\/v2\/media\/7815"}],"wp:attachment":[{"href":"https:\/\/staging.sgtmartinho.com\/es\/wp-json\/wp\/v2\/media?parent=337"}],"wp:term":[{"taxonomy":"product_brand","embeddable":true,"href":"https:\/\/staging.sgtmartinho.com\/es\/wp-json\/wp\/v2\/product_brand?post=337"},{"taxonomy":"product_cat","embeddable":true,"href":"https:\/\/staging.sgtmartinho.com\/es\/wp-json\/wp\/v2\/product_cat?post=337"},{"taxonomy":"product_tag","embeddable":true,"href":"https:\/\/staging.sgtmartinho.com\/es\/wp-json\/wp\/v2\/product_tag?post=337"}],"curies":[{"name":"wp","href":"https:\/\/api.w.org\/{rel}","templated":true}]}}