{"id":3290,"date":"2021-10-07T10:35:33","date_gmt":"2021-10-07T09:35:33","guid":{"rendered":"https:\/\/www.sgtmartinho.com\/?post_type=product&#038;p=3290"},"modified":"2024-02-12T16:51:33","modified_gmt":"2024-02-12T16:51:33","slug":"hario-v60-02-dripper-oliveira-vdg-02-ov-2","status":"publish","type":"product","link":"https:\/\/staging.sgtmartinho.com\/es\/loja\/hario-v60-02-dripper-oliveira-vdg-02-ov-2\/","title":{"rendered":"V60 02 Coador &#8211; Oliveira Hario"},"content":{"rendered":"","protected":false},"excerpt":{"rendered":"<p>O dripper V60 mundialmente conhecido<\/p>\n<p>O V60 tem um formato c\u00f4nico para camadas mais profundas da borra de caf\u00e9, produzindo um rico sabor umami. O \u00fanico orif\u00edcio grande oferece a liberdade m\u00e1xima &#8211; despeje a \u00e1gua rapidamente para um sabor leve ou lentamente se voc\u00ea gosta de caf\u00e9 rico. A madeira lisa da oliveira tem formato ergon\u00f4mico para a sua m\u00e3o e os gr\u00e3os naturais significam que n\u00e3o h\u00e1 duas \u00e1reas iguais.<\/p>\n<p>VDG-02-OV<br \/>\nCAPACIDADE 1-4 ch\u00e1venas<\/p>\n","protected":false},"featured_media":7948,"template":"","meta":[],"product_brand":[],"product_cat":[58,84],"product_tag":[],"class_list":{"0":"post-3290","1":"product","2":"type-product","3":"status-publish","4":"has-post-thumbnail","6":"brands-hario","7":"product_cat-equipamento","8":"product_cat-v60","10":"first","11":"instock","12":"taxable","13":"shipping-taxable","14":"purchasable","15":"product-type-simple"},"_links":{"self":[{"href":"https:\/\/staging.sgtmartinho.com\/es\/wp-json\/wp\/v2\/product\/3290","targetHints":{"allow":["GET"]}}],"collection":[{"href":"https:\/\/staging.sgtmartinho.com\/es\/wp-json\/wp\/v2\/product"}],"about":[{"href":"https:\/\/staging.sgtmartinho.com\/es\/wp-json\/wp\/v2\/types\/product"}],"wp:featuredmedia":[{"embeddable":true,"href":"https:\/\/staging.sgtmartinho.com\/es\/wp-json\/wp\/v2\/media\/7948"}],"wp:attachment":[{"href":"https:\/\/staging.sgtmartinho.com\/es\/wp-json\/wp\/v2\/media?parent=3290"}],"wp:term":[{"taxonomy":"product_brand","embeddable":true,"href":"https:\/\/staging.sgtmartinho.com\/es\/wp-json\/wp\/v2\/product_brand?post=3290"},{"taxonomy":"product_cat","embeddable":true,"href":"https:\/\/staging.sgtmartinho.com\/es\/wp-json\/wp\/v2\/product_cat?post=3290"},{"taxonomy":"product_tag","embeddable":true,"href":"https:\/\/staging.sgtmartinho.com\/es\/wp-json\/wp\/v2\/product_tag?post=3290"}],"curies":[{"name":"wp","href":"https:\/\/api.w.org\/{rel}","templated":true}]}}