{"id":325,"date":"2020-10-12T17:41:25","date_gmt":"2020-10-12T16:41:25","guid":{"rendered":"https:\/\/www.sgtmartinho.com\/shop\/aeropress\/"},"modified":"2024-02-12T16:51:21","modified_gmt":"2024-02-12T16:51:21","slug":"aeropress","status":"publish","type":"product","link":"https:\/\/staging.sgtmartinho.com\/es\/loja\/aeropress\/","title":{"rendered":"Aeropress"},"content":{"rendered":"<p><iframe title=\"AeroPress Recipe: Espresso Style &amp; Americano\" width=\"500\" height=\"281\" src=\"https:\/\/www.youtube.com\/embed\/97VYBfxn2KI?feature=oembed\" frameborder=\"0\" allow=\"accelerometer; autoplay; clipboard-write; encrypted-media; gyroscope; picture-in-picture; web-share\" referrerpolicy=\"strict-origin-when-cross-origin\" allowfullscreen><\/iframe><\/p>\n","protected":false},"excerpt":{"rendered":"<p class=\"\">A AeroPress da Aerobie \u00e9 uma cafeteira inovadora e muito pr\u00e1tica, que permite preparar um caf\u00e9 muito saboroso, com \u00f3timo corpo e sabor \u00fanico.<\/p>\n<p class=\"\">\u00c9 um m\u00e9todo r\u00e1pido, onde o caf\u00e9 fica em imers\u00e3o com a \u00e1gua a ferver, que \u00e9 depois extra\u00eddo atrav\u00e9s do filtro, que pode comprar tamb\u00e9m <a href=\"https:\/\/staging.sgtmartinho.com\/loja\/filtros-aeropress\/\">aqui<\/a>, sob press\u00e3o manual.<\/p>\n<p>&nbsp;<\/p>\n<p class=\"\">A AeroPress \u00e9 t\u00e3o prest\u00e1vel que existem campeonatos mundias de AeroPress, incluindo em Portugal!<\/p>\n<p>&nbsp;<\/p>\n<p>A AeroPress \u00e9 bastante utilizada para preparar caf\u00e9 em casa, mas \u00e9 leve, compacta e dur\u00e1vel, tornando-a ideal para utiliza\u00e7\u00e3o em acampamentos, passeios de mochila, passeios de barco, ou at\u00e9 em viagens.<\/p>\n<p>&nbsp;<\/p>\n<p>Este produto cont\u00e9m: AeroPress; funil; colher de caf\u00e9; porta-filtros; e 350 unidades de filtro de papel para AeroPress.<\/p>\n<p>&nbsp;<\/p>\n<p><strong>Detalhes do Produto:<br \/>\n<\/strong>Aeropress<br \/>\nTamanho: 12cm x 12cm x 30cm<br \/>\nCapacidade: 0,3 litros<br \/>\nPeso: 180 gramas<br \/>\nTodas as pe\u00e7as da AeroPress exceto o selo de silicone e os filtros de papel s\u00e3o feitos de polipropileno desde julho de 2014. Todos os materiais utilizados na AeroPress s\u00e3o livres de BPA e ftalatos, s\u00e3o fabricados nos EUA, e s\u00e3o aprovados pela FDA e pela UE para utiliza\u00e7\u00e3o em contacto com alimentos.<\/p>\n<p>&nbsp;<\/p>\n<p>Desenhada no Sillicon Valey, fabricada nos Estados Unidos da Am\u00e9rica.<\/p>\n","protected":false},"featured_media":7969,"template":"","meta":[],"product_brand":[],"product_cat":[58,84],"product_tag":[201,200,199,198,197,187],"class_list":{"0":"post-325","1":"product","2":"type-product","3":"status-publish","4":"has-post-thumbnail","6":"brands-aeropress","7":"product_cat-equipamento","8":"product_cat-v60","9":"product_tag-specialty","10":"product_tag-aerobie","11":"product_tag-cafe","12":"product_tag-equipamento","13":"product_tag-aeropress","14":"product_tag-coffee","16":"first","17":"instock","18":"taxable","19":"shipping-taxable","20":"purchasable","21":"product-type-simple"},"_links":{"self":[{"href":"https:\/\/staging.sgtmartinho.com\/es\/wp-json\/wp\/v2\/product\/325","targetHints":{"allow":["GET"]}}],"collection":[{"href":"https:\/\/staging.sgtmartinho.com\/es\/wp-json\/wp\/v2\/product"}],"about":[{"href":"https:\/\/staging.sgtmartinho.com\/es\/wp-json\/wp\/v2\/types\/product"}],"wp:featuredmedia":[{"embeddable":true,"href":"https:\/\/staging.sgtmartinho.com\/es\/wp-json\/wp\/v2\/media\/7969"}],"wp:attachment":[{"href":"https:\/\/staging.sgtmartinho.com\/es\/wp-json\/wp\/v2\/media?parent=325"}],"wp:term":[{"taxonomy":"product_brand","embeddable":true,"href":"https:\/\/staging.sgtmartinho.com\/es\/wp-json\/wp\/v2\/product_brand?post=325"},{"taxonomy":"product_cat","embeddable":true,"href":"https:\/\/staging.sgtmartinho.com\/es\/wp-json\/wp\/v2\/product_cat?post=325"},{"taxonomy":"product_tag","embeddable":true,"href":"https:\/\/staging.sgtmartinho.com\/es\/wp-json\/wp\/v2\/product_tag?post=325"}],"curies":[{"name":"wp","href":"https:\/\/api.w.org\/{rel}","templated":true}]}}