{"id":3188,"date":"2021-10-04T12:22:04","date_gmt":"2021-10-04T11:22:04","guid":{"rendered":"https:\/\/www.sgtmartinho.com\/?post_type=product&#038;p=3188"},"modified":"2024-02-12T16:51:32","modified_gmt":"2024-02-12T16:51:32","slug":"bule-termico-aco-inoxidavel-hario","status":"publish","type":"product","link":"https:\/\/staging.sgtmartinho.com\/es\/loja\/bule-termico-aco-inoxidavel-hario\/","title":{"rendered":"Bule T\u00e9rmico em A\u00e7o Inoxid\u00e1vel"},"content":{"rendered":"","protected":false},"excerpt":{"rendered":"<p>Mantenha a sua bebida quente em grande estilo com este Bule T\u00e9rmico Inoxid\u00e1vel da Hario.<\/p>\n<p>Use-o para manter o calor da \u00e1gua ou do ch\u00e1, ou coloque um dripper V60 por cima para fazer caf\u00e9 diretamente para dentro do mesmo e manter a sua bebida agrad\u00e1vel e quente.<\/p>\n<p>O design elegante apresenta um corpo de parede dupla de a\u00e7o inoxid\u00e1vel com uma pega de madeira para um acabamento natural.<\/p>\n<p>O Bule T\u00e9rmico Inoxid\u00e1vel faz parte da cole\u00e7\u00e3o Simply Hario.<\/p>\n<p>&nbsp;<\/p>\n<p><strong>Detalhes do Produto:<\/strong><\/p>\n<p>S-STP-600-W<\/p>\n<p>Cor: Branco<\/p>\n<p>Capacidade: Capacidade pr\u00e1tica 600ml<\/p>\n<p>Peso (Incl. caixa): Aprox. 800g<\/p>\n<p>Materiais:<\/p>\n<p>Tampa: A\u00e7o inox, Polipropileno<\/p>\n<p>Embalagem: Borracha de silicone<\/p>\n<p>Bot\u00e3o: Resina ABS<\/p>\n<p>Corpo: A\u00e7o inox<\/p>\n<p>Pega: Madeira de faia<\/p>\n<p>&nbsp;<\/p>\n<p>&nbsp;<\/p>\n","protected":false},"featured_media":8307,"template":"","meta":[],"product_brand":[],"product_cat":[58,86],"product_tag":[],"class_list":{"0":"post-3188","1":"product","2":"type-product","3":"status-publish","4":"has-post-thumbnail","6":"brands-hario","7":"product_cat-equipamento","8":"product_cat-bules","10":"first","11":"instock","12":"taxable","13":"shipping-taxable","14":"purchasable","15":"product-type-simple"},"_links":{"self":[{"href":"https:\/\/staging.sgtmartinho.com\/es\/wp-json\/wp\/v2\/product\/3188","targetHints":{"allow":["GET"]}}],"collection":[{"href":"https:\/\/staging.sgtmartinho.com\/es\/wp-json\/wp\/v2\/product"}],"about":[{"href":"https:\/\/staging.sgtmartinho.com\/es\/wp-json\/wp\/v2\/types\/product"}],"wp:featuredmedia":[{"embeddable":true,"href":"https:\/\/staging.sgtmartinho.com\/es\/wp-json\/wp\/v2\/media\/8307"}],"wp:attachment":[{"href":"https:\/\/staging.sgtmartinho.com\/es\/wp-json\/wp\/v2\/media?parent=3188"}],"wp:term":[{"taxonomy":"product_brand","embeddable":true,"href":"https:\/\/staging.sgtmartinho.com\/es\/wp-json\/wp\/v2\/product_brand?post=3188"},{"taxonomy":"product_cat","embeddable":true,"href":"https:\/\/staging.sgtmartinho.com\/es\/wp-json\/wp\/v2\/product_cat?post=3188"},{"taxonomy":"product_tag","embeddable":true,"href":"https:\/\/staging.sgtmartinho.com\/es\/wp-json\/wp\/v2\/product_tag?post=3188"}],"curies":[{"name":"wp","href":"https:\/\/api.w.org\/{rel}","templated":true}]}}