{"id":3160,"date":"2021-10-04T10:26:31","date_gmt":"2021-10-04T09:26:31","guid":{"rendered":"https:\/\/www.sgtmartinho.com\/?post_type=product&#038;p=3160"},"modified":"2024-02-12T16:51:31","modified_gmt":"2024-02-12T16:51:31","slug":"colher-de-cobre-hario-m-12cp","status":"publish","type":"product","link":"https:\/\/staging.sgtmartinho.com\/es\/loja\/colher-de-cobre-hario-m-12cp\/","title":{"rendered":"Colher De Cobre Hario"},"content":{"rendered":"","protected":false},"excerpt":{"rendered":"<p>Uma colher de medi\u00e7\u00e3o para o caf\u00e9 da S\u00e9rie V60 cobre.<\/p>\n<p>M-12CP<\/p>\n","protected":false},"featured_media":8466,"template":"","meta":[],"product_brand":[],"product_cat":[58,88],"product_tag":[],"class_list":{"0":"post-3160","1":"product","2":"type-product","3":"status-publish","4":"has-post-thumbnail","6":"brands-hario","7":"product_cat-equipamento","8":"product_cat-acessorios","10":"first","11":"instock","12":"taxable","13":"shipping-taxable","14":"purchasable","15":"product-type-simple"},"_links":{"self":[{"href":"https:\/\/staging.sgtmartinho.com\/es\/wp-json\/wp\/v2\/product\/3160","targetHints":{"allow":["GET"]}}],"collection":[{"href":"https:\/\/staging.sgtmartinho.com\/es\/wp-json\/wp\/v2\/product"}],"about":[{"href":"https:\/\/staging.sgtmartinho.com\/es\/wp-json\/wp\/v2\/types\/product"}],"wp:featuredmedia":[{"embeddable":true,"href":"https:\/\/staging.sgtmartinho.com\/es\/wp-json\/wp\/v2\/media\/8466"}],"wp:attachment":[{"href":"https:\/\/staging.sgtmartinho.com\/es\/wp-json\/wp\/v2\/media?parent=3160"}],"wp:term":[{"taxonomy":"product_brand","embeddable":true,"href":"https:\/\/staging.sgtmartinho.com\/es\/wp-json\/wp\/v2\/product_brand?post=3160"},{"taxonomy":"product_cat","embeddable":true,"href":"https:\/\/staging.sgtmartinho.com\/es\/wp-json\/wp\/v2\/product_cat?post=3160"},{"taxonomy":"product_tag","embeddable":true,"href":"https:\/\/staging.sgtmartinho.com\/es\/wp-json\/wp\/v2\/product_tag?post=3160"}],"curies":[{"name":"wp","href":"https:\/\/api.w.org\/{rel}","templated":true}]}}