{"id":3153,"date":"2021-10-04T10:11:30","date_gmt":"2021-10-04T09:11:30","guid":{"rendered":"https:\/\/www.sgtmartinho.com\/?post_type=product&#038;p=3153"},"modified":"2024-02-12T16:51:31","modified_gmt":"2024-02-12T16:51:31","slug":"termo-hario-stick-preto","status":"publish","type":"product","link":"https:\/\/staging.sgtmartinho.com\/es\/loja\/termo-hario-stick-preto\/","title":{"rendered":"Termo Stick Hario Preto"},"content":{"rendered":"","protected":false},"excerpt":{"rendered":"<p>Beba a sua bebida preferida em movimento, com estilo e \u00e0 temperatura perfeita!<\/p>\n<p>O termo Hario Stick \u00e9 compacto e port\u00e1til, cabendo mesmo no seu bolso. A textura mate do corpo e as cores chiques criam um especto elegante.<\/p>\n<p>O termo Stick n\u00e3o \u00e9 apenas bonito, mas tamb\u00e9m vers\u00e1til! Leve o seu caf\u00e9 acabado de fazer, shots de expresso, ch\u00e1, ou simplesmente \u00e1gua quente para fazer caf\u00e9 ao ar livre num piquenique ou no trabalho!<\/p>\n<p>&nbsp;<\/p>\n<p>Reten\u00e7\u00e3o de calor: 50 graus&gt; (6 horas)<br \/>\nReten\u00e7\u00e3o a frio: 14 graus&lt; (6 horas)<\/p>\n<p>&nbsp;<\/p>\n<p>Pode encontrar o termo Hario Stick em cinza <a href=\"https:\/\/staging.sgtmartinho.com\/loja\/termo-hario-stick-cinza\/\" target=\"_blank\" rel=\"noopener\">aqui<\/a>.<\/p>\n<p><strong>Detalhes do Produto:<br \/>\n<\/strong>SSB-350-B<br \/>\nCor: Preto<br \/>\nCapacidade: Capacidade pr\u00e1tica de 350ml<br \/>\nPeso (Incl. caixa): Aprox. 200g<\/p>\n<p>Materiais:<br \/>\nCorpo: A\u00e7o inoxid\u00e1vel (revestimento de resina acr\u00edlica)<br \/>\nTampa: A\u00e7o inox, Polipropileno<br \/>\nBorracha inoxid\u00e1vel: Borracha de silicone<\/p>\n","protected":false},"featured_media":8736,"template":"","meta":[],"product_brand":[],"product_cat":[58,88],"product_tag":[],"class_list":{"0":"post-3153","1":"product","2":"type-product","3":"status-publish","4":"has-post-thumbnail","6":"brands-hario","7":"product_cat-equipamento","8":"product_cat-acessorios","10":"first","11":"instock","12":"taxable","13":"shipping-taxable","14":"purchasable","15":"product-type-simple"},"_links":{"self":[{"href":"https:\/\/staging.sgtmartinho.com\/es\/wp-json\/wp\/v2\/product\/3153","targetHints":{"allow":["GET"]}}],"collection":[{"href":"https:\/\/staging.sgtmartinho.com\/es\/wp-json\/wp\/v2\/product"}],"about":[{"href":"https:\/\/staging.sgtmartinho.com\/es\/wp-json\/wp\/v2\/types\/product"}],"wp:featuredmedia":[{"embeddable":true,"href":"https:\/\/staging.sgtmartinho.com\/es\/wp-json\/wp\/v2\/media\/8736"}],"wp:attachment":[{"href":"https:\/\/staging.sgtmartinho.com\/es\/wp-json\/wp\/v2\/media?parent=3153"}],"wp:term":[{"taxonomy":"product_brand","embeddable":true,"href":"https:\/\/staging.sgtmartinho.com\/es\/wp-json\/wp\/v2\/product_brand?post=3153"},{"taxonomy":"product_cat","embeddable":true,"href":"https:\/\/staging.sgtmartinho.com\/es\/wp-json\/wp\/v2\/product_cat?post=3153"},{"taxonomy":"product_tag","embeddable":true,"href":"https:\/\/staging.sgtmartinho.com\/es\/wp-json\/wp\/v2\/product_tag?post=3153"}],"curies":[{"name":"wp","href":"https:\/\/api.w.org\/{rel}","templated":true}]}}