{"id":3145,"date":"2021-10-04T09:57:04","date_gmt":"2021-10-04T08:57:04","guid":{"rendered":"https:\/\/www.sgtmartinho.com\/?post_type=product&#038;p=3145"},"modified":"2024-02-12T16:51:31","modified_gmt":"2024-02-12T16:51:31","slug":"hario-termo-miolove-osm-270-b","status":"publish","type":"product","link":"https:\/\/staging.sgtmartinho.com\/es\/loja\/hario-termo-miolove-osm-270-b\/","title":{"rendered":"Termo Miolove Hario"},"content":{"rendered":"<p><iframe title=\"\u3010PV\u3011 HARIO Stainless steel mug MIOLOVE  Barista Collaboration\u3010Odd-Steinar T\u00f8llefsen\u3011\" width=\"500\" height=\"281\" src=\"https:\/\/www.youtube.com\/embed\/xVhKRLXJhL4?feature=oembed\" frameborder=\"0\" allow=\"accelerometer; autoplay; clipboard-write; encrypted-media; gyroscope; picture-in-picture; web-share\" referrerpolicy=\"strict-origin-when-cross-origin\" allowfullscreen><\/iframe><\/p>\n","protected":false},"excerpt":{"rendered":"<p>Saboreie o seu caf\u00e9 como um bom vinho com o Termo Miolove, criado em colabora\u00e7\u00e3o com o campe\u00e3o da World Brewers Cup 2015, Odd-Steinar T\u00f8llefsen!<\/p>\n<p>As paredes exteriores e interiores do Termo Miolove s\u00e3o arredondadas, fazendo-o caber confortavelmente na sua m\u00e3o. O termo tem paredes duplas, preservando a temperatura tanto das bebidas quentes como frias. A tampa pode ser facilmente removida para limpeza, ou simplesmente para beber diretamente do termo.<\/p>\n<p>&nbsp;<\/p>\n<p>Agora j\u00e1 pode transportar o seu <a href=\"https:\/\/staging.sgtmartinho.com\/loja-categoria\/cafe\/\" target=\"_blank\" rel=\"noopener\">caf\u00e9 de especialidade d&#8217;A Sargento Martinho<\/a> com o Termo Miolove!<\/p>\n<p>&nbsp;<\/p>\n<p><strong>Detalhes do Produto:<br \/>\n<\/strong>OSM-270-B<br \/>\nCor: Preto<br \/>\nCapacidade: Capacidade pr\u00e1tica 270mL<br \/>\nPeso (Incl. caixa): Aprox. 250g<\/p>\n<p>Materiais:<br \/>\nCorpo: A\u00e7o inoxid\u00e1vel<br \/>\nTampa: Polipropileno<br \/>\nEmbalagem: Borracha de silicone<\/p>\n","protected":false},"featured_media":7851,"template":"","meta":[],"product_brand":[],"product_cat":[58,88],"product_tag":[241,240,239,238,201,187,181],"class_list":{"0":"post-3145","1":"product","2":"type-product","3":"status-publish","4":"has-post-thumbnail","6":"brands-hario","7":"product_cat-equipamento","8":"product_cat-acessorios","9":"product_tag-equipment","10":"product_tag-termus","11":"product_tag-termo","12":"product_tag-miolove","13":"product_tag-specialty","14":"product_tag-coffee","15":"product_tag-hario","17":"first","18":"instock","19":"taxable","20":"shipping-taxable","21":"purchasable","22":"product-type-simple"},"_links":{"self":[{"href":"https:\/\/staging.sgtmartinho.com\/es\/wp-json\/wp\/v2\/product\/3145","targetHints":{"allow":["GET"]}}],"collection":[{"href":"https:\/\/staging.sgtmartinho.com\/es\/wp-json\/wp\/v2\/product"}],"about":[{"href":"https:\/\/staging.sgtmartinho.com\/es\/wp-json\/wp\/v2\/types\/product"}],"wp:featuredmedia":[{"embeddable":true,"href":"https:\/\/staging.sgtmartinho.com\/es\/wp-json\/wp\/v2\/media\/7851"}],"wp:attachment":[{"href":"https:\/\/staging.sgtmartinho.com\/es\/wp-json\/wp\/v2\/media?parent=3145"}],"wp:term":[{"taxonomy":"product_brand","embeddable":true,"href":"https:\/\/staging.sgtmartinho.com\/es\/wp-json\/wp\/v2\/product_brand?post=3145"},{"taxonomy":"product_cat","embeddable":true,"href":"https:\/\/staging.sgtmartinho.com\/es\/wp-json\/wp\/v2\/product_cat?post=3145"},{"taxonomy":"product_tag","embeddable":true,"href":"https:\/\/staging.sgtmartinho.com\/es\/wp-json\/wp\/v2\/product_tag?post=3145"}],"curies":[{"name":"wp","href":"https:\/\/api.w.org\/{rel}","templated":true}]}}