{"id":3125,"date":"2021-09-30T10:50:02","date_gmt":"2021-09-30T09:50:02","guid":{"rendered":"https:\/\/www.sgtmartinho.com\/?post_type=product&#038;p=3125"},"modified":"2024-02-12T16:51:30","modified_gmt":"2024-02-12T16:51:30","slug":"chaleira-electrica-com-controlo-de-temperatura-hario","status":"publish","type":"product","link":"https:\/\/staging.sgtmartinho.com\/es\/loja\/chaleira-electrica-com-controlo-de-temperatura-hario\/","title":{"rendered":"Chaleira El\u00e9ctrica Com Controlo De Temperatura Hario"},"content":{"rendered":"","protected":false},"excerpt":{"rendered":"<p>Esta chaleira com controlo de temperatura foi projetada para ser f\u00e1cil de usar.<\/p>\n<p>Mesmo uma diferen\u00e7a de 1 \u00b0 C na temperatura altera o sabor do caf\u00e9. Com esta chaleira el\u00e9trica, voc\u00ea pode ajustar a temperatura de 1 \u2103 de 50 \u2103 a 96 \u2103 para preparar o caf\u00e9 perfeito. As configura\u00e7\u00f5es de aquecimento e manter quente s\u00e3o codificadas por cores para que voc\u00ea possa ver a configura\u00e7\u00e3o de relance. A \u00e1gua \u00e9 mantida quente por um per\u00edodo determinado ap\u00f3s o aquecimento. Quando a chaleira est\u00e1 vazia para evitar a fervura a seco e a energia \u00e9 desligada automaticamente quando a chaleira n\u00e3o \u00e9 operada por 10 minutos.<\/p>\n<p>&nbsp;<\/p>\n<p><strong>Detalhes do Produto:<\/strong><br \/>\nEVKT-80E-HSV<br \/>\nDimens\u00f5es: L300 \u00d7 D190 \u00d7 H185mm<br \/>\nCapacidade: Capacidade pr\u00e1tica 800ml<\/p>\n<p>Materiais:<br \/>\nMan\u00edpulo da tampa e pega: Polipropileno<br \/>\nTampa e corpo da chaleira: A\u00e7o inox<br \/>\nPlaca de alimenta\u00e7\u00e3o de energia: Polipropileno<\/p>\n","protected":false},"featured_media":8172,"template":"","meta":[],"product_brand":[],"product_cat":[58,87],"product_tag":[],"class_list":{"0":"post-3125","1":"product","2":"type-product","3":"status-publish","4":"has-post-thumbnail","6":"brands-hario","7":"product_cat-equipamento","8":"product_cat-chaleiras","10":"first","11":"instock","12":"taxable","13":"shipping-taxable","14":"purchasable","15":"product-type-simple"},"_links":{"self":[{"href":"https:\/\/staging.sgtmartinho.com\/es\/wp-json\/wp\/v2\/product\/3125","targetHints":{"allow":["GET"]}}],"collection":[{"href":"https:\/\/staging.sgtmartinho.com\/es\/wp-json\/wp\/v2\/product"}],"about":[{"href":"https:\/\/staging.sgtmartinho.com\/es\/wp-json\/wp\/v2\/types\/product"}],"wp:featuredmedia":[{"embeddable":true,"href":"https:\/\/staging.sgtmartinho.com\/es\/wp-json\/wp\/v2\/media\/8172"}],"wp:attachment":[{"href":"https:\/\/staging.sgtmartinho.com\/es\/wp-json\/wp\/v2\/media?parent=3125"}],"wp:term":[{"taxonomy":"product_brand","embeddable":true,"href":"https:\/\/staging.sgtmartinho.com\/es\/wp-json\/wp\/v2\/product_brand?post=3125"},{"taxonomy":"product_cat","embeddable":true,"href":"https:\/\/staging.sgtmartinho.com\/es\/wp-json\/wp\/v2\/product_cat?post=3125"},{"taxonomy":"product_tag","embeddable":true,"href":"https:\/\/staging.sgtmartinho.com\/es\/wp-json\/wp\/v2\/product_tag?post=3125"}],"curies":[{"name":"wp","href":"https:\/\/api.w.org\/{rel}","templated":true}]}}