{"id":3119,"date":"2021-09-30T10:33:23","date_gmt":"2021-09-30T09:33:23","guid":{"rendered":"https:\/\/www.sgtmartinho.com\/?post_type=product&#038;p=3119"},"modified":"2024-02-12T16:51:30","modified_gmt":"2024-02-12T16:51:30","slug":"chaleira-vkb-120hsv-hario","status":"publish","type":"product","link":"https:\/\/staging.sgtmartinho.com\/es\/loja\/chaleira-vkb-120hsv-hario\/","title":{"rendered":"Chaleira Buono Hario"},"content":{"rendered":"","protected":false},"excerpt":{"rendered":"<p>Sirva a ch\u00e1vena de caf\u00e9 perfeita com esta chaleira Buono da Hario com bico fino em formato de pesco\u00e7o de cisne.<\/p>\n<p>Esta chaleira com bico fino facilita o controle da quantidade e da velocidade de despejo da \u00e1gua quente, sendo incrivelmente \u00fatil na prepara\u00e7\u00e3o de uma V60.<\/p>\n<p>&nbsp;<\/p>\n<p>Esta chaleira \u00e9 o complemento perfeito para um <a href=\"https:\/\/staging.sgtmartinho.com\/loja-categoria\/equipamento\/kits\/\" target=\"_blank\" rel=\"noopener\">kit V60 da Hario.<\/a><\/p>\n<p>&nbsp;<\/p>\n<p>Tamb\u00e9m pode optar pelo modelo da chaleira Buono em <a href=\"https:\/\/staging.sgtmartinho.com\/loja\/chaleira-buono-preto-mate-hario\/\" target=\"_blank\" rel=\"noopener\">preto matte<\/a>.<\/p>\n<p>&nbsp;<\/p>\n<p><strong>Detalhes do Produto:<\/strong><br \/>\nVKB-120HSV<br \/>\nCor: Prata<br \/>\nDimens\u00f5es: 292 \u00d7 144 \u00d7 147mm<br \/>\nCapacidade: Capacidade pr\u00e1tica de 800mL<br \/>\nPeso (Incl. caixa): Aprox. 600g<\/p>\n<p>Materiais:<br \/>\nCorpo e tampa: A\u00e7o inoxid\u00e1vel<br \/>\nPega e pega da tampa: Resina de fenol<\/p>\n<p>&nbsp;<\/p>\n<p>Fabricado no Jap\u00e3o.<\/p>\n","protected":false},"featured_media":8155,"template":"","meta":[],"product_brand":[],"product_cat":[58,87],"product_tag":[],"class_list":{"0":"post-3119","1":"product","2":"type-product","3":"status-publish","4":"has-post-thumbnail","6":"brands-hario","7":"product_cat-equipamento","8":"product_cat-chaleiras","10":"first","11":"instock","12":"taxable","13":"shipping-taxable","14":"purchasable","15":"product-type-simple"},"_links":{"self":[{"href":"https:\/\/staging.sgtmartinho.com\/es\/wp-json\/wp\/v2\/product\/3119","targetHints":{"allow":["GET"]}}],"collection":[{"href":"https:\/\/staging.sgtmartinho.com\/es\/wp-json\/wp\/v2\/product"}],"about":[{"href":"https:\/\/staging.sgtmartinho.com\/es\/wp-json\/wp\/v2\/types\/product"}],"wp:featuredmedia":[{"embeddable":true,"href":"https:\/\/staging.sgtmartinho.com\/es\/wp-json\/wp\/v2\/media\/8155"}],"wp:attachment":[{"href":"https:\/\/staging.sgtmartinho.com\/es\/wp-json\/wp\/v2\/media?parent=3119"}],"wp:term":[{"taxonomy":"product_brand","embeddable":true,"href":"https:\/\/staging.sgtmartinho.com\/es\/wp-json\/wp\/v2\/product_brand?post=3119"},{"taxonomy":"product_cat","embeddable":true,"href":"https:\/\/staging.sgtmartinho.com\/es\/wp-json\/wp\/v2\/product_cat?post=3119"},{"taxonomy":"product_tag","embeddable":true,"href":"https:\/\/staging.sgtmartinho.com\/es\/wp-json\/wp\/v2\/product_tag?post=3119"}],"curies":[{"name":"wp","href":"https:\/\/api.w.org\/{rel}","templated":true}]}}