{"id":2749,"date":"2021-08-26T15:16:46","date_gmt":"2021-08-26T14:16:46","guid":{"rendered":"https:\/\/www.sgtmartinho.com\/?post_type=product&#038;p=2749"},"modified":"2024-02-12T16:51:25","modified_gmt":"2024-02-12T16:51:25","slug":"hario-drip-pot-wood-neck-dpw-3","status":"publish","type":"product","link":"https:\/\/staging.sgtmartinho.com\/es\/loja\/hario-drip-pot-wood-neck-dpw-3\/","title":{"rendered":"Drip Pot Wood Neck Hario"},"content":{"rendered":"","protected":false},"excerpt":{"rendered":"<p>Devido \u00e0 lenta extra\u00e7\u00e3o do caf\u00e9 atrav\u00e9s da fina e delicada flanela de algod\u00e3o, nunca compromete a acidez, o amargor e o sabor das caracter\u00edsticas originais do gr\u00e3o. Al\u00e9m disso, voc\u00ea poder\u00e1 sentir o sabor rico do caf\u00e9 proveniente dos \u00f3leos do caf\u00e9, o que \u00e9 uma vantagem neste m\u00e9todo.<\/p>\n<p>DPW-3<br \/>\nCAPACIDADE 1-4 ch\u00e1venas<\/p>\n","protected":false},"featured_media":8003,"template":"","meta":[],"product_brand":[],"product_cat":[58,84],"product_tag":[],"class_list":{"0":"post-2749","1":"product","2":"type-product","3":"status-publish","4":"has-post-thumbnail","6":"brands-hario","7":"product_cat-equipamento","8":"product_cat-v60","10":"first","11":"instock","12":"taxable","13":"shipping-taxable","14":"purchasable","15":"product-type-simple"},"_links":{"self":[{"href":"https:\/\/staging.sgtmartinho.com\/es\/wp-json\/wp\/v2\/product\/2749","targetHints":{"allow":["GET"]}}],"collection":[{"href":"https:\/\/staging.sgtmartinho.com\/es\/wp-json\/wp\/v2\/product"}],"about":[{"href":"https:\/\/staging.sgtmartinho.com\/es\/wp-json\/wp\/v2\/types\/product"}],"wp:featuredmedia":[{"embeddable":true,"href":"https:\/\/staging.sgtmartinho.com\/es\/wp-json\/wp\/v2\/media\/8003"}],"wp:attachment":[{"href":"https:\/\/staging.sgtmartinho.com\/es\/wp-json\/wp\/v2\/media?parent=2749"}],"wp:term":[{"taxonomy":"product_brand","embeddable":true,"href":"https:\/\/staging.sgtmartinho.com\/es\/wp-json\/wp\/v2\/product_brand?post=2749"},{"taxonomy":"product_cat","embeddable":true,"href":"https:\/\/staging.sgtmartinho.com\/es\/wp-json\/wp\/v2\/product_cat?post=2749"},{"taxonomy":"product_tag","embeddable":true,"href":"https:\/\/staging.sgtmartinho.com\/es\/wp-json\/wp\/v2\/product_tag?post=2749"}],"curies":[{"name":"wp","href":"https:\/\/api.w.org\/{rel}","templated":true}]}}