{"id":2740,"date":"2021-08-26T14:46:01","date_gmt":"2021-08-26T13:46:01","guid":{"rendered":"https:\/\/www.sgtmartinho.com\/?post_type=product&#038;p=2740"},"modified":"2024-02-12T16:51:24","modified_gmt":"2024-02-12T16:51:24","slug":"hario-v60-01-dripper-metal-dmd-01-hsv","status":"publish","type":"product","link":"https:\/\/staging.sgtmartinho.com\/es\/loja\/hario-v60-01-dripper-metal-dmd-01-hsv\/","title":{"rendered":"V60 01 Coador &#8211; Metal Hario"},"content":{"rendered":"","protected":false},"excerpt":{"rendered":"<p>Dois filtros de malha finamente gravados se sobrep\u00f5em. Aprecie o l\u00edquido transl\u00facido como se fosse preparado com um filtro de papel, junto com um sabor rico e um toque dos \u00f3leos naturais do caf\u00e9 exclusivos deste filtro met\u00e1lico.<\/p>\n<p>DMD-01-HSV<br \/>\nCOR prateado.<br \/>\nCAPACIDADE 1-2 ch\u00e1venas<\/p>\n","protected":false},"featured_media":7958,"template":"","meta":[],"product_brand":[],"product_cat":[58,84],"product_tag":[],"class_list":{"0":"post-2740","1":"product","2":"type-product","3":"status-publish","4":"has-post-thumbnail","6":"brands-hario","7":"product_cat-equipamento","8":"product_cat-v60","10":"first","11":"instock","12":"taxable","13":"shipping-taxable","14":"purchasable","15":"product-type-simple"},"_links":{"self":[{"href":"https:\/\/staging.sgtmartinho.com\/es\/wp-json\/wp\/v2\/product\/2740","targetHints":{"allow":["GET"]}}],"collection":[{"href":"https:\/\/staging.sgtmartinho.com\/es\/wp-json\/wp\/v2\/product"}],"about":[{"href":"https:\/\/staging.sgtmartinho.com\/es\/wp-json\/wp\/v2\/types\/product"}],"wp:featuredmedia":[{"embeddable":true,"href":"https:\/\/staging.sgtmartinho.com\/es\/wp-json\/wp\/v2\/media\/7958"}],"wp:attachment":[{"href":"https:\/\/staging.sgtmartinho.com\/es\/wp-json\/wp\/v2\/media?parent=2740"}],"wp:term":[{"taxonomy":"product_brand","embeddable":true,"href":"https:\/\/staging.sgtmartinho.com\/es\/wp-json\/wp\/v2\/product_brand?post=2740"},{"taxonomy":"product_cat","embeddable":true,"href":"https:\/\/staging.sgtmartinho.com\/es\/wp-json\/wp\/v2\/product_cat?post=2740"},{"taxonomy":"product_tag","embeddable":true,"href":"https:\/\/staging.sgtmartinho.com\/es\/wp-json\/wp\/v2\/product_tag?post=2740"}],"curies":[{"name":"wp","href":"https:\/\/api.w.org\/{rel}","templated":true}]}}