{"id":2728,"date":"2021-08-26T15:07:57","date_gmt":"2021-08-26T14:07:57","guid":{"rendered":"https:\/\/www.sgtmartinho.com\/?post_type=product&#038;p=2728"},"modified":"2024-02-12T16:51:24","modified_gmt":"2024-02-12T16:51:24","slug":"hario-v60-switch-ssd-200-b","status":"publish","type":"product","link":"https:\/\/staging.sgtmartinho.com\/es\/loja\/hario-v60-switch-ssd-200-b\/","title":{"rendered":"V60 Coador de Imers\u00e3o Switch Hario"},"content":{"rendered":"<p><iframe title=\"[HARIO]Immersion dripper Switch [SSD]\" width=\"500\" height=\"281\" src=\"https:\/\/www.youtube.com\/embed\/hKrWPqfOGEE?feature=oembed\" frameborder=\"0\" allow=\"accelerometer; autoplay; clipboard-write; encrypted-media; gyroscope; picture-in-picture; web-share\" referrerpolicy=\"strict-origin-when-cross-origin\" allowfullscreen><\/iframe><\/p>\n","protected":false},"excerpt":{"rendered":"<p>Extrair caf\u00e9 com o Switch da Hario \u00e9 sin\u00f3nimo de liberdade. Ao contr\u00e1rio dos tradicionais coadores V60 com os quais o caf\u00e9 \u00e9 extra\u00eddo atrav\u00e9s do constante fluxo de \u00e1gua quente, este coador \u00e9 feito especificamente para o m\u00e9todo de extrac\u00e7\u00e3o por imers\u00e3o.<\/p>\n<p>&nbsp;<\/p>\n<p>A esfera de a\u00e7o inoxid\u00e1vel colocada na base do coador bloqueia o fluxo de \u00e1gua imediato, permitindo que a \u00e1gua vertida permane\u00e7a dentro do coador com o caf\u00e9 mo\u00eddo durante 2 minutos.<\/p>\n<p>&nbsp;<\/p>\n<p>Depois, com o premir de um bot\u00e3o (da\u00ed o nome<em> Switch<\/em>), o caf\u00e9 flui para dentro da ch\u00e1vena de caf\u00e9, permitindo uma extra\u00e7\u00e3o f\u00e1cil e uniforme do caf\u00e9. Uma das maiores vantagens do Switch, al\u00e9m de ser pr\u00e1tico e f\u00e1cil de utilizar, \u00e9 que ir\u00e1 fazer caf\u00e9s consistentes, independentemente de quem prepara o caf\u00e9.<\/p>\n<p>&nbsp;<\/p>\n<p>Experimente j\u00e1 o Switch com o <a href=\"https:\/\/staging.sgtmartinho.com\/loja-categoria\/cafe\/\" target=\"_blank\" rel=\"noopener\">caf\u00e9 de especialidade 100% Ar\u00e1bica d&#8217;A Sargento Martinho<\/a>.<\/p>\n<p>&nbsp;<\/p>\n<p><strong>Detalhes do Produto:<\/strong><br \/>\nSSD-200-B<br \/>\nCor: Preto<br \/>\nTamanho: C118 \u00d7 L115 \u00d7 A133mm<br \/>\nCapacidade: Capacidade total de 200ml<br \/>\nPeso (Incl. caixa): 350g<\/p>\n<p>Materiais:<br \/>\nV60 Coador: Vidro \u00e0 prova de calor<br \/>\nBase: Borracha de silicone<br \/>\nTroca: resina PCT<br \/>\nEsfera de a\u00e7o inoxid\u00e1vel: a\u00e7o inoxid\u00e1vel<\/p>\n<p>&nbsp;<\/p>\n<p>Este produto pode ir \u00e0 m\u00e1quina de lavar lou\u00e7a e ao microondas.<\/p>\n<p>&nbsp;<\/p>\n<p>Fabricado no Jap\u00e3o.<\/p>\n<p>&nbsp;<\/p>\n<p>&nbsp;<\/p>\n","protected":false},"featured_media":7950,"template":"","meta":[],"product_brand":[],"product_cat":[58,84],"product_tag":[],"class_list":{"0":"post-2728","1":"product","2":"type-product","3":"status-publish","4":"has-post-thumbnail","6":"brands-hario","7":"product_cat-equipamento","8":"product_cat-v60","10":"first","11":"instock","12":"taxable","13":"shipping-taxable","14":"purchasable","15":"product-type-simple"},"_links":{"self":[{"href":"https:\/\/staging.sgtmartinho.com\/es\/wp-json\/wp\/v2\/product\/2728","targetHints":{"allow":["GET"]}}],"collection":[{"href":"https:\/\/staging.sgtmartinho.com\/es\/wp-json\/wp\/v2\/product"}],"about":[{"href":"https:\/\/staging.sgtmartinho.com\/es\/wp-json\/wp\/v2\/types\/product"}],"wp:featuredmedia":[{"embeddable":true,"href":"https:\/\/staging.sgtmartinho.com\/es\/wp-json\/wp\/v2\/media\/7950"}],"wp:attachment":[{"href":"https:\/\/staging.sgtmartinho.com\/es\/wp-json\/wp\/v2\/media?parent=2728"}],"wp:term":[{"taxonomy":"product_brand","embeddable":true,"href":"https:\/\/staging.sgtmartinho.com\/es\/wp-json\/wp\/v2\/product_brand?post=2728"},{"taxonomy":"product_cat","embeddable":true,"href":"https:\/\/staging.sgtmartinho.com\/es\/wp-json\/wp\/v2\/product_cat?post=2728"},{"taxonomy":"product_tag","embeddable":true,"href":"https:\/\/staging.sgtmartinho.com\/es\/wp-json\/wp\/v2\/product_tag?post=2728"}],"curies":[{"name":"wp","href":"https:\/\/api.w.org\/{rel}","templated":true}]}}