{"id":2708,"date":"2021-08-26T14:36:21","date_gmt":"2021-08-26T13:36:21","guid":{"rendered":"https:\/\/www.sgtmartinho.com\/?post_type=product&#038;p=2708"},"modified":"2024-02-12T16:51:24","modified_gmt":"2024-02-12T16:51:24","slug":"hario-v60-plastico-vd-02t","status":"publish","type":"product","link":"https:\/\/staging.sgtmartinho.com\/es\/loja\/hario-v60-plastico-vd-02t\/","title":{"rendered":"V60 02 Coador Transparente Hario"},"content":{"rendered":"","protected":false},"excerpt":{"rendered":"<p>O V60 da Hario \u00e9 um ic\u00f3nico coador de caf\u00e9 mundialmente reconhecido.<\/p>\n<p>O Coador de Caf\u00e9 V6o Tamanho 02 em Pl\u00e1stico da Hario \u00e9 um coador revolucion\u00e1rio em forma de cone faz com que o filtro de papel em forma de cone confira profundidade \u00e0 camada de caf\u00e9, de modo que a \u00e1gua flua para o centro, prolongando o tempo de contato com o caf\u00e9 mo\u00eddo.<\/p>\n<p>O modelo de tamanho 02 permite-lhe fazer caf\u00e9 para duas pessoas ou mais (1-4 ch\u00e1venas), dependendo das suas necessidades.<\/p>\n<p>Fica-lhe a faltar apenas <a href=\"https:\/\/staging.sgtmartinho.com\/loja\/filtros-v60-02-100-hario\/\" target=\"_blank\" rel=\"noopener\">filtros de papel (tamanho 02)<\/a> e o <a href=\"https:\/\/staging.sgtmartinho.com\/loja-categoria\/cafe\/\" target=\"_blank\" rel=\"noopener\">caf\u00e9 de especialidade d&#8217;A Sargento Martinho<\/a>.<\/p>\n<p>&nbsp;<\/p>\n<p>O coador V60 da Hario em pl\u00e1stico est\u00e1 tamb\u00e9m dispon\u00edvel em vermelho <a href=\"https:\/\/staging.sgtmartinho.com\/loja\/v60-02-dripper-vermelho-hario\/\" target=\"_blank\" rel=\"noopener\">aqui<\/a>.<\/p>\n<p>&nbsp;<\/p>\n<p><strong>Detalhes do Produto:<\/strong><br \/>\nVD-02T<br \/>\nCapacidade: 400ml<br \/>\nTamanho: C137\u00d7L116\u00d7A102mm<br \/>\nMaterial: Pl\u00e1stico (Resina de acrilonitrilo-estireno)<\/p>\n<p>Este produto inclui tamb\u00e9m uma colher de medi\u00e7\u00e3o e um manual de como preparar o seu caf\u00e9.<\/p>\n","protected":false},"featured_media":7932,"template":"","meta":[],"product_brand":[],"product_cat":[58,84],"product_tag":[],"class_list":{"0":"post-2708","1":"product","2":"type-product","3":"status-publish","4":"has-post-thumbnail","6":"brands-hario","7":"product_cat-equipamento","8":"product_cat-v60","10":"first","11":"instock","12":"taxable","13":"shipping-taxable","14":"purchasable","15":"product-type-simple"},"_links":{"self":[{"href":"https:\/\/staging.sgtmartinho.com\/es\/wp-json\/wp\/v2\/product\/2708","targetHints":{"allow":["GET"]}}],"collection":[{"href":"https:\/\/staging.sgtmartinho.com\/es\/wp-json\/wp\/v2\/product"}],"about":[{"href":"https:\/\/staging.sgtmartinho.com\/es\/wp-json\/wp\/v2\/types\/product"}],"wp:featuredmedia":[{"embeddable":true,"href":"https:\/\/staging.sgtmartinho.com\/es\/wp-json\/wp\/v2\/media\/7932"}],"wp:attachment":[{"href":"https:\/\/staging.sgtmartinho.com\/es\/wp-json\/wp\/v2\/media?parent=2708"}],"wp:term":[{"taxonomy":"product_brand","embeddable":true,"href":"https:\/\/staging.sgtmartinho.com\/es\/wp-json\/wp\/v2\/product_brand?post=2708"},{"taxonomy":"product_cat","embeddable":true,"href":"https:\/\/staging.sgtmartinho.com\/es\/wp-json\/wp\/v2\/product_cat?post=2708"},{"taxonomy":"product_tag","embeddable":true,"href":"https:\/\/staging.sgtmartinho.com\/es\/wp-json\/wp\/v2\/product_tag?post=2708"}],"curies":[{"name":"wp","href":"https:\/\/api.w.org\/{rel}","templated":true}]}}