{"id":2109,"date":"2021-06-09T22:03:57","date_gmt":"2021-06-09T21:03:57","guid":{"rendered":"https:\/\/www.sgtmartinho.com\/?post_type=product&#038;p=2109"},"modified":"2024-02-12T16:51:24","modified_gmt":"2024-02-12T16:51:24","slug":"filtro-pano-v60-bicla","status":"publish","type":"product","link":"https:\/\/staging.sgtmartinho.com\/es\/loja\/filtro-pano-v60-bicla\/","title":{"rendered":"Filtro V60 02 Pano"},"content":{"rendered":"","protected":false},"excerpt":{"rendered":"<p class=\"\">Filtros em pano para V60 e semelhantes cafeteiras, tamanho 02.<\/p>\n<p class=\"\">100% algod\u00e3o cru, feito \u00e0 m\u00e3o em Portugal, pela marca Bicla.<\/p>\n<p class=\"\">Produz uma bebida limpa e complexa, sem deixar res\u00edduos na bebida.<br \/>\nRecomenda-se para todos os tipos de utilizadores. Inclui instru\u00e7\u00f5es de como usar.<\/p>\n<p>Produto sustent\u00e1vel e Portugu\u00eas. Descubra mais sobre a <a href=\"https:\/\/www.bicla.com.pt\/\">Bicla<\/a>.<\/p>\n<p>&nbsp;<\/p>\n","protected":false},"featured_media":8452,"template":"","meta":[],"product_brand":[],"product_cat":[58,65],"product_tag":[216,215,199,188,187,185],"class_list":{"0":"post-2109","1":"product","2":"type-product","3":"status-publish","4":"has-post-thumbnail","6":"brands-bicla","7":"product_cat-equipamento","8":"product_cat-filtros","9":"product_tag-bicla","10":"product_tag-filtro","11":"product_tag-cafe","12":"product_tag-filter","13":"product_tag-coffee","14":"product_tag-v60","16":"first","17":"instock","18":"taxable","19":"shipping-taxable","20":"purchasable","21":"product-type-simple"},"_links":{"self":[{"href":"https:\/\/staging.sgtmartinho.com\/es\/wp-json\/wp\/v2\/product\/2109","targetHints":{"allow":["GET"]}}],"collection":[{"href":"https:\/\/staging.sgtmartinho.com\/es\/wp-json\/wp\/v2\/product"}],"about":[{"href":"https:\/\/staging.sgtmartinho.com\/es\/wp-json\/wp\/v2\/types\/product"}],"wp:featuredmedia":[{"embeddable":true,"href":"https:\/\/staging.sgtmartinho.com\/es\/wp-json\/wp\/v2\/media\/8452"}],"wp:attachment":[{"href":"https:\/\/staging.sgtmartinho.com\/es\/wp-json\/wp\/v2\/media?parent=2109"}],"wp:term":[{"taxonomy":"product_brand","embeddable":true,"href":"https:\/\/staging.sgtmartinho.com\/es\/wp-json\/wp\/v2\/product_brand?post=2109"},{"taxonomy":"product_cat","embeddable":true,"href":"https:\/\/staging.sgtmartinho.com\/es\/wp-json\/wp\/v2\/product_cat?post=2109"},{"taxonomy":"product_tag","embeddable":true,"href":"https:\/\/staging.sgtmartinho.com\/es\/wp-json\/wp\/v2\/product_tag?post=2109"}],"curies":[{"name":"wp","href":"https:\/\/api.w.org\/{rel}","templated":true}]}}