{"id":11578,"date":"2023-08-02T15:27:15","date_gmt":"2023-08-02T14:27:15","guid":{"rendered":"https:\/\/www.sgtmartinho.com\/?post_type=product&#038;p=11578"},"modified":"2024-02-12T17:05:32","modified_gmt":"2024-02-12T17:05:32","slug":"cafe-da-guatemala-huehue","status":"publish","type":"product","link":"https:\/\/staging.sgtmartinho.com\/es\/loja\/cafe-da-guatemala-huehue\/","title":{"rendered":"Caf\u00e9 da Guatemala | Huehue"},"content":{"rendered":"<p>Este caf\u00e9 vem da ASPROCDEGUA (Asociaci\u00f3n de Productores de Caf\u00e9 Diferenciados y Especiales de Guatemala): uma associa\u00e7\u00e3o fundada em 2014, com mais de 390 mulheres, que s\u00e3o produtoras de caf\u00e9 ou propriet\u00e1rias de planta\u00e7\u00f5es de caf\u00e9, e que sozinhas n\u00e3o teriam volume nem capacidade financeira para processar e exportar os seus pr\u00f3prios caf\u00e9s.<\/p>\n<p>Atrav\u00e9s desta associa\u00e7\u00e3o tamb\u00e9m t\u00eam acesso a recursos e informa\u00e7\u00e3o de como melhorarem o agroecossistema, aumentar a biodiversidade e gerir as suas fazendas de forma sustent\u00e1vel e positiva para o ambiente. Al\u00e9m disso, t\u00eam acesso a assist\u00eancia t\u00e9cnica, tal como an\u00e1lises ao solo e a projetos sociais que incluem seguran\u00e7a alimentar, educa\u00e7\u00e3o e nutri\u00e7\u00e3o.<\/p>\n<p>Cada uma destas mulheres \u00e9 respons\u00e1vel em m\u00e9dia por 2 hectares de terra, onde cultivam n\u00e3o s\u00f3 caf\u00e9, mas tamb\u00e9m outro tipo de planta\u00e7\u00f5es, tais como banana, citrinos, abacates e outras frutas tropicais.<\/p>\n<p>Huehuetenango est\u00e1 localizada na regi\u00e3o noroeste da Guatemala e oferece um dos gr\u00e3os de caf\u00e9 mais espetacular do pa\u00eds.<\/p>\n<p>&nbsp;<\/p>\n<p>Para descrever melhor o caf\u00e9 pedimos ajuda \u00e0 nossa querida artista <a href=\"https:\/\/www.instagram.com\/yankovskaya.m\/\" target=\"_blank\" rel=\"noopener\">Marina Yankovskaya<\/a>, que nos ajudasse a transpor visualmente as notas e emo\u00e7\u00f5es deste caf\u00e9. Sigam-na para ficarem a conhecer o incr\u00edvel trabalho dela.<\/p>\n","protected":false},"excerpt":{"rendered":"<p>O caf\u00e9 Huehue \u00e9 indicado para <strong>[tags]<\/strong>.<\/p>\n<p>&nbsp;<\/p>\n<p>Guatemala, Huehuetenango<br \/>\n\u2014<br \/>\nCooperativa: ASPROCDEGUA<br \/>\nVariedades: 100% Ar\u00e1bica Bourbon, Caturra e Catua\u00ed<br \/>\nProcesso: Lavado<br \/>\nAltitude: 1700m<br \/>\nNotas: <strong>Caramelo com Leite, Frutos Secos e Xarope de Lim\u00e3o<\/strong><br \/>\nEmo\u00e7\u00f5es: Curioso e Motivado<\/p>\n<p>&nbsp;<\/p>\n<p>Moagem:<br \/>\n&#8211; Fina para Cafeteira Italiana, Prensa Francesa e Hario V60 para 1 pessoa<br \/>\n&#8211; M\u00e9dia para Aeropress, Chemex e V60 para 2 pessoas<br \/>\n&#8211; Grossa para m\u00e1quina de caf\u00e9 de filtro tipo Moccamaster<\/p>\n","protected":false},"featured_media":11616,"template":"","meta":[],"product_brand":[],"product_cat":[23],"product_tag":[182,169,24,26],"class_list":{"0":"post-11578","1":"product","2":"type-product","3":"status-publish","4":"has-post-thumbnail","6":"product_cat-cafe","7":"product_tag-cold-brew","8":"product_tag-cafeteira-italiana","9":"product_tag-espresso","10":"product_tag-cafe-de-filtro","12":"first","13":"instock","14":"taxable","15":"shipping-taxable","16":"purchasable","17":"product-type-variable","18":"has-default-attributes"},"_links":{"self":[{"href":"https:\/\/staging.sgtmartinho.com\/es\/wp-json\/wp\/v2\/product\/11578","targetHints":{"allow":["GET"]}}],"collection":[{"href":"https:\/\/staging.sgtmartinho.com\/es\/wp-json\/wp\/v2\/product"}],"about":[{"href":"https:\/\/staging.sgtmartinho.com\/es\/wp-json\/wp\/v2\/types\/product"}],"wp:featuredmedia":[{"embeddable":true,"href":"https:\/\/staging.sgtmartinho.com\/es\/wp-json\/wp\/v2\/media\/11616"}],"wp:attachment":[{"href":"https:\/\/staging.sgtmartinho.com\/es\/wp-json\/wp\/v2\/media?parent=11578"}],"wp:term":[{"taxonomy":"product_brand","embeddable":true,"href":"https:\/\/staging.sgtmartinho.com\/es\/wp-json\/wp\/v2\/product_brand?post=11578"},{"taxonomy":"product_cat","embeddable":true,"href":"https:\/\/staging.sgtmartinho.com\/es\/wp-json\/wp\/v2\/product_cat?post=11578"},{"taxonomy":"product_tag","embeddable":true,"href":"https:\/\/staging.sgtmartinho.com\/es\/wp-json\/wp\/v2\/product_tag?post=11578"}],"curies":[{"name":"wp","href":"https:\/\/api.w.org\/{rel}","templated":true}]}}