{"id":11470,"date":"2023-07-15T21:41:29","date_gmt":"2023-07-15T20:41:29","guid":{"rendered":"https:\/\/www.sgtmartinho.com\/?post_type=product&#038;p=11470"},"modified":"2024-02-12T17:05:24","modified_gmt":"2024-02-12T17:05:24","slug":"cafe-do-peru-llanos-vecinos","status":"publish","type":"product","link":"https:\/\/staging.sgtmartinho.com\/es\/loja\/cafe-do-peru-llanos-vecinos\/","title":{"rendered":"Caf\u00e9 do Peru | Llanos y Vecinos"},"content":{"rendered":"<p>\u201cCresci com o p\u00e9 de caf\u00e9\u201d, disse-me Silvestre quando lhe perguntei quais eram as suas motiva\u00e7\u00f5es para cultivar caf\u00e9. N\u00e3o h\u00e1 outra frase que exprima melhor os sentimentos de Silvestre melhor que este. A sua experi\u00eancia permite-lhe produzir caf\u00e9s de alta qualidade e espera passar todo esse conhecimento para o seu filho mais novo, que mora com ele e a sua esposa, Olga.<\/p>\n<p>A fazenda fica localizada perto duma pequena comunidade, coberta por floresta, muitas vezes nublada, com esp\u00e9cies arb\u00f3reas de grande porte, como o cedro, o louro e outras.<\/p>\n<p>Al\u00e9m da fazenda de caf\u00e9, Silvestre e Olga, (principalmente Olga) trabalham numa pequena loja, vendendo mantimentos para os vizinhos. Como eles, outras fam\u00edlias na regi\u00e3o t\u00eam outras formas de sustento financeiro, tais como a pecu\u00e1ria e o cultivo de hortali\u00e7as.<\/p>\n<p>Este lote \u00e9 100% caf\u00e9 Ar\u00e1bica, feito da conhecida variedade Caturra, muito comum na regi\u00e3o, que oferece uma \u00f3tima combina\u00e7\u00e3o de qualidade e resist\u00eancia a doen\u00e7as. Silvestre colhe as bagas de caf\u00e9 durante o dia e ao final do dia remove-lhes a casca e a polpa. De seguida, coloca as sementes das bagas em tanques de cimento a fermentar por 36 horas, verificando regularmente o progresso da fermenta\u00e7\u00e3o. Ap\u00f3s esse per\u00edodo, as sementes s\u00e3o lavadas e colocadas a secar ao sol, durante 15 a 20 dias, sob controlo constante. \u00c9 um processo meticuloso, mas o resultado manifesta-se claramente na ch\u00e1vena deste caf\u00e9.<\/p>\n<p>&nbsp;<\/p>\n<p>Para descrever melhor o caf\u00e9 pedimos ajuda \u00e0 nossa querida <a href=\"https:\/\/www.instagram.com\/besouroaline\/\" target=\"_blank\" rel=\"noopener\">\u00c4line Besour\u00f6<\/a>, artista Brasileira, que nos ajudasse a transpor visualmente as notas e emo\u00e7\u00f5es deste caf\u00e9. Sigam-na para ficarem a conhecer o incr\u00edvel trabalho dela.<\/p>\n","protected":false},"excerpt":{"rendered":"<p>O caf\u00e9 Llanos y Vecinos \u00e9 indicado para <strong>[tags]<\/strong>.<\/p>\n<p>&nbsp;<\/p>\n<p>Peru, Cajamarca, San Jos\u00e9 de Lourdes<br \/>\n\u2014<br \/>\nProdutores: Silvestre Llanos e fam\u00edlia<br \/>\nFazenda: Quanda<br \/>\nVariedade: 100% Ar\u00e1bica Caturra<br \/>\nProcesso: Natural, Fermentado por 36 horas e seco ao sol entre 15 a 20 dias<br \/>\nAltitude: 1750 m<br \/>\nNotas: <strong>Mirtilo, Baunilha e Suco de Fruta<\/strong><br \/>\nEmo\u00e7\u00f5es: Romance e Bom-Humor<\/p>\n<p>&nbsp;<\/p>\n<p>Moagem:<br \/>\n&#8211; Fina para Cafeteira Italiana, Prensa Francesa e Hario V60 para 1 pessoa<br \/>\n&#8211; M\u00e9dia para Aeropress, Chemex e V60 para 2 pessoas<br \/>\n&#8211; Grossa para m\u00e1quina de caf\u00e9 de filtro tipo Moccamaster<\/p>\n","protected":false},"featured_media":11480,"template":"","meta":[],"product_brand":[],"product_cat":[23],"product_tag":[182,169,24,26],"class_list":{"0":"post-11470","1":"product","2":"type-product","3":"status-publish","4":"has-post-thumbnail","6":"product_cat-cafe","7":"product_tag-cold-brew","8":"product_tag-cafeteira-italiana","9":"product_tag-espresso","10":"product_tag-cafe-de-filtro","12":"first","13":"instock","14":"taxable","15":"shipping-taxable","16":"purchasable","17":"product-type-variable","18":"has-default-attributes"},"_links":{"self":[{"href":"https:\/\/staging.sgtmartinho.com\/es\/wp-json\/wp\/v2\/product\/11470","targetHints":{"allow":["GET"]}}],"collection":[{"href":"https:\/\/staging.sgtmartinho.com\/es\/wp-json\/wp\/v2\/product"}],"about":[{"href":"https:\/\/staging.sgtmartinho.com\/es\/wp-json\/wp\/v2\/types\/product"}],"wp:featuredmedia":[{"embeddable":true,"href":"https:\/\/staging.sgtmartinho.com\/es\/wp-json\/wp\/v2\/media\/11480"}],"wp:attachment":[{"href":"https:\/\/staging.sgtmartinho.com\/es\/wp-json\/wp\/v2\/media?parent=11470"}],"wp:term":[{"taxonomy":"product_brand","embeddable":true,"href":"https:\/\/staging.sgtmartinho.com\/es\/wp-json\/wp\/v2\/product_brand?post=11470"},{"taxonomy":"product_cat","embeddable":true,"href":"https:\/\/staging.sgtmartinho.com\/es\/wp-json\/wp\/v2\/product_cat?post=11470"},{"taxonomy":"product_tag","embeddable":true,"href":"https:\/\/staging.sgtmartinho.com\/es\/wp-json\/wp\/v2\/product_tag?post=11470"}],"curies":[{"name":"wp","href":"https:\/\/api.w.org\/{rel}","templated":true}]}}