{"id":10338,"date":"2023-03-29T14:41:14","date_gmt":"2023-03-29T13:41:14","guid":{"rendered":"https:\/\/www.sgtmartinho.com\/?page_id=10338"},"modified":"2023-03-29T14:41:14","modified_gmt":"2023-03-29T13:41:14","slug":"terminos-y-condiciones","status":"publish","type":"page","link":"https:\/\/staging.sgtmartinho.com\/es\/terminos-y-condiciones\/","title":{"rendered":"T\u00e9rminos y condiciones"},"content":{"rendered":"<p>Agradecemos su visita a nuestro sitio web. Aseg\u00farese de leer detenidamente los T\u00e9rminos y condiciones presentados en esta p\u00e1gina, ya que cualquier uso de este sitio web significa que acepta los T\u00e9rminos y condiciones ahora presentados.<\/p>\n<p>El uso de los t\u00e9rminos \u201cnosotros\u201d, \u201cnuestro\u201d y \u201cA Sargento Martinho\u201d se refieren a SGTM &#8211; Torrefatora Lisboeta LDA y ser\u00e1n utilizados de la forma m\u00e1s adecuada seg\u00fan el contexto. \u201cUsted\u201d se refiere a cualquiera que acceda y\/o utiliza este sitio web.<\/p>\n<p>&nbsp;<\/p>\n<h3><strong>Pol\u00edtica de privacidad del sitio web<\/strong><\/h3>\n<p>Cualquier contenido o dato personal que se env\u00ede a los sitios web de A Sargento Martinho est\u00e1 sujeto a la Pol\u00edtica de privacidad y protecci\u00f3n de datos personales presentada en la Pol\u00edtica de privacidad de A Sargento Martinho.<\/p>\n<p>&nbsp;<\/p>\n<h3>Exactitud, integridad y oportunidad de la informaci\u00f3n.<\/h3>\n<p>Aunque se utilizan todos los medios a nuestro alcance para garantizar la exactitud e integridad de la informaci\u00f3n contenida en este sitio web, en ning\u00fan caso asumimos responsabilidad alguna si la informaci\u00f3n facilitada no es exacta o completa. Cualquier modificaci\u00f3n que realice en el contenido disponible en este sitio web ser\u00e1 bajo su propio riesgo y, por lo tanto, usted es responsable de monitorear dichos cambios.<\/p>\n<p>&nbsp;<\/p>\n<h3>Transmisi\u00f3n de datos<\/h3>\n<p>Cualquier contenido o comunicaci\u00f3n de datos no personales que env\u00ede a este sitio web a trav\u00e9s de correo electr\u00f3nico o cualquier otro medio, que contenga datos, preguntas, comentarios, sugerencias o similares ser\u00e1 tratado como datos no confidenciales y sin derechos de propiedad.<\/p>\n<p>Cualquier y toda la informaci\u00f3n que nos env\u00ede o coloque en nuestro sitio web se convierte en propiedad de A Sargento Martinho y puede usarse en cualquier circunstancia, incluida, entre otras, la difusi\u00f3n, reproducci\u00f3n, transmisi\u00f3n, publicaci\u00f3n, difusi\u00f3n y colocaci\u00f3n de contenido en la web. . Adem\u00e1s, A Sargento Martinho es totalmente libre de usar, para cualquier prop\u00f3sito que considere oportuno (incluidos, entre otros, el desarrollo de productos, la producci\u00f3n, la publicidad y el marketing), ideas, trabajos creativos, invenciones, desarrollo, sugerencias y conceptos en general. presente en cualquier comunicaci\u00f3n que nos env\u00ede. Su uso est\u00e1 exento de compensaci\u00f3n monetaria a la parte que proporcion\u00f3 la informaci\u00f3n.<\/p>\n<p>Al enviar informaci\u00f3n en el sitio web de A Sargento Martinho, usted garantiza, al mismo tiempo, que sus contenidos son de su responsabilidad y no difamatorios, y que el uso por parte de A Sargento Martinho no violar\u00e1 los derechos de terceros, ni la legislaci\u00f3n aplicable. A Sargento Martinho no est\u00e1 obligado a utilizar la informaci\u00f3n proporcionada.<\/p>\n<p>&nbsp;<\/p>\n<h3>Derechos de propiedad intelectual<\/h3>\n<p>\u00ae Marca registrada por SGTM &#8211; Torrefatora Lisboeta LDA. Reservados todos los derechos.<\/p>\n<p>Todos los derechos de autor y otros derechos de propiedad intelectual inherentes a los textos, im\u00e1genes y otros contenidos generalmente disponibles en este sitio web son propiedad de A Sargento Martinho o son utilizados por \u00e9l con la autorizaci\u00f3n del respectivo propietario.<\/p>\n<p>Est\u00e1 autorizado a navegar, reproducir extractos de los contenidos de este sitio web mediante impresi\u00f3n y descarga a un disco duro, con el fin de difundirlos a otras personas. Esta situaci\u00f3n solo est\u00e1 permitida bajo la condici\u00f3n de respetar los derechos de autor y otros derechos intelectuales, y siempre que se haga menci\u00f3n de la marca descrita anteriormente en estas reproducciones. Queda prohibida la reproducci\u00f3n total o parcial del sitio web con fines comerciales, as\u00ed como su alteraci\u00f3n o incorporaci\u00f3n en cualquier otro art\u00edculo, publicaci\u00f3n o sitio web.<\/p>\n<p>Ning\u00fan contenido de este sitio web puede interpretarse como una concesi\u00f3n de licencia, autorizaci\u00f3n o derecho de uso de cualquier marca comercial mencionada all\u00ed. Queda expresamente prohibido el uso o uso incorrecto o abusivo de las marcas registradas o de cualquier otro contenido de este sitio web, salvo lo dispuesto en estos T\u00e9rminos y Condiciones.<\/p>\n<p>&nbsp;<\/p>\n<p>&nbsp;<\/p>\n<h3>Acceder a enlaces a otros sitios web<\/h3>\n<p>En el sitio web de A Sargento Martinho puede encontrar enlaces de acceso a otros sitios web fuera de A Sargento Martinho, y A Sargento Martinho no acepta ninguna responsabilidad por el contenido, la precisi\u00f3n, la credibilidad y la funcionalidad de los sitios web pertenecientes a terceros. La provisi\u00f3n de tales enlaces se realiza de buena fe, sin que A Sargento Martinho se haga responsable de los cambios que se realicen en los sitios web de terceros.<\/p>\n<p>La provisi\u00f3n de enlaces a otros sitios web fuera de A Sargento Martinho no implica ninguna asunci\u00f3n de responsabilidad en relaci\u00f3n con esos sitios web. Le recomendamos encarecidamente que se informe y lea atentamente la informaci\u00f3n legal y las pol\u00edticas de privacidad de todos los sitios web que visite.<\/p>\n<p>&nbsp;<\/p>\n<h3>Garant\u00edas y descargo de responsabilidad<\/h3>\n<p>La forma en que utiliza este sitio web y los contenidos que contiene es totalmente bajo su propio riesgo y riesgo.<\/p>\n<p>&nbsp;<\/p>\n<h3>Garant\u00edas<\/h3>\n<p>Este sitio web se pone a su disposici\u00f3n con el contenido que se encuentra actualmente en \u00e9l. Por lo tanto, A Sargento Martinho no ofrece garant\u00edas de ning\u00fan tipo, ya sean expl\u00edcitas, impl\u00edcitas, legales o de otro tipo (es decir, garant\u00edas impl\u00edcitas de comercialidad o satisfacci\u00f3n del nivel de calidad e idoneidad para un prop\u00f3sito espec\u00edfico), incluidas garant\u00edas o compromisos de que el contenido de este sitio web es completo, exacto, correcto, confiable, actualizado, que su acceso a este sitio web sea ininterrumpido o libre de errores, y que no contenga virus, no garantiza que el sitio web sea seguro y que cualquier consejo u opini\u00f3n que A Sargento Martinho adquiera a trav\u00e9s de este sitio web sea correcto o confiable, por lo que no se asume ning\u00fan compromiso o garant\u00eda sobre los aspectos mencionados anteriormente.<\/p>\n<p>Tenga en cuenta que, en algunas jurisdicciones, es posible que no se permitan exclusiones de garant\u00edas impl\u00edcitas, por lo que es posible que algunas de estas exclusiones no se apliquen en su caso. Consulte la respectiva legislaci\u00f3n local aplicable.<\/p>\n<p>A Sargento Martinho se reserva el derecho, en cualquier momento y sin previo aviso, de restringir, suspender o cancelar el acceso al sitio web o parte de \u00e9l y cualquier funcionalidad incorporada en esta p\u00e1gina.<\/p>\n<p>&nbsp;<\/p>\n<h3><strong>Responsabilidad<\/strong><\/h3>\n<p>A Sargento Martinho y\/o cualquier otra parte involucrada en la creaci\u00f3n, producci\u00f3n y desarrollo de este sitio web, no ser\u00e1 responsable, bajo ninguna circunstancia, por da\u00f1os directos y\/o indirectos, incidentales, patrimoniales y\/o no patrimoniales, por da\u00f1os emergentes da\u00f1os y\/o lucro cesante, o cualquier otro da\u00f1o y\/o costo, que resulte de su acceso, uso o incapacidad de uso, de la alteraci\u00f3n del contenido de este sitio web, de cualquier otro sitio web al que acceda a trav\u00e9s de un enlace en este sitio web, causado por cualquier medida que podamos tomar, o dejar de tomar, como resultado de un mensaje electr\u00f3nico que nos haya enviado.<\/p>\n<p>A Sargento Martinho y\/o terceros involucrados en el proceso de creaci\u00f3n, producci\u00f3n y desarrollo de este sitio web no tienen responsabilidad derivada del mantenimiento de los contenidos y servicios que est\u00e1n disponibles en este sitio web, o de realizar correcciones, actualizaciones o eliminaciones de los mismos. Todos los contenidos de este sitio web est\u00e1n sujetos a cambios sin previo aviso.<\/p>\n<p>A Sargento Martinho no asume ninguna responsabilidad por las p\u00e9rdidas y\/o da\u00f1os sufridos por virus que puedan afectar a su ordenador o cualquier otro equipo, como resultado de su acceso, uso o descarga de contenidos de este sitio web. Si elige descargar contenido de este sitio web, lo har\u00e1 bajo su propio riesgo.<\/p>\n<p>Con la m\u00e1xima amplitud permitida por la legislaci\u00f3n aplicable, el usuario declara expresamente renunciar a presentar cualquier reclamaci\u00f3n contra A Sargento Martinho y sus responsables, directores, colaboradores, proveedores y programadores, que pudiera derivarse del uso o acceso a este sitio web.<\/p>\n<p>&nbsp;<\/p>\n<h3>Actividades Prohibidas<\/h3>\n<p>Quedan prohibidas todas las actividades que A Sargento Martinho considere inapropiadas y\/o susceptibles de ser ilegales de acuerdo con la legislaci\u00f3n aplicable a este sitio web, incluidas, entre otras, las siguientes:<\/p>\n<p>Cualquier acto que pueda constituir una violaci\u00f3n de la privacidad (incluido el env\u00edo de informaci\u00f3n privada a este sitio web sin el consentimiento de la persona afectada) o cualquier otro derecho legal de las personas;<\/p>\n<p>Usar este sitio web para difamar y\/o insultar a A Sargento Martinho, sus empleados, u otras personas f\u00edsicas y\/o jur\u00eddicas, o actuar de manera que desacredite la reputaci\u00f3n de A Sargento Martinho;<\/p>\n<p>Enviar archivos a este sitio web que contengan virus que puedan causar da\u00f1os a la propiedad de A Sargento Martinho oa la propiedad de los particulares;<\/p>\n<p>Colocar o transmitir a este sitio web cualquier contenido no autorizado, incluyendo, pero no limitado a, contenido que sea probable que cause, a nuestro entender, da\u00f1o o p\u00e9rdida, o incluso que viole los sistemas de seguridad de la red de A Sargento Martinho o de terceras personas, contenido que tenga contenido difamatorio, racista, obsceno, amenazante, pornogr\u00e1fico o que presente contenido que pueda ser calificado como ilegal en general.<\/p>\n<p>&nbsp;<\/p>\n<h3>Jurisdicci\u00f3n y legislaci\u00f3n aplicable<\/h3>\n<p>El contenido y la informaci\u00f3n de A Sargento Martinho contenida en este sitio web se ponen a disposici\u00f3n \u00fanicamente de los usuarios en Portugal. A Sargento Martinho no garantiza que este contenido e informaci\u00f3n sea apropiado o est\u00e9 disponible en pa\u00edses distintos de Portugal.<\/p>\n<p>El usuario de esta p\u00e1gina y A Sargento Martinho aceptan sin reservas que cualquier disputa o litigio que resulte del uso de este sitio web se regir\u00e1 por la ley portuguesa, siendo la jurisdicci\u00f3n de Lisboa, Portugal, la jurisdicci\u00f3n competente, con renuncia expresa a cualquier otra. .<\/p>\n<p>&nbsp;<\/p>\n<h3>Galletas<\/h3>\n<p>A Sargento Martinho utiliza tecnolog\u00eda de b\u00fasqueda a trav\u00e9s de Cookies. La Pol\u00edtica de A Sargento Martinho sobre el uso de cookies se define en la Pol\u00edtica de Privacidad y Datos Personales de A Sargento Martinho disponible en este sitio web.<\/p>\n<p>&nbsp;<\/p>\n<h3>Actualizaciones Legales<\/h3>\n<p>Nos reservamos el derecho de cambiar estos T\u00e9rminos y Condiciones. Visite esta p\u00e1gina regularmente para revisar la informaci\u00f3n contenida en el sitio web y cualquier informaci\u00f3n nueva adicional.<\/p>\n","protected":false},"excerpt":{"rendered":"<p>Agradecemos su visita a nuestro sitio web. Aseg\u00farese de leer detenidamente los T\u00e9rminos y condiciones presentados en esta p\u00e1gina, ya&#8230; <a href=\"https:\/\/staging.sgtmartinho.com\/es\/terminos-y-condiciones\/\"> Leer m\u00e1s<\/a><\/p>\n","protected":false},"author":2,"featured_media":0,"parent":0,"menu_order":54,"comment_status":"closed","ping_status":"closed","template":"","meta":{"footnotes":""},"class_list":["post-10338","page","type-page","status-publish","hentry"],"_links":{"self":[{"href":"https:\/\/staging.sgtmartinho.com\/es\/wp-json\/wp\/v2\/pages\/10338","targetHints":{"allow":["GET"]}}],"collection":[{"href":"https:\/\/staging.sgtmartinho.com\/es\/wp-json\/wp\/v2\/pages"}],"about":[{"href":"https:\/\/staging.sgtmartinho.com\/es\/wp-json\/wp\/v2\/types\/page"}],"author":[{"embeddable":true,"href":"https:\/\/staging.sgtmartinho.com\/es\/wp-json\/wp\/v2\/users\/2"}],"replies":[{"embeddable":true,"href":"https:\/\/staging.sgtmartinho.com\/es\/wp-json\/wp\/v2\/comments?post=10338"}],"version-history":[{"count":1,"href":"https:\/\/staging.sgtmartinho.com\/es\/wp-json\/wp\/v2\/pages\/10338\/revisions"}],"predecessor-version":[{"id":10339,"href":"https:\/\/staging.sgtmartinho.com\/es\/wp-json\/wp\/v2\/pages\/10338\/revisions\/10339"}],"wp:attachment":[{"href":"https:\/\/staging.sgtmartinho.com\/es\/wp-json\/wp\/v2\/media?parent=10338"}],"curies":[{"name":"wp","href":"https:\/\/api.w.org\/{rel}","templated":true}]}}