{"id":10332,"date":"2023-03-29T14:24:19","date_gmt":"2023-03-29T13:24:19","guid":{"rendered":"https:\/\/www.sgtmartinho.com\/politica-de-cookies\/"},"modified":"2023-03-29T14:24:19","modified_gmt":"2023-03-29T13:24:19","slug":"politica-de-cookies","status":"publish","type":"page","link":"https:\/\/staging.sgtmartinho.com\/es\/politica-de-cookies\/","title":{"rendered":"Politica de Cookies"},"content":{"rendered":"<div id=\"block-581cac74d10b2aebe024\" class=\"sqs-block html-block sqs-block-html\" data-block-type=\"2\">\n<div class=\"sqs-block-content\">\n<h2>COMO EL SITIO WEB DE A SARGENTO MARTINHO UTILIZA COOKIES Y OTRAS HERRAMIENTAS DE MONITOREO<\/h2>\n<h2>Notificaci\u00f3n de cookies<\/h2>\n<p>Gracias por visitar www.sgtmartinho.com. Esta notificaci\u00f3n de cookies es aplicable en este sitio web, en cualquier sitio web de marca o p\u00e1ginas en plataformas de terceros (por ejemplo, YouTube y Facebook) y en aplicaciones cuyo acceso y uso se realiza a trav\u00e9s de sitios web o plataformas que son administrados por o en nombre de Sargento Martin.<\/p>\n<p>Al utilizar un sitio web de A Sargento Martinho, usted acepta el uso de cookies y otras herramientas de monitoreo de acuerdo con esta notificaci\u00f3n. Si no est\u00e1 de acuerdo con la autorizaci\u00f3n de cookies y\/u otras herramientas de monitoreo, debe establecer esta preferencia en la configuraci\u00f3n de su navegador. Si lo hace, tenga en cuenta que es posible que no pueda registrarse en nuestros sitios o utilizar otras funciones que requieran registro o recopilaci\u00f3n de informaci\u00f3n.<\/p>\n<p>Cuando utilice un dispositivo m\u00f3vil para acceder a Internet, tambi\u00e9n debe consultar la Pol\u00edtica de privacidad de la aplicaci\u00f3n que est\u00e1 utilizando para comprender las pr\u00e1cticas de recopilaci\u00f3n de datos.<\/p>\n<\/div>\n<\/div>\n<div id=\"block-yui_3_17_2_1_1586796444147_5440\" class=\"sqs-block spacer-block sqs-block-spacer sized vsize-1\" data-block-type=\"21\">\n<div class=\"sqs-block-content\"><\/div>\n<\/div>\n<div id=\"block-yui_3_17_2_1_1586796444147_5905\" class=\"sqs-block html-block sqs-block-html\" data-block-type=\"2\">\n<div class=\"sqs-block-content\">\n<h2>\u00bfQu\u00e9 son las cookies?<\/h2>\n<p>Las cookies son peque\u00f1os archivos de texto que se instalan en el ordenador de las p\u00e1ginas de Internet que visitamos. Son ampliamente utilizados para garantizar el correcto funcionamiento de los sitios web, permitir una navegaci\u00f3n m\u00e1s r\u00e1pida y eficiente y tambi\u00e9n proporcionar informaci\u00f3n a los propietarios de los sitios web. Para m\u00e1s informaci\u00f3n sobre el tipo de datos que generalmente se recogen, consulta nuestra Pol\u00edtica de Privacidad.<\/p>\n<\/div>\n<\/div>\n<div id=\"block-yui_3_17_2_1_1586796444147_6972\" class=\"sqs-block spacer-block sqs-block-spacer sized vsize-1\" data-block-type=\"21\">\n<div class=\"sqs-block-content\"><\/div>\n<\/div>\n<div id=\"block-yui_3_17_2_1_1586796444147_7532\" class=\"sqs-block html-block sqs-block-html\" data-block-type=\"2\">\n<div class=\"sqs-block-content\">\n<h2>\u00bfC\u00f3mo y por qu\u00e9 se utilizan las cookies?<\/h2>\n<p>El prop\u00f3sito de las cookies es optimizar el uso y la funcionalidad de nuestros sitios web, comprender mejor el comportamiento de los visitantes en nuestros sitios web e identificar las herramientas y los servicios que ofrecen. Las cookies nos ayudan a adaptar los sitios web de A Sargento Martinho a sus necesidades personales, mejorar el uso de los sitios web, obtener comentarios sobre la satisfacci\u00f3n del cliente y comunicarnos con usted en cualquier otra \u00e1rea de Internet.<\/p>\n<\/div>\n<\/div>\n<div id=\"block-yui_3_17_2_1_1586796444147_8464\" class=\"sqs-block spacer-block sqs-block-spacer sized vsize-1\" data-block-type=\"21\">\n<div class=\"sqs-block-content\"><\/div>\n<\/div>\n<div id=\"block-yui_3_17_2_1_1586796444147_9031\" class=\"sqs-block html-block sqs-block-html\" data-block-type=\"2\">\n<div class=\"sqs-block-content\">\n<h2>\u00bfQu\u00e9 tipos de cookies se utilizan?<\/h2>\n<p>Al visitar este sitio web, se utilizan los siguientes tipos de cookies.<\/p>\n<p>Cookies de sesi\u00f3n: las cookies de sesi\u00f3n son archivos de cookies temporales que se eliminan cuando cierra su navegador. Cuando reinicie su navegador y regrese al sitio web que cre\u00f3 la cookie, el sitio web lo tratar\u00e1 como un nuevo visitante.<\/p>\n<p>Cookies persistentes: las cookies persistentes son los archivos de cookies que permanecen en su navegador hasta que los elimina manualmente o hasta que su navegador los elimina de acuerdo con el per\u00edodo de duraci\u00f3n definido en estos archivos de cookies. Este tipo de cookies lo reconocer\u00e1 como un visitante recurrente del sitio web y no como un visitante nuevo.<\/p>\n<p>Cookies necesarias: son aquellas cookies que son necesariamente necesarias para el funcionamiento del sitio web. Sin estas cookies, el sitio web no funcionar\u00e1 correctamente.<\/p>\n<p>Cookies Primarias: Son el tipo de cookies que se configuran para el sitio web, siendo el \u00fanico que puede leerlas. Tambi\u00e9n conocida como cookie de \u00abprimera parte\u00bb. Tambi\u00e9n colocamos cookies en los anuncios de Sargento Martinho que se publican en sitios web que pertenecen a terceros (por ejemplo, Facebook). Obtenemos informaci\u00f3n a trav\u00e9s de estas cookies cuando haces clic en el anuncio o interact\u00faas con \u00e9l. En esta situaci\u00f3n, Sargento Martinho est\u00e1 configurando una \u201cCookie de Terceros\u201d. Podemos utilizar la informaci\u00f3n recopilada a trav\u00e9s de estas cookies para proporcionarle anuncios que sean relevantes para usted y de su inter\u00e9s teniendo en cuenta su \u00faltimo comportamiento en l\u00ednea en t\u00e9rminos de navegaci\u00f3n.<\/p>\n<p>Cookies que env\u00edan informaci\u00f3n a otras empresas: son cookies instaladas en un sitio web de A Sargento Martinho por una empresa asociada (por ejemplo, Facebook o anunciantes). Estas empresas pueden utilizar los datos recopilados por estas cookies para enviarle publicidad de forma an\u00f3nima a otro sitio web, teniendo en cuenta su visita a este sitio web. Por ejemplo, si utiliza una herramienta de una red social (por ejemplo, \u00abMe gusta\u00bb o \u00abCompartir\u00bb de Facebook) en este sitio web, esta cookie registrar\u00e1 el uso de esa herramienta y Facebook (en este ejemplo) puede recopilar esta informaci\u00f3n.<\/p>\n<\/div>\n<\/div>\n<div id=\"block-yui_3_17_2_1_1586796444147_10361\" class=\"sqs-block spacer-block sqs-block-spacer sized vsize-1\" data-block-type=\"21\">\n<div class=\"sqs-block-content\"><\/div>\n<\/div>\n<div id=\"block-yui_3_17_2_1_1586796444147_10978\" class=\"sqs-block html-block sqs-block-html\" data-block-type=\"2\">\n<div class=\"sqs-block-content\">\n<h2>Otras herramientas similares<\/h2>\n<p>El sitio web de A Sargento Martinho tambi\u00e9n utiliza otras herramientas de monitoreo, incluidas direcciones IP, archivos de registro y balizas web. Estas herramientas le permiten personalizar o mejorar su experiencia en nuestros sitios web de acuerdo con sus necesidades y preferencias.<\/p>\n<p>Direcci\u00f3n IP:\u00a0\u00a0una direcci\u00f3n IP es un n\u00famero que usan las computadoras en la red para identificar su computadora cada vez que accede a Internet. Podemos registrar su direcci\u00f3n IP por los siguientes motivos: (i) resolver problemas t\u00e9cnicos, (ii) mantener la seguridad y protecci\u00f3n del sitio web (iii) comprender mejor c\u00f3mo se utilizan nuestros sitios web y (iv) adaptar mejor los contenidos del sitio web. sitio web a sus necesidades dependiendo del pa\u00eds en el que se encuentre.<\/p>\n<p>Archivos de registro: nosotros (o un tercero en nuestro nombre) podemos recopilar informaci\u00f3n en forma de archivos de registro que registran la actividad en el sitio web y recopilan datos estad\u00edsticos sobre los h\u00e1bitos de navegaci\u00f3n de los usuarios. Estos registros se generan de forma an\u00f3nima y nos ayudan a recopilar (entre otras cosas) (i) el tipo de navegador y el sistema operativo del usuario, (ii) informaci\u00f3n sobre la sesi\u00f3n del usuario (como la URL buscada, la fecha y la hora en que se visit\u00f3, las p\u00e1ginas visitadas en nuestro sitio web y por cu\u00e1nto tiempo) y, (iii) otros datos de navegaci\u00f3n o flujo de clics.<\/p>\n<p>Balizas web: podemos usar balizas web (o GIF) en los sitios web de A Sargento Martinho. Los web beacons (tambi\u00e9n conocidos como \u00abweb bugs\u00bb) son peque\u00f1as cadenas de c\u00f3digo que proporcionan un m\u00e9todo para enviar una imagen gr\u00e1fica a una p\u00e1gina con el fin de transferirnos los datos. La informaci\u00f3n recopilada a trav\u00e9s de balizas web puede incluir datos sobre c\u00f3mo responde un usuario a una campa\u00f1a de correo electr\u00f3nico (por ejemplo, la hora en que se abri\u00f3 un correo electr\u00f3nico, qu\u00e9 enlace abri\u00f3 el usuario en el correo electr\u00f3nico, etc.). Usamos la informaci\u00f3n de las balizas web por una variedad de razones, incluidos los informes de tr\u00e1fico del sitio web, las cuentas de usuario, la publicidad y las auditor\u00edas de correo electr\u00f3nico y personalizaci\u00f3n.<\/p>\n<\/div>\n<\/div>\n<div id=\"block-yui_3_17_2_1_1586796444147_12070\" class=\"sqs-block spacer-block sqs-block-spacer sized vsize-1\" data-block-type=\"21\">\n<div class=\"sqs-block-content\"><\/div>\n<\/div>\n<div id=\"block-yui_3_17_2_1_1586796444147_12665\" class=\"sqs-block html-block sqs-block-html\" data-block-type=\"2\">\n<div class=\"sqs-block-content\">\n<h2>Cambios en la configuraci\u00f3n de cookies<\/h2>\n<p>Aseg\u00farese de que su computadora, tel\u00e9fono inteligente o tableta refleje su preferencia con respecto a la aceptaci\u00f3n de cookies. Puede configurar su navegador para que le avise antes de aceptar una cookie, o tambi\u00e9n puede optar por rechazarla. Si lo hace, tenga en cuenta que es posible que no pueda registrarse en nuestros sitios web o utilizar otras funciones que requieran registro o recopilaci\u00f3n de informaci\u00f3n.<\/p>\n<p>Para obtener m\u00e1s informaci\u00f3n sobre c\u00f3mo deshabilitar las cookies, acceda al men\u00fa Ayuda de su navegador (por ejemplo, Internet Explorer, Firefox). La aceptaci\u00f3n de cookies no es obligatoria para acceder a muchas \u00e1reas del sitio web o de nuestras aplicaciones. Recuerde, sin embargo, que las preferencias de cookies son \u00fanicas para cada dispositivo y que cada una deber\u00e1 configurarse con su preferencia.<\/p>\n<p>Dado que las balizas web forman parte de las p\u00e1ginas web, no puede eliminarlas, pero puede desactivarlas rechazando las cookies establecidas por estas balizas web.<\/p>\n<\/div>\n<\/div>\n<div id=\"block-yui_3_17_2_1_1586796444147_13828\" class=\"sqs-block spacer-block sqs-block-spacer sized vsize-1\" data-block-type=\"21\">\n<div class=\"sqs-block-content\"><\/div>\n<\/div>\n<div id=\"block-yui_3_17_2_1_1586796444147_13891\" class=\"sqs-block html-block sqs-block-html\" data-block-type=\"2\">\n<div class=\"sqs-block-content\">\n<h2>Actualizaci\u00f3n Aviso Legal<\/h2>\n<p>A Sargento Martinho se reserva el derecho de realizar cambios o correcciones en esta notificaci\u00f3n de cookies. Consulte esta p\u00e1gina regularmente para revisar la informaci\u00f3n y buscar actualizaciones.<\/p>\n<p>Este aviso se actualiz\u00f3 por \u00faltima vez en abril de 2020.<\/p>\n<\/div>\n<\/div>\n","protected":false},"excerpt":{"rendered":"<p>COMO EL SITIO WEB DE A SARGENTO MARTINHO UTILIZA COOKIES Y OTRAS HERRAMIENTAS DE MONITOREO Notificaci\u00f3n de cookies Gracias por&#8230; <a href=\"https:\/\/staging.sgtmartinho.com\/es\/politica-de-cookies\/\"> Leer m\u00e1s<\/a><\/p>\n","protected":false},"author":1,"featured_media":0,"parent":0,"menu_order":52,"comment_status":"closed","ping_status":"closed","template":"","meta":{"footnotes":""},"class_list":["post-10332","page","type-page","status-publish","hentry"],"_links":{"self":[{"href":"https:\/\/staging.sgtmartinho.com\/es\/wp-json\/wp\/v2\/pages\/10332","targetHints":{"allow":["GET"]}}],"collection":[{"href":"https:\/\/staging.sgtmartinho.com\/es\/wp-json\/wp\/v2\/pages"}],"about":[{"href":"https:\/\/staging.sgtmartinho.com\/es\/wp-json\/wp\/v2\/types\/page"}],"author":[{"embeddable":true,"href":"https:\/\/staging.sgtmartinho.com\/es\/wp-json\/wp\/v2\/users\/1"}],"replies":[{"embeddable":true,"href":"https:\/\/staging.sgtmartinho.com\/es\/wp-json\/wp\/v2\/comments?post=10332"}],"version-history":[{"count":0,"href":"https:\/\/staging.sgtmartinho.com\/es\/wp-json\/wp\/v2\/pages\/10332\/revisions"}],"wp:attachment":[{"href":"https:\/\/staging.sgtmartinho.com\/es\/wp-json\/wp\/v2\/media?parent=10332"}],"curies":[{"name":"wp","href":"https:\/\/api.w.org\/{rel}","templated":true}]}}