{"id":6821,"date":"2022-11-15T16:00:09","date_gmt":"2022-11-15T16:00:09","guid":{"rendered":"https:\/\/www.sgtmartinho.com\/shop\/mignon-filtro-50-eureka\/"},"modified":"2024-02-12T16:51:50","modified_gmt":"2024-02-12T16:51:50","slug":"mignon-filtro-50-eureka","status":"publish","type":"product","link":"https:\/\/staging.sgtmartinho.com\/en\/loja\/mignon-filtro-50-eureka\/","title":{"rendered":"Mignon Filtro 50 Eureka"},"content":{"rendered":"","protected":false},"excerpt":{"rendered":"<p>Apresentamos o moinho autom\u00e1tico Mignon Filtro 50 da Eureka.<\/p>\n<p>&nbsp;<\/p>\n<p>No cora\u00e7\u00e3o de cada ch\u00e1vena de caf\u00e9 excecional est\u00e1 a moagem perfeita. Liberte todo o potencial dos seus gr\u00e3os de caf\u00e9 especiais com o Mignon Filtro 50. Criado pela reconhecida marca Eureka, este moinho combina tecnologia de ponta com engenharia de precis\u00e3o para proporcionar uma experi\u00eancia de caf\u00e9 verdadeiramente transformadora.<\/p>\n<p>&nbsp;<\/p>\n<p>Projetado especificamente para os apreciadores de caf\u00e9 de especialidade, o Mignon Filtro 50 oferece um n\u00edvel incompar\u00e1vel de controle sobre o tamanho da moagem. Com 50 configura\u00e7\u00f5es de moagem para escolher, variando de grosso a fino, pode facilmente ajustar a consist\u00eancia perfeita da moagem para se adequar ao seu m\u00e9todo de preparo preferido. Seja voc\u00ea um purista do caf\u00e9 filtrado, f\u00e3 da french press ou um aficionado por AeroPress, este moinho tem tudo o que voc\u00ea precisa.<\/p>\n<p>&nbsp;<\/p>\n<p>Gra\u00e7as ao inovador &#8220;Sistema de Ajuste F\u00e1cil&#8221; da Eureka, o Mignon Filtro 50 facilita os ajustes da moagem. Basta girar o seletor para escolher o tamanho de moagem desejado e deixar o moinho fazer sua m\u00e1gica. As l\u00e2minas de a\u00e7o garantem uma moagem precisa, garantindo ent\u00e3o depois uma extra\u00e7\u00e3o excelente.<\/p>\n<p>&nbsp;<\/p>\n<p>Uma das caracter\u00edsticas marcantes do Mignon Filtro 50 \u00e9 seu motor potente e silencioso. Com um conjunto robusto de l\u00e2minas de 50 mm e opera\u00e7\u00e3o de baixa rota\u00e7\u00e3o por minuto, este moinho moe os gr\u00e3os de caf\u00e9 com uma consist\u00eancia excecional, mantendo uma opera\u00e7\u00e3o notavelmente silenciosa. N\u00e3o h\u00e1 mais necessidade de acordar toda a casa com os ru\u00eddos agudos de um moinho inferior &#8211; desfrute da serenidade de uma rotina matinal tranquila.<\/p>\n<p>&nbsp;<\/p>\n<p>Durabilidade e longevidade s\u00e3o fundamentais para a Eureka. Constru\u00eddo com materiais de alta qualidade e artesanato meticuloso, este moinho foi projetado para resistir ao gasto do tempo.<\/p>\n<p>&nbsp;<\/p>\n<p>Al\u00e9m disso, o Mignon Filtro 50 oferece recursos de conveni\u00eancia amig\u00e1veis \u200b\u200bao usu\u00e1rio para aprimorar sua experi\u00eancia de preparo de caf\u00e9. O compartimento de gr\u00e3os leva at\u00e9 300 gramas de caf\u00e9, minimizando a necessidade de recargas frequentes. O visor digital fornece informa\u00e7\u00f5es claras e permite a programa\u00e7\u00e3o f\u00e1cil de ciclos de moagem programados, permitindo que configure e se concentre noutras tarefas.<\/p>\n<p>&nbsp;<\/p>\n<p><strong>Detalhes do Produto:<br \/>\n<\/strong>Cor: Preto<br \/>\nVelocidade de moagem: 1.5-2.1g\/s<br \/>\nMotor: 260W; 1350 RPM<br \/>\nM\u00f3s: 50mm planas<br \/>\nDimens\u00f5es: A350 x L120 x\u00a0 C190 mm<br \/>\nPeso: 5,6kg<\/p>\n<p>&nbsp;<\/p>\n<p>Este moinho n\u00e3o \u00e9 recomendado para caf\u00e9 de espresso.<\/p>\n","protected":false},"featured_media":8265,"template":"","meta":[],"product_brand":[],"product_cat":[171],"product_tag":[],"class_list":{"0":"post-6821","1":"product","2":"type-product","3":"status-publish","4":"has-post-thumbnail","6":"brands-eureka","7":"product_cat-moinhos-automaticos","9":"first","10":"instock","11":"taxable","12":"shipping-taxable","13":"purchasable","14":"product-type-simple"},"_links":{"self":[{"href":"https:\/\/staging.sgtmartinho.com\/en\/wp-json\/wp\/v2\/product\/6821","targetHints":{"allow":["GET"]}}],"collection":[{"href":"https:\/\/staging.sgtmartinho.com\/en\/wp-json\/wp\/v2\/product"}],"about":[{"href":"https:\/\/staging.sgtmartinho.com\/en\/wp-json\/wp\/v2\/types\/product"}],"wp:featuredmedia":[{"embeddable":true,"href":"https:\/\/staging.sgtmartinho.com\/en\/wp-json\/wp\/v2\/media\/8265"}],"wp:attachment":[{"href":"https:\/\/staging.sgtmartinho.com\/en\/wp-json\/wp\/v2\/media?parent=6821"}],"wp:term":[{"taxonomy":"product_brand","embeddable":true,"href":"https:\/\/staging.sgtmartinho.com\/en\/wp-json\/wp\/v2\/product_brand?post=6821"},{"taxonomy":"product_cat","embeddable":true,"href":"https:\/\/staging.sgtmartinho.com\/en\/wp-json\/wp\/v2\/product_cat?post=6821"},{"taxonomy":"product_tag","embeddable":true,"href":"https:\/\/staging.sgtmartinho.com\/en\/wp-json\/wp\/v2\/product_tag?post=6821"}],"curies":[{"name":"wp","href":"https:\/\/api.w.org\/{rel}","templated":true}]}}