{"id":6801,"date":"2022-11-15T15:59:55","date_gmt":"2022-11-15T15:59:55","guid":{"rendered":"https:\/\/www.sgtmartinho.com\/shop\/double-shot-glass-70ml-barista\/"},"modified":"2024-02-12T16:51:46","modified_gmt":"2024-02-12T16:51:46","slug":"double-shot-glass-70ml-barista","status":"publish","type":"product","link":"https:\/\/staging.sgtmartinho.com\/en\/loja\/double-shot-glass-70ml-barista\/","title":{"rendered":"Double Shot Glass 70ml Barista"},"content":{"rendered":"","protected":false},"excerpt":{"rendered":"<p>A Rhino Coffee Gear criou este copo doseador de vidro resistente e duradouro de 70ml (2,4 on\u00e7as) de shot duplo \u00e9 ideal para dosear espresso ao fazer shots duplos.<\/p>\n<p>A pega protege as suas m\u00e3os do calor, e as marcas de medi\u00e7\u00e3o fazem com que seja bastante f\u00e1cil medir o volume. Agora com um design de punho atualizado para facilitar a sua utiliza\u00e7\u00e3o.<\/p>\n<p>&nbsp;<\/p>\n<p><strong>Detalhes do Produto:<br \/>\n<\/strong>701067<br \/>\nBicos duplos e uma pega conveniente para verter.<br \/>\nMarcas graduadas em on\u00e7as (incrementos de 0.5 on\u00e7as) e mililitros (incrementos de 10ml).<br \/>\nDimens\u00f5es: 72mm de di\u00e2metro no topo dos bicos, 60mm de altura.<\/p>\n<p>Nota: n\u00e3o \u00e9 aconselh\u00e1vel colocar na m\u00e1quina de lavar lou\u00e7a.<\/p>\n","protected":false},"featured_media":8496,"template":"","meta":[],"product_brand":[],"product_cat":[88],"product_tag":[269,250,223,201,199,187,24],"class_list":{"0":"post-6801","1":"product","2":"type-product","3":"status-publish","4":"has-post-thumbnail","6":"brands-barista","7":"product_cat-acessorios","8":"product_tag-rhino","9":"product_tag-especialidade","10":"product_tag-glass","11":"product_tag-specialty","12":"product_tag-cafe","13":"product_tag-coffee","14":"product_tag-espresso","16":"first","17":"instock","18":"taxable","19":"shipping-taxable","20":"purchasable","21":"product-type-simple"},"_links":{"self":[{"href":"https:\/\/staging.sgtmartinho.com\/en\/wp-json\/wp\/v2\/product\/6801","targetHints":{"allow":["GET"]}}],"collection":[{"href":"https:\/\/staging.sgtmartinho.com\/en\/wp-json\/wp\/v2\/product"}],"about":[{"href":"https:\/\/staging.sgtmartinho.com\/en\/wp-json\/wp\/v2\/types\/product"}],"wp:featuredmedia":[{"embeddable":true,"href":"https:\/\/staging.sgtmartinho.com\/en\/wp-json\/wp\/v2\/media\/8496"}],"wp:attachment":[{"href":"https:\/\/staging.sgtmartinho.com\/en\/wp-json\/wp\/v2\/media?parent=6801"}],"wp:term":[{"taxonomy":"product_brand","embeddable":true,"href":"https:\/\/staging.sgtmartinho.com\/en\/wp-json\/wp\/v2\/product_brand?post=6801"},{"taxonomy":"product_cat","embeddable":true,"href":"https:\/\/staging.sgtmartinho.com\/en\/wp-json\/wp\/v2\/product_cat?post=6801"},{"taxonomy":"product_tag","embeddable":true,"href":"https:\/\/staging.sgtmartinho.com\/en\/wp-json\/wp\/v2\/product_tag?post=6801"}],"curies":[{"name":"wp","href":"https:\/\/api.w.org\/{rel}","templated":true}]}}