{"id":6794,"date":"2022-11-15T15:59:52","date_gmt":"2022-11-15T15:59:52","guid":{"rendered":"https:\/\/www.sgtmartinho.com\/?post_type=product&#038;p=6794"},"modified":"2024-02-12T16:51:57","modified_gmt":"2024-02-12T16:51:57","slug":"airscape-airless-coffee-storage-canister-250g-barista","status":"publish","type":"product","link":"https:\/\/staging.sgtmartinho.com\/en\/loja\/airscape-airless-coffee-storage-canister-250g-barista\/","title":{"rendered":"Airscape Airless Coffee Storage Canister 250g Barista"},"content":{"rendered":"<p><iframe title=\"Airscape\u00ae Glass &amp; Bamboo Kitchen Canister\" width=\"500\" height=\"281\" src=\"https:\/\/www.youtube.com\/embed\/WM759B2HCGg?feature=oembed\" frameborder=\"0\" allow=\"accelerometer; autoplay; clipboard-write; encrypted-media; gyroscope; picture-in-picture; web-share\" referrerpolicy=\"strict-origin-when-cross-origin\" allowfullscreen><\/iframe><\/p>\n","protected":false},"excerpt":{"rendered":"<p>O Airscape Coffee Canister da Planetary Design \u00e9 a solu\u00e7\u00e3o definitiva de armazenamento para os amantes de caf\u00e9 que valorizam frescura e sabor como nunca. Desenvolvido para revolucionar sua experi\u00eancia com caf\u00e9, este recipiente \u00e9 um item indispens\u00e1vel para sua cozinha ou espa\u00e7o de trabalho.<\/p>\n<p>&nbsp;<\/p>\n<p>Criado com precis\u00e3o e conhecimento, o Airscape Coffee Canister apresenta um design inovador que preserva ativamente a qualidade dos gr\u00e3os de caf\u00e9 ou de caf\u00e9 j\u00e1 mo\u00eddo. O sistema exclusivo de tampa patenteada utiliza um mecanismo de v\u00e1lvula bidirecional, permitindo que retire o excesso de ar do recipiente e preserve a frescura ao simplesmente pressionar. Ao eliminar a exposi\u00e7\u00e3o ao ar, o seu caf\u00e9 \u00e9 conservado, garantindo que a pr\u00f3xima vez que fizer caf\u00e9, tenha uma experi\u00eancia agrad\u00e1vel e \u00fanica.<\/p>\n<p>&nbsp;<\/p>\n<p>Constru\u00eddo com materiais de alta qualidade, o Airscape foi feito para durar. O corpo em a\u00e7o inoxid\u00e1vel proporciona durabilidade, enquanto a tampa de silicone de qualidade alimentar, livre de BPA, garante seguran\u00e7a. O seu design elegante e contempor\u00e2neo adiciona um toque de sofistica\u00e7\u00e3o a qualquer balc\u00e3o, esta\u00e7\u00e3o de caf\u00e9, e cozinha.<\/p>\n<p>A tampa interna do recipiente tamb\u00e9m serve como um pr\u00e1tico guia de medi\u00e7\u00e3o, permitindo que dose a quantidade perfeita de caf\u00e9 para obter a intensidade desejada.<\/p>\n<p>&nbsp;<\/p>\n<p>N\u00e3o estando limitado apenas ao caf\u00e9, este recipiente vers\u00e1til pode ser usado para armazenar folhas de ch\u00e1, especiarias, nozes ou qualquer alimento perec\u00edvel que necessite de preserva\u00e7\u00e3o da frescura. O design facilita o enchimento e a retirada dos itens, e o recipiente interno \u00e9 remov\u00edvel, facilitando a limpeza.<\/p>\n<p>&nbsp;<\/p>\n<p>Seja um apaixonado por caf\u00e9 ou um entusiasta casual, o Airscape Coffee Canister da Planetary Design \u00e9 um item essencial na sua cozinha. Este produto ir\u00e1 elevar a sua experi\u00eancia com caf\u00e9 a novos patamares, garantindo o melhor sabor e aroma a cada preparo.<\/p>\n<p>&nbsp;<\/p>\n<p>O Airscape est\u00e1 dispon\u00edvel em 3 tamanhos:<\/p>\n<ul>\n<li>Pequeno &#8211; com capacidade de armazenamento at\u00e9 250g de gr\u00e3os de caf\u00e9 (L 12,1cm x A 14cm)<\/li>\n<li>M\u00e9dio &#8211; com capacidade de armazenamento at\u00e9 500g de gr\u00e3os de caf\u00e9 (L 12,1cm x A 17,1cm)<\/li>\n<li>Grande &#8211; com capacidade de armazenamento at\u00e9 950g de gr\u00e3os de caf\u00e9 (L 19cm x A 20,3cm)<\/li>\n<\/ul>\n<p>E nos seguintes modelos: Branco, Preto Mate e Bamboo-Vidro.<\/p>\n<p>Os modelos em branco e preto mate s\u00e3o feitos de a\u00e7o inoxid\u00e1vel.<\/p>\n<p>&nbsp;<\/p>\n<p>O Airscape pode ser lavado na m\u00e1quina de lavar loi\u00e7a mas sugerimos que a lave \u00e0 m\u00e3o para prolongar a longevidade do produto. A tampa interior deve ser sempre lavada \u00e0 m\u00e3o.<\/p>\n","protected":false},"featured_media":8611,"template":"","meta":[],"product_brand":[],"product_cat":[88],"product_tag":[],"class_list":{"0":"post-6794","1":"product","2":"type-product","3":"status-publish","4":"has-post-thumbnail","6":"brands-barista","7":"product_cat-acessorios","9":"first","10":"instock","11":"taxable","12":"shipping-taxable","13":"purchasable","14":"product-type-variable"},"_links":{"self":[{"href":"https:\/\/staging.sgtmartinho.com\/en\/wp-json\/wp\/v2\/product\/6794","targetHints":{"allow":["GET"]}}],"collection":[{"href":"https:\/\/staging.sgtmartinho.com\/en\/wp-json\/wp\/v2\/product"}],"about":[{"href":"https:\/\/staging.sgtmartinho.com\/en\/wp-json\/wp\/v2\/types\/product"}],"wp:featuredmedia":[{"embeddable":true,"href":"https:\/\/staging.sgtmartinho.com\/en\/wp-json\/wp\/v2\/media\/8611"}],"wp:attachment":[{"href":"https:\/\/staging.sgtmartinho.com\/en\/wp-json\/wp\/v2\/media?parent=6794"}],"wp:term":[{"taxonomy":"product_brand","embeddable":true,"href":"https:\/\/staging.sgtmartinho.com\/en\/wp-json\/wp\/v2\/product_brand?post=6794"},{"taxonomy":"product_cat","embeddable":true,"href":"https:\/\/staging.sgtmartinho.com\/en\/wp-json\/wp\/v2\/product_cat?post=6794"},{"taxonomy":"product_tag","embeddable":true,"href":"https:\/\/staging.sgtmartinho.com\/en\/wp-json\/wp\/v2\/product_tag?post=6794"}],"curies":[{"name":"wp","href":"https:\/\/api.w.org\/{rel}","templated":true}]}}