{"id":6777,"date":"2022-11-15T15:59:36","date_gmt":"2022-11-15T15:59:36","guid":{"rendered":"https:\/\/www.sgtmartinho.com\/shop\/filtros-on-the-go-my-cafe-drip-filter-hario\/"},"modified":"2024-02-12T16:51:40","modified_gmt":"2024-02-12T16:51:40","slug":"filtros-on-the-go-hario","status":"publish","type":"product","link":"https:\/\/staging.sgtmartinho.com\/en\/loja\/filtros-on-the-go-hario\/","title":{"rendered":"Filtros On The Go My Cafe Drip Filter Hario"},"content":{"rendered":"","protected":false},"excerpt":{"rendered":"<p>Colocar por cima de ch\u00e1vena, caf\u00e9 e extrair. Cont\u00e9m 22 filtros.<\/p>\n","protected":false},"featured_media":8454,"template":"","meta":[],"product_brand":[],"product_cat":[65],"product_tag":[],"class_list":{"0":"post-6777","1":"product","2":"type-product","3":"status-publish","4":"has-post-thumbnail","6":"brands-hario","7":"product_cat-filtros","9":"first","10":"instock","11":"taxable","12":"shipping-taxable","13":"purchasable","14":"product-type-simple"},"_links":{"self":[{"href":"https:\/\/staging.sgtmartinho.com\/en\/wp-json\/wp\/v2\/product\/6777","targetHints":{"allow":["GET"]}}],"collection":[{"href":"https:\/\/staging.sgtmartinho.com\/en\/wp-json\/wp\/v2\/product"}],"about":[{"href":"https:\/\/staging.sgtmartinho.com\/en\/wp-json\/wp\/v2\/types\/product"}],"wp:featuredmedia":[{"embeddable":true,"href":"https:\/\/staging.sgtmartinho.com\/en\/wp-json\/wp\/v2\/media\/8454"}],"wp:attachment":[{"href":"https:\/\/staging.sgtmartinho.com\/en\/wp-json\/wp\/v2\/media?parent=6777"}],"wp:term":[{"taxonomy":"product_brand","embeddable":true,"href":"https:\/\/staging.sgtmartinho.com\/en\/wp-json\/wp\/v2\/product_brand?post=6777"},{"taxonomy":"product_cat","embeddable":true,"href":"https:\/\/staging.sgtmartinho.com\/en\/wp-json\/wp\/v2\/product_cat?post=6777"},{"taxonomy":"product_tag","embeddable":true,"href":"https:\/\/staging.sgtmartinho.com\/en\/wp-json\/wp\/v2\/product_tag?post=6777"}],"curies":[{"name":"wp","href":"https:\/\/api.w.org\/{rel}","templated":true}]}}