{"id":6766,"date":"2022-11-15T15:59:31","date_gmt":"2022-11-15T15:59:31","guid":{"rendered":"https:\/\/www.sgtmartinho.com\/shop\/double-stainless-steel-hario\/"},"modified":"2024-02-12T16:51:39","modified_gmt":"2024-02-12T16:51:39","slug":"double-stainless-steel-hario","status":"publish","type":"product","link":"https:\/\/staging.sgtmartinho.com\/en\/loja\/double-stainless-steel-hario\/","title":{"rendered":"Coador A\u00e7o Inoxid\u00e1vel Hario"},"content":{"rendered":"","protected":false},"excerpt":{"rendered":"<p>Edi\u00e7\u00e3o especial &#8220;Tetsu Kasuya&#8221; Brewers Cup. N\u00e3o requer filtro papel<\/p>\n","protected":false},"featured_media":7960,"template":"","meta":[],"product_brand":[],"product_cat":[84],"product_tag":[],"class_list":{"0":"post-6766","1":"product","2":"type-product","3":"status-publish","4":"has-post-thumbnail","6":"brands-hario","7":"product_cat-v60","9":"first","10":"instock","11":"taxable","12":"shipping-taxable","13":"purchasable","14":"product-type-simple"},"_links":{"self":[{"href":"https:\/\/staging.sgtmartinho.com\/en\/wp-json\/wp\/v2\/product\/6766","targetHints":{"allow":["GET"]}}],"collection":[{"href":"https:\/\/staging.sgtmartinho.com\/en\/wp-json\/wp\/v2\/product"}],"about":[{"href":"https:\/\/staging.sgtmartinho.com\/en\/wp-json\/wp\/v2\/types\/product"}],"wp:featuredmedia":[{"embeddable":true,"href":"https:\/\/staging.sgtmartinho.com\/en\/wp-json\/wp\/v2\/media\/7960"}],"wp:attachment":[{"href":"https:\/\/staging.sgtmartinho.com\/en\/wp-json\/wp\/v2\/media?parent=6766"}],"wp:term":[{"taxonomy":"product_brand","embeddable":true,"href":"https:\/\/staging.sgtmartinho.com\/en\/wp-json\/wp\/v2\/product_brand?post=6766"},{"taxonomy":"product_cat","embeddable":true,"href":"https:\/\/staging.sgtmartinho.com\/en\/wp-json\/wp\/v2\/product_cat?post=6766"},{"taxonomy":"product_tag","embeddable":true,"href":"https:\/\/staging.sgtmartinho.com\/en\/wp-json\/wp\/v2\/product_tag?post=6766"}],"curies":[{"name":"wp","href":"https:\/\/api.w.org\/{rel}","templated":true}]}}