{"id":5710,"date":"2022-09-20T16:51:30","date_gmt":"2022-09-20T15:51:30","guid":{"rendered":"https:\/\/www.sgtmartinho.com\/?post_type=product&#038;p=5710"},"modified":"2024-02-12T16:51:38","modified_gmt":"2024-02-12T16:51:38","slug":"filtros-chemex-6cup","status":"publish","type":"product","link":"https:\/\/staging.sgtmartinho.com\/en\/loja\/filtros-chemex-6cup\/","title":{"rendered":"Filtros Chemex 6 Cup x 100"},"content":{"rendered":"<p><iframe title=\"CHEMEX Bonded\u2122 Filters - How to use\" src=\"https:\/\/player.vimeo.com\/video\/715736912?dnt=1&amp;app_id=122963\" width=\"500\" height=\"281\" frameborder=\"0\" allow=\"autoplay; fullscreen; picture-in-picture; clipboard-write; encrypted-media\"><\/iframe><\/p>\n","protected":false},"excerpt":{"rendered":"<p>Os filtros adesivos patenteados Chemex FS-100 s\u00e3o o ajuste perfeito para a cafeteira Chemex de 6 ch\u00e1venas, que pode encontrar <a href=\"https:\/\/staging.sgtmartinho.com\/loja\/chemex-6-cup\/\">aqui<\/a>. A forma c\u00f3nica assegura uma extra\u00e7\u00e3o uniforme para um melhor sabor e o material de fibra especial \u00e9 mais espesso que o normal, o que mant\u00e9m elementos amargos, \u00f3leos e solos fora da sua ch\u00e1vena.<\/p>\n<p>&nbsp;<\/p>\n<p>Uma embalagem cont\u00e9m 100 filtros.<\/p>\n<p>&nbsp;<\/p>\n<p>Pode tamb\u00e9m encontrar filtros para a Chemex de 3 ch\u00e1venas <a href=\"https:\/\/staging.sgtmartinho.com\/loja\/filtros-chemex-3cup\/\">aqui<\/a>.<\/p>\n<p>&nbsp;<\/p>\n<p><strong>Detalhes do Produto:<\/strong><br \/>\nFS-100<br \/>\nUnidades: 100 filtros<br \/>\nPara Chemex de 6 ch\u00e1venas (6<em>\u00a0Cups<\/em>)<br \/>\nComposto e biodegrad\u00e1vel<\/p>\n<p>&nbsp;<\/p>\n<p>Fabricado nos Estados Unidos da Am\u00e9rica.<\/p>\n","protected":false},"featured_media":8031,"template":"","meta":[],"product_brand":[],"product_cat":[58,65],"product_tag":[],"class_list":{"0":"post-5710","1":"product","2":"type-product","3":"status-publish","4":"has-post-thumbnail","6":"brands-chemex","7":"product_cat-equipamento","8":"product_cat-filtros","10":"first","11":"instock","12":"taxable","13":"shipping-taxable","14":"purchasable","15":"product-type-simple"},"_links":{"self":[{"href":"https:\/\/staging.sgtmartinho.com\/en\/wp-json\/wp\/v2\/product\/5710","targetHints":{"allow":["GET"]}}],"collection":[{"href":"https:\/\/staging.sgtmartinho.com\/en\/wp-json\/wp\/v2\/product"}],"about":[{"href":"https:\/\/staging.sgtmartinho.com\/en\/wp-json\/wp\/v2\/types\/product"}],"wp:featuredmedia":[{"embeddable":true,"href":"https:\/\/staging.sgtmartinho.com\/en\/wp-json\/wp\/v2\/media\/8031"}],"wp:attachment":[{"href":"https:\/\/staging.sgtmartinho.com\/en\/wp-json\/wp\/v2\/media?parent=5710"}],"wp:term":[{"taxonomy":"product_brand","embeddable":true,"href":"https:\/\/staging.sgtmartinho.com\/en\/wp-json\/wp\/v2\/product_brand?post=5710"},{"taxonomy":"product_cat","embeddable":true,"href":"https:\/\/staging.sgtmartinho.com\/en\/wp-json\/wp\/v2\/product_cat?post=5710"},{"taxonomy":"product_tag","embeddable":true,"href":"https:\/\/staging.sgtmartinho.com\/en\/wp-json\/wp\/v2\/product_tag?post=5710"}],"curies":[{"name":"wp","href":"https:\/\/api.w.org\/{rel}","templated":true}]}}