{"id":5669,"date":"2022-09-20T15:33:05","date_gmt":"2022-09-20T14:33:05","guid":{"rendered":"https:\/\/www.sgtmartinho.com\/?post_type=product&#038;p=5669"},"modified":"2024-02-12T16:51:37","modified_gmt":"2024-02-12T16:51:37","slug":"bule-termico-v60-branco-hario","status":"publish","type":"product","link":"https:\/\/staging.sgtmartinho.com\/en\/loja\/bule-termico-v60-branco-hario\/","title":{"rendered":"Bule T\u00e9rmico V60 600ml Branco"},"content":{"rendered":"","protected":false},"excerpt":{"rendered":"<p>Uma dupla camada com isolamento a v\u00e1cuo e um servidor de caf\u00e9 em a\u00e7o inoxid\u00e1vel s\u00e3o introduzidos para permitir que \u00a0desfrute do delicioso caf\u00e9 por mais tempo.<br \/>\nEle \u00e9 projetado para se ajustar ao V60 para o caf\u00e9 mais saboroso.<\/p>\n<p>550ML<\/p>\n<p>VHS-60B<\/p>\n","protected":false},"featured_media":8312,"template":"","meta":[],"product_brand":[],"product_cat":[58,86],"product_tag":[],"class_list":{"0":"post-5669","1":"product","2":"type-product","3":"status-publish","4":"has-post-thumbnail","6":"brands-hario","7":"product_cat-equipamento","8":"product_cat-bules","10":"first","11":"instock","12":"taxable","13":"shipping-taxable","14":"purchasable","15":"product-type-simple"},"_links":{"self":[{"href":"https:\/\/staging.sgtmartinho.com\/en\/wp-json\/wp\/v2\/product\/5669","targetHints":{"allow":["GET"]}}],"collection":[{"href":"https:\/\/staging.sgtmartinho.com\/en\/wp-json\/wp\/v2\/product"}],"about":[{"href":"https:\/\/staging.sgtmartinho.com\/en\/wp-json\/wp\/v2\/types\/product"}],"wp:featuredmedia":[{"embeddable":true,"href":"https:\/\/staging.sgtmartinho.com\/en\/wp-json\/wp\/v2\/media\/8312"}],"wp:attachment":[{"href":"https:\/\/staging.sgtmartinho.com\/en\/wp-json\/wp\/v2\/media?parent=5669"}],"wp:term":[{"taxonomy":"product_brand","embeddable":true,"href":"https:\/\/staging.sgtmartinho.com\/en\/wp-json\/wp\/v2\/product_brand?post=5669"},{"taxonomy":"product_cat","embeddable":true,"href":"https:\/\/staging.sgtmartinho.com\/en\/wp-json\/wp\/v2\/product_cat?post=5669"},{"taxonomy":"product_tag","embeddable":true,"href":"https:\/\/staging.sgtmartinho.com\/en\/wp-json\/wp\/v2\/product_tag?post=5669"}],"curies":[{"name":"wp","href":"https:\/\/api.w.org\/{rel}","templated":true}]}}