{"id":5654,"date":"2022-09-20T14:46:21","date_gmt":"2022-09-20T13:46:21","guid":{"rendered":"https:\/\/www.sgtmartinho.com\/?post_type=product&#038;p=5654"},"modified":"2024-02-12T16:51:37","modified_gmt":"2024-02-12T16:51:37","slug":"dripper-v60-02-vidro-hario","status":"publish","type":"product","link":"https:\/\/staging.sgtmartinho.com\/en\/loja\/dripper-v60-02-vidro-hario\/","title":{"rendered":"V60 02 Coador &#8211; Vidro Preto Hario"},"content":{"rendered":"","protected":false},"excerpt":{"rendered":"<p>O dripper V60 mundialmente conhecido.<\/p>\n<p>O filtro de papel c\u00f4nico em forma de V permite uma camada mais profunda dos gr\u00e3os de caf\u00e9. Quando a \u00e1gua \u00e9 adicionada, ela flui para o \u00e1pice do cone, produzindo um rico sabor umami. O vidro transparente resistente ao calor permite que voc\u00ea observe o caf\u00e9 sendo preparado, proporcionando uma experi\u00eancia visual.<\/p>\n<p>A sua facilidade de utiliza\u00e7\u00e3o torna-o um \u00f3timo ponto de partida para pessoas interessadas em caf\u00e9s especiais, enquanto a sua versatilidade faz com que possa afinar a sua bebida \u00e0s suas prefer\u00eancias precisas, extraindo todos os gostos e aromas deliciosos dos seus gr\u00e3os de caf\u00e9.<\/p>\n<p>O V60 foi concebido para a acessibilidade, versatilidade e, mais importante, para fazer um bom caf\u00e9. E que o faz!<\/p>\n<p>Pode encontrar o mesmo coador em <a href=\"https:\/\/staging.sgtmartinho.com\/loja\/dripper-v60-01-vidro-hario\/\" target=\"_blank\" rel=\"noopener\">tamanho 01 aqui<\/a>.<\/p>\n<p><strong>Detalhes do Produto:<br \/>\n<\/strong>VDG-02B<br \/>\nCapacidade: 1-4 ch\u00e1venas<br \/>\nPeso (Incl. caixa): Aprox. 350g<\/p>\n<p>Materiais:<br \/>\nDripper: Vidro \u00e0 prova de calor<br \/>\nPega: Polipropileno<\/p>\n<p>&nbsp;<\/p>\n<p style=\"text-align: left\">Fabricado no Jap\u00e3o.<\/p>\n","protected":false},"featured_media":7944,"template":"","meta":[],"product_brand":[],"product_cat":[58,84],"product_tag":[],"class_list":{"0":"post-5654","1":"product","2":"type-product","3":"status-publish","4":"has-post-thumbnail","6":"brands-hario","7":"product_cat-equipamento","8":"product_cat-v60","10":"first","11":"instock","12":"taxable","13":"shipping-taxable","14":"purchasable","15":"product-type-simple"},"_links":{"self":[{"href":"https:\/\/staging.sgtmartinho.com\/en\/wp-json\/wp\/v2\/product\/5654","targetHints":{"allow":["GET"]}}],"collection":[{"href":"https:\/\/staging.sgtmartinho.com\/en\/wp-json\/wp\/v2\/product"}],"about":[{"href":"https:\/\/staging.sgtmartinho.com\/en\/wp-json\/wp\/v2\/types\/product"}],"wp:featuredmedia":[{"embeddable":true,"href":"https:\/\/staging.sgtmartinho.com\/en\/wp-json\/wp\/v2\/media\/7944"}],"wp:attachment":[{"href":"https:\/\/staging.sgtmartinho.com\/en\/wp-json\/wp\/v2\/media?parent=5654"}],"wp:term":[{"taxonomy":"product_brand","embeddable":true,"href":"https:\/\/staging.sgtmartinho.com\/en\/wp-json\/wp\/v2\/product_brand?post=5654"},{"taxonomy":"product_cat","embeddable":true,"href":"https:\/\/staging.sgtmartinho.com\/en\/wp-json\/wp\/v2\/product_cat?post=5654"},{"taxonomy":"product_tag","embeddable":true,"href":"https:\/\/staging.sgtmartinho.com\/en\/wp-json\/wp\/v2\/product_tag?post=5654"}],"curies":[{"name":"wp","href":"https:\/\/api.w.org\/{rel}","templated":true}]}}