{"id":387,"date":"2020-10-12T17:58:40","date_gmt":"2020-10-12T16:58:40","guid":{"rendered":"https:\/\/www.sgtmartinho.com\/shop\/balanca-de-extracao-acaia\/"},"modified":"2024-02-12T16:51:23","modified_gmt":"2024-02-12T16:51:23","slug":"acaia-lunar-black","status":"publish","type":"product","link":"https:\/\/staging.sgtmartinho.com\/en\/loja\/acaia-lunar-black\/","title":{"rendered":"Balan\u00e7a Lunar Black Acaia"},"content":{"rendered":"<p><iframe title=\"Meet the Lunar 2021\" width=\"500\" height=\"281\" src=\"https:\/\/www.youtube.com\/embed\/YYaDo5NBcvU?feature=oembed\" frameborder=\"0\" allow=\"accelerometer; autoplay; clipboard-write; encrypted-media; gyroscope; picture-in-picture; web-share\" referrerpolicy=\"strict-origin-when-cross-origin\" allowfullscreen><\/iframe><\/p>\n","protected":false},"excerpt":{"rendered":"<p>A balan\u00e7a Acaia Lunar foi concebida para preparar caf\u00e9 espresso com precis\u00e3o consistente, mas tamb\u00e9m com rapidez.<\/p>\n<p>&nbsp;<\/p>\n<p>A Acaia Lunar \u00e9 feita de alum\u00ednio anodizado resistente \u00e0 \u00e1gua e da pr\u00f3pria tecnologia de pesagem l\u00edder da Acaia. Esta balan\u00e7a \u00e9 um elemento essencial para qualquer ambiente comercial, como uma cafetaria ou restaurante, e adapta-se perfeitamente \u00e0s m\u00e1quinas de caf\u00e9 espresso.<\/p>\n<p>&nbsp;<\/p>\n<p>Prepare o seu pr\u00f3prio modo com par\u00e2metros personaliz\u00e1veis, uma escolha de modos autom\u00e1tico, um cron\u00f3metro, e uma nova fun\u00e7\u00e3o, <em>Tara Save<\/em>, para guardar o peso do seu recipiente doseador preferido na mem\u00f3ria da balan\u00e7a. O feedback visual do novo Indicador de <em>Flow-Rate<\/em> tamb\u00e9m o ajudar\u00e1 a monitorizar a sua extra\u00e7\u00e3o em tempo real, obtendo doses mais consistentes e permitindo-lhe ajustar com mais precis\u00e3o para extra\u00e7\u00f5es de expresso perfeitas.<\/p>\n<p>&nbsp;<\/p>\n<p>Esta \u00e9 a balan\u00e7a Acaia Lunar Black. Se procura a Acaia Pearl White pode encontr\u00e1-la <a href=\"https:\/\/staging.sgtmartinho.com\/loja\/acaia-pearl-white\/\" target=\"_blank\" rel=\"noopener\">aqui<\/a>. Ou se procurar a Acaia Pearl Black, pode encontr\u00e1-la <a href=\"https:\/\/staging.sgtmartinho.com\/loja\/acaia-pearl-black\/\" target=\"_blank\" rel=\"noopener\">aqui<\/a>.<\/p>\n<p><strong>Detalhes do Produto:<\/strong><br \/>\nAL001<br \/>\nCor: Preto<br \/>\nPeso: 265g<br \/>\nDimens\u00f5es: 105mm x 105mm x 15mm<br \/>\nCapacidade M\u00e1xima: 2000g<br \/>\nPeso M\u00ednimo: 0.1g<br \/>\nLeitura: at\u00e9 0.01g<br \/>\nDura\u00e7\u00e3o de Bateria: 30-40 horas<br \/>\nConectividade: Bluetooth 5.0<br \/>\nEcr\u00e3: LED<\/p>\n<p>&nbsp;<\/p>\n<p>Este produto inclui: Balan\u00e7a Acaia Lunar Black; borracha resistente ao calor (em preto);\u00a0carregador de tipo USB-C; peso para calibra\u00e7\u00e3o de 100g<\/p>\n","protected":false},"featured_media":7926,"template":"","meta":[],"product_brand":[],"product_cat":[58,88],"product_tag":[213,212,211,210,209,207,187],"class_list":{"0":"post-387","1":"product","2":"type-product","3":"status-publish","4":"has-post-thumbnail","6":"brands-acaia","7":"product_cat-equipamento","8":"product_cat-acessorios","9":"product_tag-specialtycoffee","10":"product_tag-lunarblack","11":"product_tag-lunar","12":"product_tag-scale","13":"product_tag-acaia","14":"product_tag-balanca","15":"product_tag-coffee","17":"first","18":"instock","19":"taxable","20":"shipping-taxable","21":"purchasable","22":"product-type-simple"},"_links":{"self":[{"href":"https:\/\/staging.sgtmartinho.com\/en\/wp-json\/wp\/v2\/product\/387","targetHints":{"allow":["GET"]}}],"collection":[{"href":"https:\/\/staging.sgtmartinho.com\/en\/wp-json\/wp\/v2\/product"}],"about":[{"href":"https:\/\/staging.sgtmartinho.com\/en\/wp-json\/wp\/v2\/types\/product"}],"wp:featuredmedia":[{"embeddable":true,"href":"https:\/\/staging.sgtmartinho.com\/en\/wp-json\/wp\/v2\/media\/7926"}],"wp:attachment":[{"href":"https:\/\/staging.sgtmartinho.com\/en\/wp-json\/wp\/v2\/media?parent=387"}],"wp:term":[{"taxonomy":"product_brand","embeddable":true,"href":"https:\/\/staging.sgtmartinho.com\/en\/wp-json\/wp\/v2\/product_brand?post=387"},{"taxonomy":"product_cat","embeddable":true,"href":"https:\/\/staging.sgtmartinho.com\/en\/wp-json\/wp\/v2\/product_cat?post=387"},{"taxonomy":"product_tag","embeddable":true,"href":"https:\/\/staging.sgtmartinho.com\/en\/wp-json\/wp\/v2\/product_tag?post=387"}],"curies":[{"name":"wp","href":"https:\/\/api.w.org\/{rel}","templated":true}]}}