{"id":381,"date":"2020-10-12T17:58:31","date_gmt":"2020-10-12T16:58:31","guid":{"rendered":"https:\/\/www.sgtmartinho.com\/shop\/sifao-5-cups-hario\/"},"modified":"2024-02-12T16:51:23","modified_gmt":"2024-02-12T16:51:23","slug":"sifao-5-cups-hario","status":"publish","type":"product","link":"https:\/\/staging.sgtmartinho.com\/en\/loja\/sifao-5-cups-hario\/","title":{"rendered":"Sif\u00e3o Next Hario"},"content":{"rendered":"<p><strong>Como \u00e9 que o Sif\u00e3o Next da Hario funciona?<\/strong><br \/>\nO Sif\u00e3o \u00e9 suportado por um suporte met\u00e1lico que segura o sif\u00e3o sobre uma chama ou um queimador de halog\u00e9neo. A \u00e1gua na ta\u00e7a inferior aquece, aumentando a press\u00e3o e fazendo com que a \u00e1gua suba at\u00e9 \u00e0 ta\u00e7a superior. O caf\u00e9 \u00e9 feito na ta\u00e7a superior e quando se consegue a extrac\u00e7\u00e3o desejada, a fonte de calor \u00e9 removida e o caf\u00e9 volta a filtrar para a ta\u00e7a inferior, deixando uma ch\u00e1vena de caf\u00e9 limpa e equilibrada.<\/p>\n<p>Fun Fact: O primeiro produto relacionado com o caf\u00e9 lan\u00e7ado comercialmente pela Hario, em 1948, foi um sif\u00e3o de caf\u00e9. Desde ent\u00e3o, a Hario aperfei\u00e7oou o design da atual sele\u00e7\u00e3o de sif\u00f5es, que lhe permitem fazer o seu caf\u00e9 preferido de uma forma elegante.<\/p>\n","protected":false},"excerpt":{"rendered":"<p>Fa\u00e7a a ch\u00e1vena de caf\u00e9 perfeita e tenha um \u00f3timo aspeto ao faz\u00ea-lo. Os Sif\u00f5es fazem parte duma arte Japonesa e fazem caf\u00e9 da maneira mais encantadora &#8211; ningu\u00e9m se esquece do seu primeiro caf\u00e9 feito no sif\u00e3o.<\/p>\n<p>Tire um momento no seu dia ou semana ocupado para se acalmar e desfrutar do processo de criar o seu caf\u00e9 com o Sif\u00e3o Next da Hario. Estes sif\u00f5es n\u00e3o s\u00f3 fazem consistentemente caf\u00e9 delicioso, como tamb\u00e9m proporcionam um espet\u00e1culo visual, com o caf\u00e9 a subir e a descer atrav\u00e9s das duas ta\u00e7as de vidro \u00e0 medida que \u00e9 preparado.<\/p>\n<p>O Sif\u00e3o Next apresenta uma pega de forma \u00fanica, concebida para apoiar os seus movimentos e aumentar a facilidade de preparo. A ta\u00e7a inferior apresenta marcas de medi\u00e7\u00e3o, facilitando a verifica\u00e7\u00e3o das quantidades de \u00e1gua ou de caf\u00e9 produzido.<\/p>\n<p>&nbsp;<\/p>\n<p>O que est\u00e1 dentro da caixa?<\/p>\n<p>Para al\u00e9m do pr\u00f3prio sif\u00e3o, o Sif\u00e3o Next da Hario inclui um queimador de \u00e1lcool (lamparina), uma colher de medida, um filtro de pano e um filtro de metal.<\/p>\n<p>&nbsp;<\/p>\n<p><strong>Detalhes do Produto:<\/strong><\/p>\n<p>NXA-5<\/p>\n<p>Cor: Preto<\/p>\n<p>Tamanho: W115 \u00d7 D180 \u00d7 H390mm, 108\u03a6<\/p>\n<p>Capacidade: 600mL (5 ch\u00e1venas)<\/p>\n<p>Peso (Incl. caixa): Aprox. 1400g<\/p>\n<p>Materiais:<\/p>\n<p>Tigela superior, tigela inferior, queimador de \u00e1lcool: Vidro \u00e0 prova de calor<\/p>\n<p>Embalagem, filtro met\u00e1lico: Borracha de silicone<\/p>\n<p>Fixador: Lat\u00e3o<\/p>\n<p>Estande: Borracha de silicone, a\u00e7o inoxid\u00e1vel, ferro, liga de zinco<\/p>\n<p>Tampa do queimador, filtro met\u00e1lico: A\u00e7o inoxid\u00e1vel<\/p>\n<p>Quebra-ventos: Alum\u00ednio<\/p>\n<p>Filtro(s): Pano, a\u00e7o inoxid\u00e1vel<\/p>\n<p>Porta-lamparinas com \u00e1lcool, tampa, suporte de tigela superior, colher de medida: Polipropileno<\/p>\n<p>&nbsp;<\/p>\n<p><strong>NB:<\/strong> Apenas a tigela superior, a tigela inferior e a tampa podem ir \u00e0 m\u00e1quina de lavar lou\u00e7a.<\/p>\n<p>&nbsp;<\/p>\n<p>Fabricado no Jap\u00e3o.<\/p>\n<p class=\"\">\n","protected":false},"featured_media":379,"template":"","meta":[],"product_brand":[],"product_cat":[58,84],"product_tag":[],"class_list":{"0":"post-381","1":"product","2":"type-product","3":"status-publish","4":"has-post-thumbnail","6":"brands-hario","7":"product_cat-equipamento","8":"product_cat-v60","10":"first","11":"instock","12":"taxable","13":"shipping-taxable","14":"purchasable","15":"product-type-simple"},"_links":{"self":[{"href":"https:\/\/staging.sgtmartinho.com\/en\/wp-json\/wp\/v2\/product\/381","targetHints":{"allow":["GET"]}}],"collection":[{"href":"https:\/\/staging.sgtmartinho.com\/en\/wp-json\/wp\/v2\/product"}],"about":[{"href":"https:\/\/staging.sgtmartinho.com\/en\/wp-json\/wp\/v2\/types\/product"}],"wp:featuredmedia":[{"embeddable":true,"href":"https:\/\/staging.sgtmartinho.com\/en\/wp-json\/wp\/v2\/media\/379"}],"wp:attachment":[{"href":"https:\/\/staging.sgtmartinho.com\/en\/wp-json\/wp\/v2\/media?parent=381"}],"wp:term":[{"taxonomy":"product_brand","embeddable":true,"href":"https:\/\/staging.sgtmartinho.com\/en\/wp-json\/wp\/v2\/product_brand?post=381"},{"taxonomy":"product_cat","embeddable":true,"href":"https:\/\/staging.sgtmartinho.com\/en\/wp-json\/wp\/v2\/product_cat?post=381"},{"taxonomy":"product_tag","embeddable":true,"href":"https:\/\/staging.sgtmartinho.com\/en\/wp-json\/wp\/v2\/product_tag?post=381"}],"curies":[{"name":"wp","href":"https:\/\/api.w.org\/{rel}","templated":true}]}}