{"id":378,"date":"2020-10-12T17:58:29","date_gmt":"2020-10-12T16:58:29","guid":{"rendered":"https:\/\/www.sgtmartinho.com\/shop\/mini-mill-slim-plus-hario\/"},"modified":"2024-02-12T16:51:23","modified_gmt":"2024-02-12T16:51:23","slug":"mini-slim-plus-hario","status":"publish","type":"product","link":"https:\/\/staging.sgtmartinho.com\/en\/loja\/mini-slim-plus-hario\/","title":{"rendered":"Moinho Mini-Slim +"},"content":{"rendered":"<p><iframe title=\"[HARIO]Coffee mill ceramic slim Instruction Movie\" width=\"500\" height=\"281\" src=\"https:\/\/www.youtube.com\/embed\/gIeLgpmvtis?feature=oembed\" frameborder=\"0\" allow=\"accelerometer; autoplay; clipboard-write; encrypted-media; gyroscope; picture-in-picture; web-share\" referrerpolicy=\"strict-origin-when-cross-origin\" allowfullscreen><\/iframe><\/p>\n","protected":false},"excerpt":{"rendered":"<p>O moinho Mini-Slim Plus da Hario \u00e9 um \u00f3timo moinho n\u00e3o s\u00f3 para iniciantes como para profissionais.\u00a0O seu design compacto e pequeno torna-o num \u00f3timo moinho para transportar consigo.\u00a0As l\u00e2minas de cer\u00e2mica s\u00e3o f\u00e1ceis de ajustar para o grau de moagem que pretende e proporciona, uma moagem uniforme para um caf\u00e9 perfeito.<\/p>\n<p>&nbsp;<\/p>\n<p>O Mini-Slim Plus aprimora a sua vers\u00e3o original, agora com uma pega ergon\u00f4mica rec\u00e9m-desenvolvida e acoplamento de eixo para melhor tra\u00e7\u00e3o e uma melhor experi\u00eancia de moagem.<\/p>\n<p>&nbsp;<\/p>\n<p>As l\u00e2minas de cer\u00e2mica c\u00f4nicas garantem uma moagem dos gr\u00e3os precisa e uniforme.\u00a0As rebarbas da Hario transferem menos calor e raspam os gr\u00e3os de caf\u00e9 inv\u00e9s de quebrarem os mesmos.<\/p>\n<p>&nbsp;<\/p>\n<p>O Mini-Slim Plus tem um design japon\u00eas, pequeno e leve, tornando-o o acess\u00f3rio de viagem perfeito para qualquer entusiasta de caf\u00e9.<\/p>\n<p>&nbsp;<\/p>\n<p>Experimente j\u00e1 este moinho e prepare a sua pr\u00f3xima ch\u00e1vena com o\u00a0<a href=\"https:\/\/staging.sgtmartinho.com\/loja-categoria\/cafe\/\" target=\"_blank\" rel=\"noopener\">caf\u00e9 de especialidade d\u2019A Sargento Martinho<\/a>.<\/p>\n<p>&nbsp;<\/p>\n<p><strong>Detalhes do Produto:<br \/>\n<\/strong>MSS-1DTB<br \/>\nCor: Preto transparente<br \/>\nDimens\u00f5es: 150x72x220mm<br \/>\nCapacidade: 24g em gr\u00e3os de caf\u00e9<\/p>\n<p>Material:<br \/>\nTampa do eixo da tremonha; pino; porca de ajuste do moinho: Nylon<br \/>\nEixo; sec\u00e7\u00e3o do parafuso; mola; cabo: A\u00e7o inoxid\u00e1vel<br \/>\nRebarba exterior; rebarba interior: Cer\u00e2mica<br \/>\nCapa, resina de garrafa: Metacrilato<br \/>\nPega do cabo, tampa central, tremonha: Polipropileno<\/p>\n<p>&nbsp;<\/p>\n<p>Pode encontrar o manual de instru\u00e7\u00f5es deste produto <a href=\"https:\/\/global.hario.com\/product\/MSS-1DTB.pdf\" target=\"_blank\" rel=\"noopener\">aqui<\/a>.<\/p>\n","protected":false},"featured_media":7826,"template":"","meta":[],"product_brand":[],"product_cat":[58,143],"product_tag":[237,236,221,220,217,199,187,181],"class_list":{"0":"post-378","1":"product","2":"type-product","3":"status-publish","4":"has-post-thumbnail","6":"brands-hario","7":"product_cat-equipamento","8":"product_cat-moinhos","9":"product_tag-minimillplus","10":"product_tag-minimill","11":"product_tag-moinho","12":"product_tag-ceramic","13":"product_tag-grinder","14":"product_tag-cafe","15":"product_tag-coffee","16":"product_tag-hario","18":"first","19":"instock","20":"taxable","21":"shipping-taxable","22":"purchasable","23":"product-type-simple"},"_links":{"self":[{"href":"https:\/\/staging.sgtmartinho.com\/en\/wp-json\/wp\/v2\/product\/378","targetHints":{"allow":["GET"]}}],"collection":[{"href":"https:\/\/staging.sgtmartinho.com\/en\/wp-json\/wp\/v2\/product"}],"about":[{"href":"https:\/\/staging.sgtmartinho.com\/en\/wp-json\/wp\/v2\/types\/product"}],"wp:featuredmedia":[{"embeddable":true,"href":"https:\/\/staging.sgtmartinho.com\/en\/wp-json\/wp\/v2\/media\/7826"}],"wp:attachment":[{"href":"https:\/\/staging.sgtmartinho.com\/en\/wp-json\/wp\/v2\/media?parent=378"}],"wp:term":[{"taxonomy":"product_brand","embeddable":true,"href":"https:\/\/staging.sgtmartinho.com\/en\/wp-json\/wp\/v2\/product_brand?post=378"},{"taxonomy":"product_cat","embeddable":true,"href":"https:\/\/staging.sgtmartinho.com\/en\/wp-json\/wp\/v2\/product_cat?post=378"},{"taxonomy":"product_tag","embeddable":true,"href":"https:\/\/staging.sgtmartinho.com\/en\/wp-json\/wp\/v2\/product_tag?post=378"}],"curies":[{"name":"wp","href":"https:\/\/api.w.org\/{rel}","templated":true}]}}