{"id":375,"date":"2020-10-12T17:58:27","date_gmt":"2020-10-12T16:58:27","guid":{"rendered":"https:\/\/www.sgtmartinho.com\/shop\/filtros-aeropress\/"},"modified":"2024-02-12T16:51:23","modified_gmt":"2024-02-12T16:51:23","slug":"filtros-aeropress","status":"publish","type":"product","link":"https:\/\/staging.sgtmartinho.com\/en\/loja\/filtros-aeropress\/","title":{"rendered":"Filtros Aeropress"},"content":{"rendered":"","protected":false},"excerpt":{"rendered":"<p class=\"\">Inclui 350 filtros AeroPress prontos a usar, compat\u00edveis tanto com a cafeteira <a href=\"https:\/\/staging.sgtmartinho.com\/loja\/aeropress\/\">AeroPress<\/a> original como com a cafeteira <a href=\"https:\/\/staging.sgtmartinho.com\/loja\/aeropress_go\/\">AeroPress Go<\/a>.<\/p>\n<p class=\"\">Torne o seu caf\u00e9 mais puro: os filtros AeroPress garantem uma bebida pura e sem part\u00edculas, que pode ser armazenada num frigor\u00edfico durante dias; fa\u00e7a o seu pr\u00f3prio concentrado de caf\u00e9 para consumo posterior em americanos, lattes, cappuccinos, e mais, ou invente as suas pr\u00f3prias receitas!<\/p>\n<p class=\"\"><strong>Detalhes do Produto:<\/strong><br \/>\nAP-F<br \/>\nUnidades: 350<br \/>\nBiodegrad\u00e1vel e compost\u00e1vel<\/p>\n<p>Fabricado nos Estados Unidos da Am\u00e9rica.<\/p>\n","protected":false},"featured_media":7991,"template":"","meta":[],"product_brand":[],"product_cat":[58,65],"product_tag":[203,202,197,196,187],"class_list":{"0":"post-375","1":"product","2":"type-product","3":"status-publish","4":"has-post-thumbnail","6":"brands-aeropress","7":"product_cat-equipamento","8":"product_cat-filtros","9":"product_tag-filters","10":"product_tag-aeropress-filters","11":"product_tag-aeropress","12":"product_tag-filtros","13":"product_tag-coffee","15":"first","16":"instock","17":"taxable","18":"shipping-taxable","19":"purchasable","20":"product-type-simple"},"_links":{"self":[{"href":"https:\/\/staging.sgtmartinho.com\/en\/wp-json\/wp\/v2\/product\/375","targetHints":{"allow":["GET"]}}],"collection":[{"href":"https:\/\/staging.sgtmartinho.com\/en\/wp-json\/wp\/v2\/product"}],"about":[{"href":"https:\/\/staging.sgtmartinho.com\/en\/wp-json\/wp\/v2\/types\/product"}],"wp:featuredmedia":[{"embeddable":true,"href":"https:\/\/staging.sgtmartinho.com\/en\/wp-json\/wp\/v2\/media\/7991"}],"wp:attachment":[{"href":"https:\/\/staging.sgtmartinho.com\/en\/wp-json\/wp\/v2\/media?parent=375"}],"wp:term":[{"taxonomy":"product_brand","embeddable":true,"href":"https:\/\/staging.sgtmartinho.com\/en\/wp-json\/wp\/v2\/product_brand?post=375"},{"taxonomy":"product_cat","embeddable":true,"href":"https:\/\/staging.sgtmartinho.com\/en\/wp-json\/wp\/v2\/product_cat?post=375"},{"taxonomy":"product_tag","embeddable":true,"href":"https:\/\/staging.sgtmartinho.com\/en\/wp-json\/wp\/v2\/product_tag?post=375"}],"curies":[{"name":"wp","href":"https:\/\/api.w.org\/{rel}","templated":true}]}}