{"id":340,"date":"2020-10-12T17:41:37","date_gmt":"2020-10-12T16:41:37","guid":{"rendered":"https:\/\/www.sgtmartinho.com\/shop\/moinho-skerton-pro\/"},"modified":"2024-02-12T16:51:22","modified_gmt":"2024-02-12T16:51:22","slug":"moinho-skerton-pro-hario","status":"publish","type":"product","link":"https:\/\/staging.sgtmartinho.com\/en\/loja\/moinho-skerton-pro-hario\/","title":{"rendered":"Moinho Skerton Pro"},"content":{"rendered":"<p><iframe title=\"[HARIO]Ceramic Coffee Grinder Instruction Movie\" width=\"500\" height=\"281\" src=\"https:\/\/www.youtube.com\/embed\/ds764d_zlkE?feature=oembed\" frameborder=\"0\" allow=\"accelerometer; autoplay; clipboard-write; encrypted-media; gyroscope; picture-in-picture; web-share\" referrerpolicy=\"strict-origin-when-cross-origin\" allowfullscreen><\/iframe><\/p>\n","protected":false},"excerpt":{"rendered":"<p>Fa\u00e7a um caf\u00e9 delicioso com os seus gr\u00e3os favoritos <a href=\"https:\/\/staging.sgtmartinho.com\/loja-categoria\/cafe\/\" target=\"_blank\" rel=\"noopener\">d\u2019A Sargento Martinho<\/a> no Skerton Pro da Hario, mo\u00eddos em casa ou em viagem!<\/p>\n<p>&nbsp;<\/p>\n<p>O Moinho de Caf\u00e9 Cer\u00e2mico Skerton Pro da Hario n\u00e3o s\u00f3 \u00e9 vistoso esteticamente, como tamb\u00e9m as suas configura\u00e7\u00f5es s\u00e3o f\u00e1ceis de ajustar. Al\u00e9m disso, o seu tamanho compacto torna-o ideal para moer gr\u00e3os onde quer que se encontre \u2013 em casa, no trabalho, ou em viagem. A rebarba cer\u00e2mica transfere menos calor do que as de a\u00e7o, e proporciona uma moagem de tamanho consistente, para caf\u00e9s consistentemente excelentes.<\/p>\n<p>&nbsp;<\/p>\n<p><strong>Detalhes do Produto:<br \/>\n<\/strong>MMCS-2B<br \/>\nCor:\u00a0Preto<br \/>\nDimens\u00f5es:\u00a0167 \u00d7 95 \u00d7 195mm<br \/>\nCapacidade:\u00a0100gr de gr\u00e3os de caf\u00e9<br \/>\nPeso (Incl. caixa): Approx. 700gr<br \/>\nMateriais:<br \/>\nPega: Alum\u00ednio<br \/>\nTampa: Resina de metacrilato<br \/>\nTampa, Grip, Corpo Principal (Hopper): Polipropileno<br \/>\nTampa antiderrapante, Anel Corporal: borracha de silicone<br \/>\nTa\u00e7a de vidro: Vidro \u00e0 prova de calor<\/p>\n<p>Recipiente de vidro feito no Jap\u00e3o.<\/p>\n<p>&nbsp;<\/p>\n<p>NB:<\/p>\n<p><strong>Apenas as pe\u00e7as de vidro<\/strong> s\u00e3o lav\u00e1veis na m\u00e1quina de lavar lou\u00e7a.<\/p>\n<p>A sec\u00e7\u00e3o de rebarbas pode ser desmontada para lavagem.<\/p>\n","protected":false},"featured_media":7794,"template":"","meta":[],"product_brand":[],"product_cat":[58,143],"product_tag":[223,222,221,220,219,218,217,201,187,181],"class_list":{"0":"post-340","1":"product","2":"type-product","3":"status-publish","4":"has-post-thumbnail","6":"brands-hario","7":"product_cat-equipamento","8":"product_cat-moinhos","9":"product_tag-glass","10":"product_tag-japan","11":"product_tag-moinho","12":"product_tag-ceramic","13":"product_tag-skertonpro","14":"product_tag-skerton","15":"product_tag-grinder","16":"product_tag-specialty","17":"product_tag-coffee","18":"product_tag-hario","20":"first","21":"instock","22":"taxable","23":"shipping-taxable","24":"purchasable","25":"product-type-simple"},"_links":{"self":[{"href":"https:\/\/staging.sgtmartinho.com\/en\/wp-json\/wp\/v2\/product\/340","targetHints":{"allow":["GET"]}}],"collection":[{"href":"https:\/\/staging.sgtmartinho.com\/en\/wp-json\/wp\/v2\/product"}],"about":[{"href":"https:\/\/staging.sgtmartinho.com\/en\/wp-json\/wp\/v2\/types\/product"}],"wp:featuredmedia":[{"embeddable":true,"href":"https:\/\/staging.sgtmartinho.com\/en\/wp-json\/wp\/v2\/media\/7794"}],"wp:attachment":[{"href":"https:\/\/staging.sgtmartinho.com\/en\/wp-json\/wp\/v2\/media?parent=340"}],"wp:term":[{"taxonomy":"product_brand","embeddable":true,"href":"https:\/\/staging.sgtmartinho.com\/en\/wp-json\/wp\/v2\/product_brand?post=340"},{"taxonomy":"product_cat","embeddable":true,"href":"https:\/\/staging.sgtmartinho.com\/en\/wp-json\/wp\/v2\/product_cat?post=340"},{"taxonomy":"product_tag","embeddable":true,"href":"https:\/\/staging.sgtmartinho.com\/en\/wp-json\/wp\/v2\/product_tag?post=340"}],"curies":[{"name":"wp","href":"https:\/\/api.w.org\/{rel}","templated":true}]}}