{"id":331,"date":"2020-10-12T17:41:29","date_gmt":"2020-10-12T16:41:29","guid":{"rendered":"https:\/\/www.sgtmartinho.com\/shop\/kit-v60-imersao\/"},"modified":"2024-02-12T16:51:22","modified_gmt":"2024-02-12T16:51:22","slug":"kit-v60-imersao-hario","status":"publish","type":"product","link":"https:\/\/staging.sgtmartinho.com\/en\/loja\/kit-v60-imersao-hario\/","title":{"rendered":"Kit V60 Imers\u00e3o Hario"},"content":{"rendered":"<p><iframe title=\"[HARIO]Immersion dripper Switch [SSD]\" width=\"500\" height=\"281\" src=\"https:\/\/www.youtube.com\/embed\/hKrWPqfOGEE?feature=oembed\" frameborder=\"0\" allow=\"accelerometer; autoplay; clipboard-write; encrypted-media; gyroscope; picture-in-picture; web-share\" referrerpolicy=\"strict-origin-when-cross-origin\" allowfullscreen><\/iframe><\/p>\n","protected":false},"excerpt":{"rendered":"<p class=\"\">Kit V60 Imers\u00e3o da Hario \u00e9 um conjunto que inclui tudo o que \u00e9 necess\u00e1rio para extrair o melhor do seu caf\u00e9.<\/p>\n<p>&nbsp;<\/p>\n<p>Extrair caf\u00e9 com o kit V60 Imers\u00e3o \u00e9 sin\u00f3nimo de liberdade. Ao contr\u00e1rio dos tradicionais coadores V60 com os quais o caf\u00e9 \u00e9 extra\u00eddo atrav\u00e9s do constante fluxo de \u00e1gua quente, este coador \u00e9 feito especificamente para o m\u00e9todo de extrac\u00e7\u00e3o por imers\u00e3o.<\/p>\n<p>A esfera de a\u00e7o inoxid\u00e1vel colocada na base do coador bloqueia o fluxo de \u00e1gua imediato, permitindo que a \u00e1gua vertida permane\u00e7a dentro do coador com o caf\u00e9 mo\u00eddo durante 2 minutos.<\/p>\n<p>Depois, com o premir de um bot\u00e3o (da\u00ed o nome<em> Switch<\/em>), o caf\u00e9 flui para dentro da ch\u00e1vena de caf\u00e9, permitindo uma extra\u00e7\u00e3o f\u00e1cil e uniforme do caf\u00e9.<\/p>\n<p>&nbsp;<\/p>\n<p>O kit V60 Imers\u00e3o \u00e9 o novo modelo (2019) e inclui V60-02 e bule em vidro e 40 filtros tamanho 02 &#8211; todo o equipamento que necessita para come\u00e7ar a fazer o seu pr\u00f3prio caf\u00e9 filtrado.<\/p>\n<p>Experimente j\u00e1 este kit com o <a href=\"https:\/\/staging.sgtmartinho.com\/loja-categoria\/cafe\/\" target=\"_blank\" rel=\"noopener\">caf\u00e9 de especialidade 100% Ar\u00e1bica d&#8217;A Sargento Martinho<\/a>.<\/p>\n<p>&nbsp;<\/p>\n<p><strong>Detalhes do Produto:<\/strong><br \/>\nSSD-5012-B<br \/>\nCor: Preto<br \/>\nTamanho: C118 \u00d7 L115 \u00d7 A133mm<br \/>\nCapacidade: Capacidade total de 200ml<br \/>\nPeso (Incl. caixa): 500g<\/p>\n<p>Materiais:<br \/>\nV60 Coador: Vidro \u00e0 prova de calor<br \/>\nBase: Borracha de silicone<br \/>\nTroca: resina PCT<br \/>\nEsfera de a\u00e7o inoxid\u00e1vel: a\u00e7o inoxid\u00e1vel<\/p>\n<p>Este produto pode ir \u00e0 m\u00e1quina de lavar lou\u00e7a e ao microondas.<\/p>\n<p>Fabricado no Jap\u00e3o.<\/p>\n<p>&nbsp;<\/p>\n<p>&nbsp;<\/p>\n","protected":false},"featured_media":8087,"template":"","meta":[],"product_brand":[],"product_cat":[58,89],"product_tag":[],"class_list":{"0":"post-331","1":"product","2":"type-product","3":"status-publish","4":"has-post-thumbnail","6":"brands-hario","7":"product_cat-equipamento","8":"product_cat-kits","10":"first","11":"instock","12":"taxable","13":"shipping-taxable","14":"purchasable","15":"product-type-simple"},"_links":{"self":[{"href":"https:\/\/staging.sgtmartinho.com\/en\/wp-json\/wp\/v2\/product\/331","targetHints":{"allow":["GET"]}}],"collection":[{"href":"https:\/\/staging.sgtmartinho.com\/en\/wp-json\/wp\/v2\/product"}],"about":[{"href":"https:\/\/staging.sgtmartinho.com\/en\/wp-json\/wp\/v2\/types\/product"}],"wp:featuredmedia":[{"embeddable":true,"href":"https:\/\/staging.sgtmartinho.com\/en\/wp-json\/wp\/v2\/media\/8087"}],"wp:attachment":[{"href":"https:\/\/staging.sgtmartinho.com\/en\/wp-json\/wp\/v2\/media?parent=331"}],"wp:term":[{"taxonomy":"product_brand","embeddable":true,"href":"https:\/\/staging.sgtmartinho.com\/en\/wp-json\/wp\/v2\/product_brand?post=331"},{"taxonomy":"product_cat","embeddable":true,"href":"https:\/\/staging.sgtmartinho.com\/en\/wp-json\/wp\/v2\/product_cat?post=331"},{"taxonomy":"product_tag","embeddable":true,"href":"https:\/\/staging.sgtmartinho.com\/en\/wp-json\/wp\/v2\/product_tag?post=331"}],"curies":[{"name":"wp","href":"https:\/\/api.w.org\/{rel}","templated":true}]}}