{"id":3231,"date":"2021-10-06T10:50:12","date_gmt":"2021-10-06T09:50:12","guid":{"rendered":"https:\/\/www.sgtmartinho.com\/?post_type=product&#038;p=3231"},"modified":"2024-02-12T16:51:33","modified_gmt":"2024-02-12T16:51:33","slug":"moinho-eletrico-compact-hario","status":"publish","type":"product","link":"https:\/\/staging.sgtmartinho.com\/en\/loja\/moinho-eletrico-compact-hario\/","title":{"rendered":"Moinho El\u00e9trico Compact"},"content":{"rendered":"","protected":false},"excerpt":{"rendered":"<p>Uma grande ch\u00e1vena de caf\u00e9 come\u00e7a com o tamanho da borra.<\/p>\n<p>Este moinho de caf\u00e9 el\u00e9ctrico da Hario <em>V60 Electric Coffee Grinder Compact<\/em> com rebarbas c\u00f3nicas tem uma vasta gama de configura\u00e7\u00f5es do tamanho da moagem, desde moagem para caf\u00e9 espresso ultrafino, at\u00e9 \u00e0s moagens mais grossas utilizadas como por exemplo numa prensa de caf\u00e9.<\/p>\n<p>&nbsp;<\/p>\n<p>Experimente j\u00e1 este moinho el\u00e9trico para fazer uma excelente ch\u00e1vena de caf\u00e9 com os gr\u00e3os frescos de especialidade <a href=\"https:\/\/staging.sgtmartinho.com\/loja-categoria\/cafe\/\" target=\"_blank\" rel=\"noopener\">d&#8217;A Sargento Martinho<\/a>.<\/p>\n<p>Pode encontrar o manual de uso deste produto <a href=\"https:\/\/global.hario.com\/product\/EVC-8B-EU.pdf\" target=\"_blank\" rel=\"noopener\">aqui<\/a>.<\/p>\n<p>&nbsp;<\/p>\n<p><strong>Detalhes do Produto:<br \/>\n<\/strong>EVC-8B-EU<strong><br \/>\n<\/strong>Cor: Preto<br \/>\nDimens\u00f5es: L130 x C185 x A335mm<br \/>\nCapacidade: 100g de gr\u00e3os de caf\u00e9<br \/>\nPeso (Inc. caixa): 1900g<\/p>\n<p>Material:<br \/>\nCorpo: Polipropileno, poliacetal, inoxid\u00e1vel, poliamida<br \/>\n<em>Hopper<\/em>\u00a0e recipiente: Resina AS<br \/>\nTampa da tremonha: Polipropileno<\/p>\n","protected":false},"featured_media":7907,"template":"","meta":[],"product_brand":[],"product_cat":[58,143,171],"product_tag":[247,246,221,217,201,187,185,181],"class_list":{"0":"post-3231","1":"product","2":"type-product","3":"status-publish","4":"has-post-thumbnail","6":"brands-hario","7":"product_cat-equipamento","8":"product_cat-moinhos","9":"product_cat-moinhos-automaticos","10":"product_tag-eletrico","11":"product_tag-electric","12":"product_tag-moinho","13":"product_tag-grinder","14":"product_tag-specialty","15":"product_tag-coffee","16":"product_tag-v60","17":"product_tag-hario","19":"first","20":"instock","21":"taxable","22":"shipping-taxable","23":"purchasable","24":"product-type-simple"},"_links":{"self":[{"href":"https:\/\/staging.sgtmartinho.com\/en\/wp-json\/wp\/v2\/product\/3231","targetHints":{"allow":["GET"]}}],"collection":[{"href":"https:\/\/staging.sgtmartinho.com\/en\/wp-json\/wp\/v2\/product"}],"about":[{"href":"https:\/\/staging.sgtmartinho.com\/en\/wp-json\/wp\/v2\/types\/product"}],"wp:featuredmedia":[{"embeddable":true,"href":"https:\/\/staging.sgtmartinho.com\/en\/wp-json\/wp\/v2\/media\/7907"}],"wp:attachment":[{"href":"https:\/\/staging.sgtmartinho.com\/en\/wp-json\/wp\/v2\/media?parent=3231"}],"wp:term":[{"taxonomy":"product_brand","embeddable":true,"href":"https:\/\/staging.sgtmartinho.com\/en\/wp-json\/wp\/v2\/product_brand?post=3231"},{"taxonomy":"product_cat","embeddable":true,"href":"https:\/\/staging.sgtmartinho.com\/en\/wp-json\/wp\/v2\/product_cat?post=3231"},{"taxonomy":"product_tag","embeddable":true,"href":"https:\/\/staging.sgtmartinho.com\/en\/wp-json\/wp\/v2\/product_tag?post=3231"}],"curies":[{"name":"wp","href":"https:\/\/api.w.org\/{rel}","templated":true}]}}