{"id":3130,"date":"2021-09-30T10:58:41","date_gmt":"2021-09-30T09:58:41","guid":{"rendered":"https:\/\/www.sgtmartinho.com\/?post_type=product&#038;p=3130"},"modified":"2024-02-12T16:51:30","modified_gmt":"2024-02-12T16:51:30","slug":"balanca-hario-v60-vst-2000b","status":"publish","type":"product","link":"https:\/\/staging.sgtmartinho.com\/en\/loja\/balanca-hario-v60-vst-2000b\/","title":{"rendered":"Balan\u00e7a V60 Hario"},"content":{"rendered":"<p><iframe title=\"[HARIO]V60 DRIP SCALE\" width=\"500\" height=\"281\" src=\"https:\/\/www.youtube.com\/embed\/nucgdmKvHkQ?start=135&#038;feature=oembed\" frameborder=\"0\" allow=\"accelerometer; autoplay; clipboard-write; encrypted-media; gyroscope; picture-in-picture; web-share\" referrerpolicy=\"strict-origin-when-cross-origin\" allowfullscreen><\/iframe><\/p>\n","protected":false},"excerpt":{"rendered":"<p>Melhore a sua experi\u00eancia de prepara\u00e7\u00e3o de caf\u00e9 com a Balan\u00e7a V60 da Hario, um instrumento de precis\u00e3o concebido para elevar a sua t\u00e9cnica de prepara\u00e7\u00e3o de caf\u00e9 filtrado a novos patamares. Seja um barista experiente ou apenas entusiasta de caf\u00e9, esta balan\u00e7a \u00e9 uma ferramenta indispens\u00e1vel para alcan\u00e7ar uma precis\u00e3o e consist\u00eancia impec\u00e1veis na prepara\u00e7\u00e3o do caf\u00e9 filtrado.<\/p>\n<p>&nbsp;<\/p>\n<p>Com um design elegante e minimalista, a Balan\u00e7a V60 Drip da Hario funde-se perfeitamente em qualquer lugar e acrescenta um toque de sofistica\u00e7\u00e3o \u00e0 sua esta\u00e7\u00e3o de caf\u00e9. Fabricada com aten\u00e7\u00e3o meticulosa aos detalhes, esta balan\u00e7a oferece uma combina\u00e7\u00e3o de forma e fun\u00e7\u00e3o que ir\u00e1 encantar qualquer conhecedor de caf\u00e9.<\/p>\n<p>&nbsp;<\/p>\n<p>Equipada com um sensor de pesagem de alta precis\u00e3o, a VST-2000B proporciona medi\u00e7\u00f5es com uma excelente precis\u00e3o de 0,1 gramas. Este n\u00edvel de precis\u00e3o permite-lhe medir os gr\u00e3os de caf\u00e9 e a \u00e1gua, garantindo uma propor\u00e7\u00e3o exata e constante entre o caf\u00e9 e a \u00e1gua em cada prepara\u00e7\u00e3o. Diga adeus aos palpites e ol\u00e1 \u00e0 ch\u00e1vena de caf\u00e9 perfeita, meticulosamente preparada.<\/p>\n<p>&nbsp;<\/p>\n<p>A VST-2000B apresenta um ecr\u00e3 LCD que fornece um feedback claro e imediato sobre as suas medi\u00e7\u00f5es. Os bot\u00f5es sens\u00edveis ao toque permitem uma utiliza\u00e7\u00e3o sem esfor\u00e7o, tornando-a uma ferramenta f\u00e1cil de usar at\u00e9 para iniciantes. A balan\u00e7a tamb\u00e9m inclui um pr\u00e1tico cron\u00f3metro integrado, permitindo-lhe acompanhar o processo de prepara\u00e7\u00e3o com precis\u00e3o.<\/p>\n<p>&nbsp;<\/p>\n<p>A plataforma em a\u00e7o inoxid\u00e1vel elegante n\u00e3o s\u00f3 \u00e9 f\u00e1cil de limpar, como tamb\u00e9m \u00e9 resistente a manchas e odores, garantindo que o seu equipamento permane\u00e7a em condi\u00e7\u00f5es imaculadas.<\/p>\n<p>&nbsp;<\/p>\n<p>A versatilidade \u00e9 outro ponto forte desta balan\u00e7a. Ela acomoda uma variedade de m\u00e9todos de prepara\u00e7\u00e3o, incluindo V60, prensa francesa e a AeroPress, tornando-se uma balan\u00e7a vers\u00e1til para todas as suas aventuras de prepara\u00e7\u00e3o de caf\u00e9. O seu tamanho compacto e leve tamb\u00e9m a torna perfeita para viagens, permitindo que desfrute do seu caf\u00e9 favorito onde quer que esteja.<\/p>\n<p>&nbsp;<\/p>\n<p><strong>Detalhes do Produto:<br \/>\n<\/strong>VST-2000B<br \/>\nCor: Preto<br \/>\nDimens\u00f5es: 120 x 190 x 29mm<br \/>\nPeso (Incl. caixa): Aprox. 700g<\/p>\n<p>Materiais:<br \/>\nCorpo e plataforma de pesagem: resina ABS<\/p>\n","protected":false},"featured_media":3342,"template":"","meta":[],"product_brand":[],"product_cat":[58,88],"product_tag":[],"class_list":{"0":"post-3130","1":"product","2":"type-product","3":"status-publish","4":"has-post-thumbnail","6":"brands-hario","7":"product_cat-equipamento","8":"product_cat-acessorios","10":"first","11":"instock","12":"taxable","13":"shipping-taxable","14":"purchasable","15":"product-type-simple"},"_links":{"self":[{"href":"https:\/\/staging.sgtmartinho.com\/en\/wp-json\/wp\/v2\/product\/3130","targetHints":{"allow":["GET"]}}],"collection":[{"href":"https:\/\/staging.sgtmartinho.com\/en\/wp-json\/wp\/v2\/product"}],"about":[{"href":"https:\/\/staging.sgtmartinho.com\/en\/wp-json\/wp\/v2\/types\/product"}],"wp:featuredmedia":[{"embeddable":true,"href":"https:\/\/staging.sgtmartinho.com\/en\/wp-json\/wp\/v2\/media\/3342"}],"wp:attachment":[{"href":"https:\/\/staging.sgtmartinho.com\/en\/wp-json\/wp\/v2\/media?parent=3130"}],"wp:term":[{"taxonomy":"product_brand","embeddable":true,"href":"https:\/\/staging.sgtmartinho.com\/en\/wp-json\/wp\/v2\/product_brand?post=3130"},{"taxonomy":"product_cat","embeddable":true,"href":"https:\/\/staging.sgtmartinho.com\/en\/wp-json\/wp\/v2\/product_cat?post=3130"},{"taxonomy":"product_tag","embeddable":true,"href":"https:\/\/staging.sgtmartinho.com\/en\/wp-json\/wp\/v2\/product_tag?post=3130"}],"curies":[{"name":"wp","href":"https:\/\/api.w.org\/{rel}","templated":true}]}}