{"id":3122,"date":"2021-09-30T10:39:28","date_gmt":"2021-09-30T09:39:28","guid":{"rendered":"https:\/\/www.sgtmartinho.com\/?post_type=product&#038;p=3122"},"modified":"2024-02-12T16:51:30","modified_gmt":"2024-02-12T16:51:30","slug":"chaleira-electrica-hario","status":"publish","type":"product","link":"https:\/\/staging.sgtmartinho.com\/en\/loja\/chaleira-electrica-hario\/","title":{"rendered":"Chaleira El\u00e9ctrica Hario"},"content":{"rendered":"","protected":false},"excerpt":{"rendered":"<p>A conveniente e elegante chaleira V60 Power Kettle da Hario \u00e9 excelente para aquecer a \u00e1gua para o seu caf\u00e9!<\/p>\n<p>&nbsp;<\/p>\n<p>N\u00e3o h\u00e1 necessidade de estar constantemente de olho no fog\u00e3o com esta chaleira totalmente el\u00e9ctrica, e uma vez que a \u00e1gua esteja a ferver, o bico em formato de pesco\u00e7o de ganso permite imenso controlo de despejo da \u00e1gua!<\/p>\n<p>&nbsp;<\/p>\n<p>Se procura uma chaleira com controlo exato de temperatura, opte pela <a href=\"https:\/\/staging.sgtmartinho.com\/loja\/chaleira-electrica-com-controlo-de-temperatura-hario\/\" target=\"_blank\" rel=\"noopener\">Chaleira El\u00e9ctrica Com Controlo De Temperatura da Hario<\/a>.<\/p>\n<p>&nbsp;<\/p>\n<p><strong>Detalhes do Produto:<\/strong><br \/>\nEVKB-80E-HSV<br \/>\nCor: Prata da linha do cabelo<br \/>\nTamanho: C295 \u00d7 L156 \u00d7 A175mm<br \/>\nCapacidade: Capacidade pr\u00e1tica de 800mL<br \/>\nPeso (Incl. caixa): Aprox. 800gr<\/p>\n<p>Materiais:<br \/>\nMan\u00edpulo da tampa, pega, e base da placa de alimenta\u00e7\u00e3o de energia: Polipropileno<br \/>\nTampa, e corpo da chaleira: A\u00e7o Inoxid\u00e1vel<\/p>\n<p>&nbsp;<\/p>\n<p>Pode encontrar o manual de uso desta chaleira <a href=\"https:\/\/global.hario.com\/product\/EVKB-80E-HSV.pdf\" target=\"_blank\" rel=\"noopener\">aqui<\/a>.<\/p>\n<p>Este produto n\u00e3o deve ser colocado na m\u00e1quina de lavar lou\u00e7a. Utilize \u00e1gua filtrada para n\u00e3o acumular calc\u00e1rio.<\/p>\n","protected":false},"featured_media":8159,"template":"","meta":[],"product_brand":[],"product_cat":[58,87],"product_tag":[],"class_list":{"0":"post-3122","1":"product","2":"type-product","3":"status-publish","4":"has-post-thumbnail","6":"brands-hario","7":"product_cat-equipamento","8":"product_cat-chaleiras","10":"first","11":"instock","12":"taxable","13":"shipping-taxable","14":"purchasable","15":"product-type-simple"},"_links":{"self":[{"href":"https:\/\/staging.sgtmartinho.com\/en\/wp-json\/wp\/v2\/product\/3122","targetHints":{"allow":["GET"]}}],"collection":[{"href":"https:\/\/staging.sgtmartinho.com\/en\/wp-json\/wp\/v2\/product"}],"about":[{"href":"https:\/\/staging.sgtmartinho.com\/en\/wp-json\/wp\/v2\/types\/product"}],"wp:featuredmedia":[{"embeddable":true,"href":"https:\/\/staging.sgtmartinho.com\/en\/wp-json\/wp\/v2\/media\/8159"}],"wp:attachment":[{"href":"https:\/\/staging.sgtmartinho.com\/en\/wp-json\/wp\/v2\/media?parent=3122"}],"wp:term":[{"taxonomy":"product_brand","embeddable":true,"href":"https:\/\/staging.sgtmartinho.com\/en\/wp-json\/wp\/v2\/product_brand?post=3122"},{"taxonomy":"product_cat","embeddable":true,"href":"https:\/\/staging.sgtmartinho.com\/en\/wp-json\/wp\/v2\/product_cat?post=3122"},{"taxonomy":"product_tag","embeddable":true,"href":"https:\/\/staging.sgtmartinho.com\/en\/wp-json\/wp\/v2\/product_tag?post=3122"}],"curies":[{"name":"wp","href":"https:\/\/api.w.org\/{rel}","templated":true}]}}