{"id":3116,"date":"2021-09-30T10:27:27","date_gmt":"2021-09-30T09:27:27","guid":{"rendered":"https:\/\/www.sgtmartinho.com\/?post_type=product&#038;p=3116"},"modified":"2024-02-12T16:51:30","modified_gmt":"2024-02-12T16:51:30","slug":"chaleira-hario-air","status":"publish","type":"product","link":"https:\/\/staging.sgtmartinho.com\/en\/loja\/chaleira-hario-air\/","title":{"rendered":"Chaleira Air Hario"},"content":{"rendered":"","protected":false},"excerpt":{"rendered":"<p>A V60 Drip Kettle Air \u00e9 ideal para quem est\u00e1 a come\u00e7ar \u00a0fazer caf\u00e9.<\/p>\n<p>O design facilita o derramamento, com uma sensa\u00e7\u00e3o surpreendentemente leve. Material transparente que permite ver o movimento da \u00e1gua. O tamanho compacto economiza espa\u00e7o durante o armazenamento.<\/p>\n<p>&#8220;Queremos que os nossos utilizadores desfrutem da prepara\u00e7\u00e3o de caf\u00e9 em casa&#8221;.<\/p>\n<p>Com este conceito, a Hario desenvolveu esta chaleira com diversas funcionalidades e qualidades das quais ir\u00e1 disfrutar.<\/p>\n<ol>\n<li>A surpreendente leveza e transpar\u00eancia permite aos utilizadores ver o n\u00edvel da \u00e1gua e ajud\u00e1-los a desfrutar da confe\u00e7\u00e3o de caf\u00e9 pour-over.<\/li>\n<li>O tamanho compacto e o pre\u00e7o razo\u00e1vel s\u00e3o adequados para os consumidores que est\u00e3o a iniciar e querem come\u00e7ar a fazer caf\u00e9 pour-over.<\/li>\n<li>Com a fun\u00e7\u00e3o de mem\u00f3ria, os utilizadores n\u00e3o precisam de confiar numa balan\u00e7a quando medem a quantidade de \u00e1gua.<\/li>\n<li>O seu tamanho compacto poupa espa\u00e7o na sua cozinha ou prateleira.<\/li>\n<li>A versatilidade da V60 Drip Kettle Air permite que seja usada para transportar qualquer tipo de l\u00edquido, como \u00e1gua, ch\u00e1, ou caf\u00e9.<\/li>\n<\/ol>\n<p>Vencedor do 2020 Good Design Award.<\/p>\n<p>&nbsp;<\/p>\n<p><strong>Detalhes do Produto:<br \/>\n<\/strong>VKA-35-TB<br \/>\nCor: Preto Transparente<br \/>\nCapacidade: Capacidade pr\u00e1tica 350ml<br \/>\nPeso (Incl. caixa): Aprox. 200g<\/p>\n<p>Materiais: Resina PCT<\/p>\n<p>&nbsp;<\/p>\n<p>Fabricado no Jap\u00e3o.<\/p>\n","protected":false},"featured_media":8180,"template":"","meta":[],"product_brand":[],"product_cat":[58,87],"product_tag":[],"class_list":{"0":"post-3116","1":"product","2":"type-product","3":"status-publish","4":"has-post-thumbnail","6":"brands-hario","7":"product_cat-equipamento","8":"product_cat-chaleiras","10":"first","11":"instock","12":"taxable","13":"shipping-taxable","14":"purchasable","15":"product-type-simple"},"_links":{"self":[{"href":"https:\/\/staging.sgtmartinho.com\/en\/wp-json\/wp\/v2\/product\/3116","targetHints":{"allow":["GET"]}}],"collection":[{"href":"https:\/\/staging.sgtmartinho.com\/en\/wp-json\/wp\/v2\/product"}],"about":[{"href":"https:\/\/staging.sgtmartinho.com\/en\/wp-json\/wp\/v2\/types\/product"}],"wp:featuredmedia":[{"embeddable":true,"href":"https:\/\/staging.sgtmartinho.com\/en\/wp-json\/wp\/v2\/media\/8180"}],"wp:attachment":[{"href":"https:\/\/staging.sgtmartinho.com\/en\/wp-json\/wp\/v2\/media?parent=3116"}],"wp:term":[{"taxonomy":"product_brand","embeddable":true,"href":"https:\/\/staging.sgtmartinho.com\/en\/wp-json\/wp\/v2\/product_brand?post=3116"},{"taxonomy":"product_cat","embeddable":true,"href":"https:\/\/staging.sgtmartinho.com\/en\/wp-json\/wp\/v2\/product_cat?post=3116"},{"taxonomy":"product_tag","embeddable":true,"href":"https:\/\/staging.sgtmartinho.com\/en\/wp-json\/wp\/v2\/product_tag?post=3116"}],"curies":[{"name":"wp","href":"https:\/\/api.w.org\/{rel}","templated":true}]}}