{"id":305,"date":"2020-10-12T17:41:10","date_gmt":"2020-10-12T16:41:10","guid":{"rendered":"https:\/\/www.sgtmartinho.com\/shop\/import-placeholder-for-cm\/"},"modified":"2024-02-12T16:51:21","modified_gmt":"2024-02-12T16:51:21","slug":"chemex-3-cup","status":"publish","type":"product","link":"https:\/\/staging.sgtmartinho.com\/en\/loja\/chemex-3-cup\/","title":{"rendered":"Chemex 3 Ch\u00e1venas"},"content":{"rendered":"<p>Peter Schlumbom desenhou a Chemex, conhecida pelo seu design intemporal e belo, em 1941. A Chemex foi selecionada como um dos produtos mais bem concebidos dos tempos modernos em 1956 pelo\u00a0<em>Illinois Institute of Technology<\/em>, e pertence \u00e0s cole\u00e7\u00f5es permanentes de museus mundialmente conhecidos, incluindo o MoMA e o Smithsonian.<\/p>\n<p>Peter Schlumbohm, que teve um doutoramento em qu\u00edmica, inspirou-se no formato e qualidade do equipamento de laborat\u00f3rio, especialmente do funil e do frasco\u00a0<em>Erlenmeyer<\/em>. Ao \u201cfunil\u201d acrescentou um canal de ar e um bico, e ao \u201cfrasco\u201d uma pequena protuber\u00e2ncia para marcar o ponto m\u00e9dio. A Chemex \u00e9 feita de vidro borossilicato que n\u00e3o absorve quaisquer odores ou res\u00edduos qu\u00edmicos. A capa de madeira com uma al\u00e7a de couro \u00e9 um detalhe funcional e agrad\u00e1vel visualmente, mas tamb\u00e9m \u00fatil para transportar o recipiente.<\/p>\n<p>A Chemex \u00e9 uma escolha ideal tanto para minimalistas como para aficionados do caf\u00e9.<\/p>\n","protected":false},"excerpt":{"rendered":"<p class=\"\">A cafeteira Chemex al\u00e9m de ter um design simples e elegante, corporifica uma ch\u00e1vena de caf\u00e9 incrivelmente refinada e saborosa.<\/p>\n<p class=\"\">Apenas precisa de caf\u00e9 mo\u00eddo, \u00e1gua a ferver, e filtros Chemex que pode encontrar <a href=\"https:\/\/staging.sgtmartinho.com\/loja\/filtros-chemex\/\">aqui<\/a>, para disfrutar do potencial do seu caf\u00e9.<\/p>\n<p>&nbsp;<\/p>\n<p class=\"\">A <em>3 Cup <\/em>Chemex tem capacidade para servir at\u00e9 3 ch\u00e1venas de caf\u00e9.<\/p>\n<p>Pode encontrar a <em>6 Cup<\/em> Chemex <a href=\"https:\/\/staging.sgtmartinho.com\/loja\/chemex-6-cup\/\">aqui<\/a>.<\/p>\n<p>&nbsp;<\/p>\n<p><strong>Detalhes do Produto:<br \/>\n<\/strong>CM-1C (3 Cup Chemex)<br \/>\nAltura: 22 cm<br \/>\nCapacidade: 0.44 litros<br \/>\nMaterial: Borossilicato de vidro, madeira, couro<\/p>\n<p>&nbsp;<\/p>\n<p>Instru\u00e7\u00f5es de manuten\u00e7\u00e3o: A garrafa de vidro pode ser lavada na m\u00e1quina de lavar lou\u00e7a.<\/p>\n","protected":false},"featured_media":8574,"template":"","meta":[],"product_brand":[],"product_cat":[58,84],"product_tag":[194,193,192],"class_list":{"0":"post-305","1":"product","2":"type-product","3":"status-publish","4":"has-post-thumbnail","6":"brands-chemex","7":"product_cat-equipamento","8":"product_cat-v60","9":"product_tag-filter-coffee-2","10":"product_tag-3-cup-chemex","11":"product_tag-chemex","13":"first","14":"instock","15":"taxable","16":"shipping-taxable","17":"purchasable","18":"product-type-simple"},"_links":{"self":[{"href":"https:\/\/staging.sgtmartinho.com\/en\/wp-json\/wp\/v2\/product\/305","targetHints":{"allow":["GET"]}}],"collection":[{"href":"https:\/\/staging.sgtmartinho.com\/en\/wp-json\/wp\/v2\/product"}],"about":[{"href":"https:\/\/staging.sgtmartinho.com\/en\/wp-json\/wp\/v2\/types\/product"}],"wp:featuredmedia":[{"embeddable":true,"href":"https:\/\/staging.sgtmartinho.com\/en\/wp-json\/wp\/v2\/media\/8574"}],"wp:attachment":[{"href":"https:\/\/staging.sgtmartinho.com\/en\/wp-json\/wp\/v2\/media?parent=305"}],"wp:term":[{"taxonomy":"product_brand","embeddable":true,"href":"https:\/\/staging.sgtmartinho.com\/en\/wp-json\/wp\/v2\/product_brand?post=305"},{"taxonomy":"product_cat","embeddable":true,"href":"https:\/\/staging.sgtmartinho.com\/en\/wp-json\/wp\/v2\/product_cat?post=305"},{"taxonomy":"product_tag","embeddable":true,"href":"https:\/\/staging.sgtmartinho.com\/en\/wp-json\/wp\/v2\/product_tag?post=305"}],"curies":[{"name":"wp","href":"https:\/\/api.w.org\/{rel}","templated":true}]}}